{"id":894,"date":"2019-11-14T10:53:32","date_gmt":"2019-11-14T09:53:32","guid":{"rendered":"https:\/\/quarterly-crossing.com\/?page_id=894"},"modified":"2024-09-02T18:36:27","modified_gmt":"2024-09-02T16:36:27","slug":"vorteile-der-mitgliedschaft","status":"publish","type":"page","link":"https:\/\/quarterly-crossing.com\/en\/vorteile-der-mitgliedschaft\/","title":{"rendered":"Vorteile der Mitgliedschaft"},"content":{"rendered":"<p>[et_pb_section fb_built=&#8220;1&#8243; fullwidth=&#8220;on&#8220; _builder_version=&#8220;3.24&#8243;][et_pb_fullwidth_header background_overlay_color=&#8220;rgba(0,0,0,0.12)&#8220; _builder_version=&#8220;4.0.7&#8243; title_font=&#8220;Playfair Display||||||||&#8220; title_text_align=&#8220;center&#8220; title_font_size=&#8220;60px&#8220; background_color=&#8220;#ffffff&#8220; background_image=&#8220;https:\/\/quarterly-crossing.com\/wp-content\/uploads\/2019\/06\/082SW.jpg&#8220; min_height=&#8220;292px&#8220;][\/et_pb_fullwidth_header][\/et_pb_section][et_pb_section fb_built=&#8220;1&#8243; _builder_version=&#8220;3.24&#8243;][et_pb_row make_equal=&#8220;on&#8220; _builder_version=&#8220;4.0.7&#8243; background_size=&#8220;initial&#8220; background_position=&#8220;top_left&#8220; background_repeat=&#8220;repeat&#8220; custom_margin=&#8220;|||&#8220; custom_padding=&#8220;|||&#8220; border_width_all=&#8220;10px&#8220; border_color_all=&#8220;rgba(0,0,0,0)&#8220; border_width_top=&#8220;0px&#8220; border_color_top=&#8220;#000000&#8243;][et_pb_column type=&#8220;4_4&#8243; _builder_version=&#8220;3.25&#8243; custom_padding=&#8220;25px||14px|&#8220; custom_padding__hover=&#8220;|||&#8220;][et_pb_text _builder_version=&#8220;4.1&#8243; text_font=&#8220;Trebuchet||||||||&#8220; text_text_color=&#8220;#555555&#8243; text_font_size=&#8220;17px&#8220; text_line_height=&#8220;1.8em&#8220; header_font=&#8220;Trebuchet||||||||&#8220; header_3_font=&#8220;|700|||||||&#8220; header_3_font_size=&#8220;34px&#8220; background_size=&#8220;initial&#8220; background_position=&#8220;top_left&#8220; background_repeat=&#8220;repeat&#8220; animation_style=&#8220;slide&#8220; animation_direction=&#8220;top&#8220; animation_intensity_slide=&#8220;4%&#8220;]<\/p>\n<h1 style=\"text-align: center;\"><strong>Vorteile der Mitgliedschaft<\/strong><\/h1>\n<p>&nbsp;<\/p>\n<p><span style=\"font-weight: 400;\">QX&#8217;ler*in zu sein bedeutet, in beruflichen und pers\u00f6nlichen Fragen auf ein belastbares Netzwerk bauen zu k\u00f6nnen. Die langfristige Begleitung durch den\/die pers\u00f6nlichen Ansprechpartner*in aus dem F\u00fchrungsteam von QX reicht vom freundschaftlichen Gespr\u00e4ch \u00fcber den professionellen Rat, insbesondere in Situationen, in denen man mit den eigenen Kolleg*innen nicht sprechen m\u00f6chte \u00a0\u00a0<\/span><span style=\"font-weight: 400;\">und \/ oder Freund*innen zuhause den Kontext nicht erfassen k\u00f6nnen. Dar\u00fcber hinaus bieten wir konkrete Begleitung beim Jobwechsel oder auch die Vermittlung eines hilfreichen Kontaktes, der die alles entscheidende Ver\u00e4nderung herbeif\u00fchren kann.<\/span><\/p>\n<p><span style=\"font-weight: 400;\">Mit den anderen QX&#8217;ler*innen er\u00f6ffnet sich ein exklusiver und gleichzeitig stetig wachsender Kreis, in dem Erfahrungen, Wissen und Anregungen zirkulieren und Rollen variieren. So hat jeder die M\u00f6glichkeit, im Rahmen des Austausches ebenso Impulse zu erhalten, wie Input zu geben.<\/span><\/p>\n<p>[\/et_pb_text][\/et_pb_column][\/et_pb_row][et_pb_row column_structure=&#8220;1_4,1_4,1_4,1_4&#8243; make_equal=&#8220;on&#8220; _builder_version=&#8220;4.0.7&#8243; background_size=&#8220;initial&#8220; background_position=&#8220;top_left&#8220; background_repeat=&#8220;repeat&#8220; custom_margin=&#8220;|||&#8220; custom_padding=&#8220;|||&#8220; border_width_all=&#8220;10px&#8220; border_color_all=&#8220;rgba(0,0,0,0)&#8220; border_width_top=&#8220;0px&#8220; border_color_top=&#8220;#000000&#8243;][et_pb_column type=&#8220;1_4&#8243; _builder_version=&#8220;3.25&#8243; custom_padding=&#8220;25px||14px|&#8220; custom_padding__hover=&#8220;|||&#8220;][et_pb_image src=&#8220;https:\/\/quarterly-crossing.com\/wp-content\/uploads\/2019\/12\/friends-talking.png&#8220; _builder_version=&#8220;4.0.7&#8243; width=&#8220;70%&#8220; module_alignment=&#8220;center&#8220;][\/et_pb_image][et_pb_text _builder_version=&#8220;4.0.7&#8243; text_font=&#8220;Montserrat|300|||||||&#8220; text_text_color=&#8220;#555555&#8243; text_font_size=&#8220;17px&#8220; text_line_height=&#8220;1.8em&#8220; header_font=&#8220;||||&#8220; header_3_font=&#8220;|700|||||||&#8220; header_3_font_size=&#8220;34px&#8220; header_4_font=&#8220;|600|||||||&#8220; header_4_font_size=&#8220;20px&#8220; background_size=&#8220;initial&#8220; background_position=&#8220;top_left&#8220; background_repeat=&#8220;repeat&#8220; max_width=&#8220;700px&#8220; animation_style=&#8220;slide&#8220; animation_direction=&#8220;top&#8220; animation_intensity_slide=&#8220;4%&#8220;]<\/p>\n<h4 style=\"text-align: left;\">Personal Mentoring<\/h4>\n<ul>\n<li style=\"text-align: left;\">Trustworthy guidance through all career stages.<\/li>\n<li style=\"text-align: left;\">Coaching-on-Demand<\/li>\n<\/ul>\n<p>[\/et_pb_text][\/et_pb_column][et_pb_column type=&#8220;1_4&#8243; _builder_version=&#8220;3.25&#8243; custom_padding=&#8220;25px||14px|&#8220; custom_padding__hover=&#8220;|||&#8220;][et_pb_image src=&#8220;https:\/\/quarterly-crossing.com\/wp-content\/uploads\/2019\/12\/crowd-of-users.png&#8220; _builder_version=&#8220;4.0.7&#8243; width=&#8220;69%&#8220; module_alignment=&#8220;center&#8220;][\/et_pb_image][et_pb_text _builder_version=&#8220;4.0.7&#8243; text_font=&#8220;Montserrat|300|||||||&#8220; text_text_color=&#8220;#555555&#8243; text_font_size=&#8220;17px&#8220; text_line_height=&#8220;1.8em&#8220; header_font=&#8220;||||&#8220; header_3_font=&#8220;|700|||||||&#8220; header_3_font_size=&#8220;34px&#8220; header_4_font=&#8220;|600|||||||&#8220; header_4_font_size=&#8220;20px&#8220; background_size=&#8220;initial&#8220; background_position=&#8220;top_left&#8220; background_repeat=&#8220;repeat&#8220; max_width=&#8220;700px&#8220; animation_style=&#8220;slide&#8220; animation_direction=&#8220;top&#8220; animation_intensity_slide=&#8220;4%&#8220;]<\/p>\n<h4 style=\"text-align: left;\">Events, Seminars &amp; Conferences<\/h4>\n<ul>\n<li style=\"text-align: left;\">70 Veranstaltungen j\u00e4hrlich, regional &amp; \u00fcberregional. Erfahre <a href=\"https:\/\/quarterly-crossing.com\/en\/netzwerkformate\/\">here<\/a> Learn more about our formats<\/li>\n<\/ul>\n<p>[\/et_pb_text][\/et_pb_column][et_pb_column type=&#8220;1_4&#8243; _builder_version=&#8220;3.25&#8243; custom_padding=&#8220;25px||14px|&#8220; custom_padding__hover=&#8220;|||&#8220;][et_pb_image src=&#8220;https:\/\/quarterly-crossing.com\/wp-content\/uploads\/2019\/12\/exchange.png&#8220; _builder_version=&#8220;4.0.7&#8243; width=&#8220;70%&#8220; module_alignment=&#8220;center&#8220;][\/et_pb_image][et_pb_text _builder_version=&#8220;4.0.7&#8243; text_font=&#8220;Montserrat|300|||||||&#8220; text_text_color=&#8220;#555555&#8243; text_font_size=&#8220;17px&#8220; text_line_height=&#8220;1.8em&#8220; header_font=&#8220;||||&#8220; header_3_font=&#8220;|700|||||||&#8220; header_3_font_size=&#8220;34px&#8220; header_4_font=&#8220;|600|||||||&#8220; header_4_font_size=&#8220;20px&#8220; background_size=&#8220;initial&#8220; background_position=&#8220;top_left&#8220; background_repeat=&#8220;repeat&#8220; max_width=&#8220;700px&#8220; animation_style=&#8220;slide&#8220; animation_direction=&#8220;top&#8220; animation_intensity_slide=&#8220;4%&#8220;]<\/p>\n<h4 style=\"text-align: left;\">Intros-on-Demand<\/h4>\n<ul>\n<li style=\"text-align: left;\">geziehlte Eins-zu-Eins Vorstellung unter QX\u2019ler*innen<\/li>\n<\/ul>\n<p>[\/et_pb_text][\/et_pb_column][et_pb_column type=&#8220;1_4&#8243; _builder_version=&#8220;3.25&#8243; custom_padding=&#8220;25px||14px|&#8220; custom_padding__hover=&#8220;|||&#8220;][et_pb_image src=&#8220;https:\/\/quarterly-crossing.com\/wp-content\/uploads\/2019\/12\/cityscape.png&#8220; _builder_version=&#8220;4.0.7&#8243; width=&#8220;70%&#8220; module_alignment=&#8220;center&#8220;][\/et_pb_image][et_pb_text _builder_version=&#8220;4.0.7&#8243; text_font=&#8220;Montserrat|300|||||||&#8220; text_text_color=&#8220;#555555&#8243; text_font_size=&#8220;17px&#8220; text_line_height=&#8220;1.8em&#8220; header_font=&#8220;||||&#8220; header_3_font=&#8220;|700|||||||&#8220; header_3_font_size=&#8220;34px&#8220; header_4_font=&#8220;|600|||||||&#8220; header_4_font_size=&#8220;20px&#8220; background_size=&#8220;initial&#8220; background_position=&#8220;top_left&#8220; background_repeat=&#8220;repeat&#8220; max_width=&#8220;700px&#8220; animation_style=&#8220;slide&#8220; animation_direction=&#8220;top&#8220; animation_intensity_slide=&#8220;4%&#8220;]<\/p>\n<h4>City Circles<\/h4>\n<ul>\n<li>lokale Austauschformate in St\u00e4dten mit mehr als 15 OX\u2019ler*innen<\/li>\n<\/ul>\n<p>[\/et_pb_text][\/et_pb_column][\/et_pb_row][et_pb_row column_structure=&#8220;1_4,1_4,1_4,1_4&#8243; make_equal=&#8220;on&#8220; _builder_version=&#8220;4.0.6&#8243; background_size=&#8220;initial&#8220; background_position=&#8220;top_left&#8220; background_repeat=&#8220;repeat&#8220; custom_margin=&#8220;|||&#8220; custom_padding=&#8220;|||&#8220; border_width_all=&#8220;10px&#8220; border_color_all=&#8220;rgba(0,0,0,0)&#8220; border_width_top=&#8220;0px&#8220; border_color_top=&#8220;#000000&#8243;][et_pb_column type=&#8220;1_4&#8243; _builder_version=&#8220;3.25&#8243; custom_padding=&#8220;25px||14px|&#8220; custom_padding__hover=&#8220;|||&#8220;][et_pb_image src=&#8220;https:\/\/quarterly-crossing.com\/wp-content\/uploads\/2019\/12\/user.png&#8220; _builder_version=&#8220;4.0.7&#8243; width=&#8220;70%&#8220; module_alignment=&#8220;center&#8220;][\/et_pb_image][et_pb_text _builder_version=&#8220;4.0.7&#8243; text_font=&#8220;Montserrat|300|||||||&#8220; text_text_color=&#8220;#555555&#8243; text_font_size=&#8220;17px&#8220; text_line_height=&#8220;1.8em&#8220; header_font=&#8220;||||&#8220; header_3_font=&#8220;|700|||||||&#8220; header_3_font_size=&#8220;34px&#8220; header_4_font=&#8220;|600|||||||&#8220; header_4_font_size=&#8220;20px&#8220; background_size=&#8220;initial&#8220; background_position=&#8220;top_left&#8220; background_repeat=&#8220;repeat&#8220; max_width=&#8220;700px&#8220; animation_style=&#8220;slide&#8220; animation_direction=&#8220;top&#8220; animation_intensity_slide=&#8220;4%&#8220;]<\/p>\n<h4>Karriere-Services<\/h4>\n<ul>\n<li>Perspektive Gespr\u00e4che, (Bewerbungs-) Coaching, exklusive Karrierem\u00f6glichkeiten<\/li>\n<\/ul>\n<p>[\/et_pb_text][\/et_pb_column][et_pb_column type=&#8220;1_4&#8243; _builder_version=&#8220;3.25&#8243; custom_padding=&#8220;25px||14px|&#8220; custom_padding__hover=&#8220;|||&#8220;][et_pb_image src=&#8220;https:\/\/quarterly-crossing.com\/wp-content\/uploads\/2019\/12\/graduation-cap.png&#8220; _builder_version=&#8220;4.0.7&#8243; width=&#8220;70%&#8220; module_alignment=&#8220;center&#8220;][\/et_pb_image][et_pb_text _builder_version=&#8220;4.0.7&#8243; text_font=&#8220;Montserrat|300|||||||&#8220; text_text_color=&#8220;#555555&#8243; text_font_size=&#8220;17px&#8220; text_line_height=&#8220;1.8em&#8220; header_font=&#8220;||||&#8220; header_3_font=&#8220;|700|||||||&#8220; header_3_font_size=&#8220;34px&#8220; header_4_font=&#8220;|600|||||||&#8220; header_4_font_size=&#8220;20px&#8220; background_size=&#8220;initial&#8220; background_position=&#8220;top_left&#8220; background_repeat=&#8220;repeat&#8220; max_width=&#8220;700px&#8220; animation_style=&#8220;slide&#8220; animation_direction=&#8220;top&#8220; animation_intensity_slide=&#8220;4%&#8220;]<\/p>\n<h4>Leadership Academy<\/h4>\n<ul>\n<li>Leadership-, Business\u2013, Methoden\u2013F\u00e4higkeiten &amp; Soft-Skills<\/li>\n<li>online &amp; offline\/<br \/> Peer Sparring &amp; Themenzentrierter Austausch<\/li>\n<\/ul>\n<p>[\/et_pb_text][\/et_pb_column][et_pb_column type=&#8220;1_4&#8243; _builder_version=&#8220;3.25&#8243; custom_padding=&#8220;25px||14px|&#8220; custom_padding__hover=&#8220;|||&#8220;][et_pb_image src=&#8220;https:\/\/quarterly-crossing.com\/wp-content\/uploads\/2019\/12\/leaf.png&#8220; _builder_version=&#8220;4.0.7&#8243; width=&#8220;70%&#8220; module_alignment=&#8220;center&#8220;][\/et_pb_image][et_pb_text _builder_version=&#8220;4.0.7&#8243; text_font=&#8220;Montserrat|300|||||||&#8220; text_text_color=&#8220;#555555&#8243; text_font_size=&#8220;17px&#8220; text_line_height=&#8220;1.8em&#8220; header_font=&#8220;||||&#8220; header_3_font=&#8220;|700|||||||&#8220; header_3_font_size=&#8220;34px&#8220; header_4_font=&#8220;|600|||||||&#8220; header_4_font_size=&#8220;20px&#8220; background_size=&#8220;initial&#8220; background_position=&#8220;top_left&#8220; background_repeat=&#8220;repeat&#8220; max_width=&#8220;700px&#8220; animation_style=&#8220;slide&#8220; animation_direction=&#8220;top&#8220; animation_intensity_slide=&#8220;4%&#8220;]<\/p>\n<h4>M&amp;A &amp; Beteiliungsservice<\/h4>\n<ul>\n<li>gezielte Vernetzung unternehmerischer QX\u2019ler*innen,<br \/> Gr\u00fcnder*innen und Investor*innen<\/li>\n<\/ul>\n<p>[\/et_pb_text][\/et_pb_column][et_pb_column type=&#8220;1_4&#8243; _builder_version=&#8220;3.25&#8243; custom_padding=&#8220;25px||14px|&#8220; custom_padding__hover=&#8220;|||&#8220;][et_pb_image src=&#8220;https:\/\/quarterly-crossing.com\/wp-content\/uploads\/2019\/12\/museum.png&#8220; _builder_version=&#8220;4.0.7&#8243; width=&#8220;70%&#8220; module_alignment=&#8220;center&#8220;][\/et_pb_image][et_pb_text _builder_version=&#8220;4.0.7&#8243; text_font=&#8220;Montserrat|300|||||||&#8220; text_text_color=&#8220;#555555&#8243; text_font_size=&#8220;17px&#8220; text_line_height=&#8220;1.8em&#8220; header_font=&#8220;||||&#8220; header_3_font=&#8220;|700|||||||&#8220; header_3_font_size=&#8220;34px&#8220; header_4_font=&#8220;|600|||||||&#8220; header_4_font_size=&#8220;20px&#8220; background_size=&#8220;initial&#8220; background_position=&#8220;top_left&#8220; background_repeat=&#8220;repeat&#8220; max_width=&#8220;700px&#8220; animation_style=&#8220;slide&#8220; animation_direction=&#8220;top&#8220; animation_intensity_slide=&#8220;4%&#8220;]<\/p>\n<h4>QX-Manor<\/h4>\n<ul>\n<li>Carte Blanche access to all facilities, including open bars, accommodations, fitness, and wellness areas.<\/li>\n<\/ul>\n<p>[\/et_pb_text][\/et_pb_column][\/et_pb_row][et_pb_row _builder_version=&#8220;4.1&#8243;][et_pb_column type=&#8220;4_4&#8243; _builder_version=&#8220;4.1&#8243;][et_pb_button button_url=&#8220;https:\/\/quarterly-crossing.com\/jetzt-mitglied-werden\/&#8220; button_text=&#8220;Jetzt Mitglied werden!&#8220; button_alignment=&#8220;center&#8220; _builder_version=&#8220;4.1&#8243; custom_button=&#8220;on&#8220; button_text_size=&#8220;15px&#8220; button_text_color=&#8220;#ffffff&#8220; button_bg_color=&#8220;#000000&#8243; button_border_width=&#8220;2px&#8220; button_border_color=&#8220;rgba(0,0,0,0)&#8220; button_border_radius=&#8220;0px&#8220; button_letter_spacing=&#8220;2px&#8220; button_font=&#8220;Montserrat|||on|&#8220; button_use_icon=&#8220;off&#8220; animation_style=&#8220;zoom&#8220; animation_intensity_zoom=&#8220;20%&#8220; box_shadow_style=&#8220;preset1&#8243; button_letter_spacing_hover=&#8220;2px&#8220; locked=&#8220;off&#8220; button_text_size__hover_enabled=&#8220;off&#8220; button_one_text_size__hover_enabled=&#8220;off&#8220; button_two_text_size__hover_enabled=&#8220;off&#8220; button_text_color__hover_enabled=&#8220;off&#8220; button_one_text_color__hover_enabled=&#8220;off&#8220; button_two_text_color__hover_enabled=&#8220;off&#8220; button_border_width__hover_enabled=&#8220;off&#8220; button_one_border_width__hover_enabled=&#8220;off&#8220; button_two_border_width__hover_enabled=&#8220;off&#8220; button_border_color__hover_enabled=&#8220;off&#8220; button_one_border_color__hover_enabled=&#8220;off&#8220; button_two_border_color__hover_enabled=&#8220;off&#8220; button_border_radius__hover_enabled=&#8220;off&#8220; button_one_border_radius__hover_enabled=&#8220;off&#8220; button_two_border_radius__hover_enabled=&#8220;off&#8220; button_letter_spacing__hover_enabled=&#8220;on&#8220; button_letter_spacing__hover=&#8220;4px&#8220; button_one_letter_spacing__hover_enabled=&#8220;off&#8220; button_two_letter_spacing__hover_enabled=&#8220;off&#8220; button_bg_color__hover_enabled=&#8220;off&#8220; button_one_bg_color__hover_enabled=&#8220;off&#8220; button_two_bg_color__hover_enabled=&#8220;off&#8220;][\/et_pb_button][\/et_pb_column][\/et_pb_row][\/et_pb_section][et_pb_section fb_built=&#8220;1&#8243; _builder_version=&#8220;4.0.7&#8243; background_color=&#8220;#000000&#8243; locked=&#8220;off&#8220;][\/et_pb_section]<\/p>","protected":false},"excerpt":{"rendered":"<p>Vorteile der Mitgliedschaft &nbsp; QX&#8217;ler*in zu sein bedeutet, in beruflichen und pers\u00f6nlichen Fragen auf ein belastbares Netzwerk bauen zu k\u00f6nnen. Die langfristige Begleitung durch den\/die pers\u00f6nlichen Ansprechpartner*in aus dem F\u00fchrungsteam von QX reicht vom freundschaftlichen Gespr\u00e4ch \u00fcber den professionellen Rat, insbesondere in Situationen, in denen man mit den eigenen Kolleg*innen nicht sprechen m\u00f6chte \u00a0\u00a0und \/ [&hellip;]<\/p>","protected":false},"author":1,"featured_media":0,"parent":0,"menu_order":0,"comment_status":"closed","ping_status":"closed","template":"","meta":{"_et_pb_use_builder":"on","_et_pb_old_content":"<!-- wp:divi\/placeholder \/-->","_et_gb_content_width":""},"_links":{"self":[{"href":"https:\/\/quarterly-crossing.com\/en\/wp-json\/wp\/v2\/pages\/894"}],"collection":[{"href":"https:\/\/quarterly-crossing.com\/en\/wp-json\/wp\/v2\/pages"}],"about":[{"href":"https:\/\/quarterly-crossing.com\/en\/wp-json\/wp\/v2\/types\/page"}],"author":[{"embeddable":true,"href":"https:\/\/quarterly-crossing.com\/en\/wp-json\/wp\/v2\/users\/1"}],"replies":[{"embeddable":true,"href":"https:\/\/quarterly-crossing.com\/en\/wp-json\/wp\/v2\/comments?post=894"}],"version-history":[{"count":0,"href":"https:\/\/quarterly-crossing.com\/en\/wp-json\/wp\/v2\/pages\/894\/revisions"}],"wp:attachment":[{"href":"https:\/\/quarterly-crossing.com\/en\/wp-json\/wp\/v2\/media?parent=894"}],"curies":[{"name":"wp","href":"https:\/\/api.w.org\/{rel}","templated":true}]}}