{"id":889,"date":"2019-11-14T10:41:12","date_gmt":"2019-11-14T09:41:12","guid":{"rendered":"https:\/\/quarterly-crossing.com\/?page_id=889"},"modified":"2024-06-12T10:02:38","modified_gmt":"2024-06-12T08:02:38","slug":"jetzt-mitglied-werden","status":"publish","type":"page","link":"https:\/\/quarterly-crossing.com\/en\/jetzt-mitglied-werden\/","title":{"rendered":"Become a Member!"},"content":{"rendered":"<p>[et_pb_section fb_built=&#8220;1&#8243; fullwidth=&#8220;on&#8220; _builder_version=&#8220;3.24&#8243;][et_pb_fullwidth_header background_overlay_color=&#8220;rgba(0,0,0,0.12)&#8220; _builder_version=&#8220;4.0.7&#8243; title_font=&#8220;Playfair Display||||||||&#8220; title_text_align=&#8220;center&#8220; title_font_size=&#8220;60px&#8220; background_color=&#8220;#ffffff&#8220; background_image=&#8220;https:\/\/quarterly-crossing.com\/wp-content\/uploads\/2019\/06\/082SW.jpg&#8220; min_height=&#8220;292px&#8220;][\/et_pb_fullwidth_header][\/et_pb_section][et_pb_section fb_built=&#8220;1&#8243; _builder_version=&#8220;3.24&#8243;][et_pb_row make_equal=&#8220;on&#8220; _builder_version=&#8220;4.0.6&#8243; background_size=&#8220;initial&#8220; background_position=&#8220;top_left&#8220; background_repeat=&#8220;repeat&#8220; custom_margin=&#8220;|||&#8220; custom_padding=&#8220;|||&#8220; border_width_all=&#8220;10px&#8220; border_color_all=&#8220;rgba(0,0,0,0)&#8220; border_width_top=&#8220;0px&#8220; border_color_top=&#8220;#000000&#8243;][et_pb_column type=&#8220;4_4&#8243; _builder_version=&#8220;3.25&#8243; custom_padding=&#8220;25px||14px|&#8220; custom_padding__hover=&#8220;|||&#8220;][et_pb_text _builder_version=&#8220;4.4.0&#8243; text_font=&#8220;Trebuchet||||||||&#8220; text_text_color=&#8220;#555555&#8243; text_font_size=&#8220;17px&#8220; text_line_height=&#8220;1.8em&#8220; header_font=&#8220;||||&#8220; header_3_font=&#8220;|700|||||||&#8220; header_3_font_size=&#8220;34px&#8220; background_size=&#8220;initial&#8220; background_position=&#8220;top_left&#8220; background_repeat=&#8220;repeat&#8220; max_width=&#8220;80%&#8220; module_alignment=&#8220;center&#8220; animation_style=&#8220;slide&#8220; animation_direction=&#8220;top&#8220; animation_intensity_slide=&#8220;4%&#8220;]<\/p>\n<h1 style=\"text-align: center;\">Become a Member!<\/h1>\n<p>&nbsp;<\/p>\n<p style=\"text-align: center;\" class=\"translation-block\">Applications (CV and complete transcripts) can be submitted year-round as a single PDF file. <a href=\"mailto:membership@quarterly-crossing.com?subject=QXAnfrageausdemMitglieder-werden-Bereich\" target=\"_self\">membership@quarterly-crossing.com<\/a>\u00a0<\/strong><\/p>\n<p>[\/et_pb_text][et_pb_button button_url=&#8220;mailto:membership@quarterly-crossing.com&#8220; button_text=&#8220;Jetzt bewerben&#8220; button_alignment=&#8220;center&#8220; _builder_version=&#8220;4.4.0&#8243; custom_button=&#8220;on&#8220; button_text_color=&#8220;#000000&#8243; button_icon=&#8220;%%32%%&#8220;][\/et_pb_button][\/et_pb_column][\/et_pb_row][\/et_pb_section][et_pb_section fb_built=&#8220;1&#8243; _builder_version=&#8220;4.4.0&#8243;][et_pb_row column_structure=&#8220;1_3,1_3,1_3&#8243; _builder_version=&#8220;4.4.0&#8243; module_alignment=&#8220;center&#8220; custom_margin=&#8220;|||220px|false|false&#8220;][et_pb_column type=&#8220;1_3&#8243; _builder_version=&#8220;4.4.0&#8243;][et_pb_button button_url=&#8220;https:\/\/quarterly-crossing.com\/qx-manor\/&#8220; button_text=&#8220;QX-Manor&#8220; button_alignment=&#8220;center&#8220; _builder_version=&#8220;4.4.0&#8243; custom_button=&#8220;on&#8220; button_text_color=&#8220;#000000&#8243; button_bg_color=&#8220;#ffffff&#8220; button_border_radius=&#8220;3px&#8220; button_font=&#8220;Trebuchet|600|||||||&#8220; animation_style=&#8220;fade&#8220;][\/et_pb_button][\/et_pb_column][et_pb_column type=&#8220;1_3&#8243; _builder_version=&#8220;4.4.0&#8243;][et_pb_button button_url=&#8220;https:\/\/quarterly-crossing.com\/vorteile-der-mitgliedschaft\/&#8220; button_text=&#8220;QX-Mitgliedschaft&#8220; button_alignment=&#8220;center&#8220; _builder_version=&#8220;4.4.0&#8243; custom_button=&#8220;on&#8220; button_text_color=&#8220;#000000&#8243; button_border_radius=&#8220;3px&#8220; button_letter_spacing=&#8220;0px&#8220; button_font=&#8220;Trebuchet|600|||||||&#8220; animation_style=&#8220;fade&#8220;][\/et_pb_button][\/et_pb_column][et_pb_column type=&#8220;1_3&#8243; _builder_version=&#8220;4.4.0&#8243;][et_pb_button button_url=&#8220;https:\/\/quarterly-crossing.com\/recruitment-placements\/&#8220; button_text=&#8220;Executive Search&#8220; button_alignment=&#8220;center&#8220; _builder_version=&#8220;4.4.0&#8243; custom_button=&#8220;on&#8220; button_text_color=&#8220;#000000&#8243; button_border_radius=&#8220;3px&#8220; button_letter_spacing=&#8220;0px&#8220; button_font=&#8220;Trebuchet|600|||||||&#8220;][\/et_pb_button][\/et_pb_column][\/et_pb_row][\/et_pb_section]<\/p>","protected":false},"excerpt":{"rendered":"<p>Mitglied werden! &nbsp; Bewerbungen\u00a0(CV sowie vollst\u00e4ndige Zeugnisse) k\u00f6nnen ganzj\u00e4hrig als einzelne PDF-Datei \u00fcber\u00a0membership@quarterly-crossing.com\u00a0abgegeben werden.<\/p>","protected":false},"author":1,"featured_media":0,"parent":0,"menu_order":0,"comment_status":"closed","ping_status":"closed","template":"","meta":{"_et_pb_use_builder":"on","_et_pb_old_content":"<!-- wp:divi\/placeholder \/-->","_et_gb_content_width":""},"_links":{"self":[{"href":"https:\/\/quarterly-crossing.com\/en\/wp-json\/wp\/v2\/pages\/889"}],"collection":[{"href":"https:\/\/quarterly-crossing.com\/en\/wp-json\/wp\/v2\/pages"}],"about":[{"href":"https:\/\/quarterly-crossing.com\/en\/wp-json\/wp\/v2\/types\/page"}],"author":[{"embeddable":true,"href":"https:\/\/quarterly-crossing.com\/en\/wp-json\/wp\/v2\/users\/1"}],"replies":[{"embeddable":true,"href":"https:\/\/quarterly-crossing.com\/en\/wp-json\/wp\/v2\/comments?post=889"}],"version-history":[{"count":0,"href":"https:\/\/quarterly-crossing.com\/en\/wp-json\/wp\/v2\/pages\/889\/revisions"}],"wp:attachment":[{"href":"https:\/\/quarterly-crossing.com\/en\/wp-json\/wp\/v2\/media?parent=889"}],"curies":[{"name":"wp","href":"https:\/\/api.w.org\/{rel}","templated":true}]}}