{"id":5185,"date":"2026-02-19T18:28:19","date_gmt":"2026-02-19T17:28:19","guid":{"rendered":"https:\/\/quarterly-crossing.com\/?page_id=5185"},"modified":"2026-02-19T18:55:57","modified_gmt":"2026-02-19T17:55:57","slug":"strategic-leadership-advisory","status":"publish","type":"page","link":"https:\/\/quarterly-crossing.com\/en\/strategic-leadership-advisory\/","title":{"rendered":"Strategic Leadership Advisory"},"content":{"rendered":"<p>[et_pb_section fb_built=&#8220;1&#8243; _builder_version=&#8220;4.16&#8243; global_colors_info=&#8220;{}&#8220;][et_pb_row make_equal=&#8220;on&#8220; _builder_version=&#8220;4.16&#8243; background_size=&#8220;initial&#8220; background_position=&#8220;top_left&#8220; background_repeat=&#8220;repeat&#8220; custom_margin=&#8220;|||&#8220; custom_padding=&#8220;|||&#8220; border_width_all=&#8220;10px&#8220; border_color_all=&#8220;rgba(0,0,0,0)&#8220; global_colors_info=&#8220;{}&#8220;][et_pb_column type=&#8220;4_4&#8243; _builder_version=&#8220;4.16&#8243; custom_padding=&#8220;25px||14px|&#8220; global_colors_info=&#8220;{}&#8220; custom_padding__hover=&#8220;|||&#8220;][et_pb_text _builder_version=&#8220;4.27.4&#8243; text_font=&#8220;Trebuchet||||||||&#8220; text_text_color=&#8220;#555555&#8243; text_font_size=&#8220;17px&#8220; text_line_height=&#8220;1.8em&#8220; header_font=&#8220;||||&#8220; background_size=&#8220;initial&#8220; background_position=&#8220;top_left&#8220; background_repeat=&#8220;repeat&#8220; min_height=&#8220;546px&#8220; custom_padding=&#8220;||0px|8px||&#8220; animation_style=&#8220;slide&#8220; animation_direction=&#8220;top&#8220; animation_intensity_slide=&#8220;4%&#8220; inline_fonts=&#8220;Trebuchet&#8220; global_colors_info=&#8220;{}&#8220;]<\/p>\n<h1 style=\"text-align: center;\"><strong>Culture &amp; Future Architecture for Performance<\/strong><\/h1>\n<p><strong><\/strong><\/p>\n<p><span>In Zeiten permanenter Transformation entscheidet sich Performance \u00fcber die Energie einer Organisation. Denn Performance folgt Energie. Und Energie entsteht durch Kultur.<\/span><\/p>\n<p><span>M\u00e4rkte beschleunigen.<br \/>Technologie skaliert.<br \/>KI demokratisiert Wissen.<\/span><\/p>\n<p><span>Differenzierung entsteht dort, wo Technologie nicht kopierbar ist:<\/span><\/p>\n<p><span>Leadership.<br \/>Kultur.<br \/>Bindungskraft.<\/span><\/p>\n<h1 style=\"text-align: center;\"><strong>QX Leadership Advisory<\/strong><\/h1>\n<p><span style=\"font-weight: 400;\">QX Leadership Advisory richtet sich an Unternehmen, die verstehen: Kultur ist keine weiche Dimension, sondern strategische Infrastruktur.<\/span><\/p>\n<p><span style=\"font-weight: 400;\">Wir begleiten Eigent\u00fcmer, Vorst\u00e4nde und Gesch\u00e4ftsf\u00fchrungen dabei,<\/span><\/p>\n<ul>\n<li style=\"font-weight: 400;\" aria-level=\"1\"><span style=\"font-weight: 400;\">Leadership-Paradigmen 2030+ vorausschauend zu gestalten<\/span><\/li>\n<li style=\"font-weight: 400;\" aria-level=\"1\"><span style=\"font-weight: 400;\">Signature Moves systemisch in Strukturen, Entscheidungsprozesse und Alltag zu integrieren<\/span><\/li>\n<li style=\"font-weight: 400;\" aria-level=\"1\"><span style=\"font-weight: 400;\">Kultur als Performance-Treiber und operative Energiequelle zu verankern<\/span><\/li>\n<li style=\"font-weight: 400;\" aria-level=\"1\"><span style=\"font-weight: 400;\">Organisationen zu \u201eCommunities of Soul\u201c zu entwickeln<\/span><\/li>\n<li style=\"font-weight: 400;\" aria-level=\"1\"><span style=\"font-weight: 400;\">nachhaltige Leistungsf\u00e4higkeit durch Bindungskraft zu erm\u00f6glichen<\/span><\/li>\n<\/ul>\n<p><span style=\"font-weight: 400;\"><strong>Warum QX?<\/strong><\/span><\/p>\n<p><span style=\"font-weight: 400;\">Seit \u00fcber drei Jahrzehnten begleiten wir reale F\u00fchrungspers\u00f6nlichkeiten durch Wendepunkte, Transformationen und Generationswechsel.<\/span><\/p>\n<p><span style=\"font-weight: 400;\">Unsere Arbeit basiert auf longitudinaler Leadership-Prim\u00e4rforschung:<\/span><\/p>\n<p><span style=\"font-weight: 400;\">2.500+ Pers\u00f6nlichkeiten.<br \/>Karrieren \u00fcber Jahrzehnte hinweg.<br \/>Transformationen in Echtzeit.<\/span><\/p>\n<p><span style=\"font-weight: 400;\">Diese Tiefe erm\u00f6glicht es uns, Leadership-Paradigmen pr\u00e4zise vorauszudenken und in unternehmerische Realit\u00e4t zu \u00fcbersetzen.<\/span><\/p>\n<p><span style=\"font-weight: 400;\"><strong>Unser Ansatz<\/strong><\/span><\/p>\n<p><span style=\"font-weight: 400;\">Wir verbinden:<\/span><\/p>\n<ul>\n<li style=\"font-weight: 400;\" aria-level=\"1\"><span style=\"font-weight: 400;\">Diagnostik (Resonanz- und Kulturmuster)<\/span><\/li>\n<li style=\"font-weight: 400;\" aria-level=\"1\"><span style=\"font-weight: 400;\">Executive Sparring auf Augenh\u00f6he<\/span><\/li>\n<li style=\"font-weight: 400;\" aria-level=\"1\"><span style=\"font-weight: 400;\">Kulturarchitektur und Systemdesign<\/span><\/li>\n<li style=\"font-weight: 400;\" aria-level=\"1\"><span style=\"font-weight: 400;\">Leadership Design entlang der Signature Moves<\/span><\/li>\n<li style=\"font-weight: 400;\" aria-level=\"1\"><span style=\"font-weight: 400;\">Future-Readiness Frameworks f\u00fcr Human x AI Organisationen<\/span><\/li>\n<\/ul>\n<p><span style=\"font-weight: 400;\">Wir gestalten die Systemenergie, aus der Performance entsteht.<\/span><\/p>\n<p><span style=\"font-weight: 400;\"><strong>Typische Mandate<\/strong><\/span><\/p>\n<ul>\n<li style=\"font-weight: 400;\" aria-level=\"1\"><span style=\"font-weight: 400;\">Neuausrichtung von F\u00fchrungsleitbildern<\/span><\/li>\n<li style=\"font-weight: 400;\" aria-level=\"1\"><span style=\"font-weight: 400;\">Kulturarchitektur in Restrukturierungs- oder Private-Equity-Phasen<\/span><\/li>\n<li style=\"font-weight: 400;\" aria-level=\"1\"><span style=\"font-weight: 400;\">Vorbereitung und Begleitung von Generationswechseln<\/span><\/li>\n<li style=\"font-weight: 400;\" aria-level=\"1\"><span style=\"font-weight: 400;\">Integration von KI in Leadership- und Entscheidungsarchitekturen<\/span><\/li>\n<li style=\"font-weight: 400;\" aria-level=\"1\"><span style=\"font-weight: 400;\">Aufbau einer community-basierten F\u00fchrungskultur<\/span><\/li>\n<\/ul>\n<p><span style=\"font-weight: 400;\"><strong>Unser Credo<\/strong><\/span><\/p>\n<p><span style=\"font-weight: 400;\">Kultur wird entscheiden.<br \/>Nicht was Unternehmen sagen, sondern was Menschen t\u00e4glich erleben.<\/span><\/p>\n<p><span style=\"font-weight: 400;\">Performance folgt Energie. Und Energie entsteht durch F\u00fchrung.<\/span><\/p>\n<p>[\/et_pb_text][\/et_pb_column][\/et_pb_row][\/et_pb_section]<\/p>","protected":false},"excerpt":{"rendered":"<p>Culture &amp; Future Architecture for Performance In Zeiten permanenter Transformation entscheidet sich Performance \u00fcber die Energie einer Organisation. Denn Performance folgt Energie. Und Energie entsteht durch Kultur. M\u00e4rkte beschleunigen.Technologie skaliert.KI demokratisiert Wissen. Differenzierung entsteht dort, wo Technologie nicht kopierbar ist: Leadership.Kultur.Bindungskraft. QX Leadership Advisory QX Leadership Advisory richtet sich an Unternehmen, die verstehen: Kultur ist [&hellip;]<\/p>","protected":false},"author":7,"featured_media":0,"parent":0,"menu_order":0,"comment_status":"closed","ping_status":"closed","template":"","meta":{"_et_pb_use_builder":"on","_et_pb_old_content":"<!-- wp:divi\/placeholder -->\n[et_pb_section][et_pb_row][et_pb_column type=\"4_4\"][et_pb_text][\/et_pb_text][\/et_pb_column][\/et_pb_row][\/et_pb_section]\n<!-- \/wp:divi\/placeholder -->","_et_gb_content_width":""},"_links":{"self":[{"href":"https:\/\/quarterly-crossing.com\/en\/wp-json\/wp\/v2\/pages\/5185"}],"collection":[{"href":"https:\/\/quarterly-crossing.com\/en\/wp-json\/wp\/v2\/pages"}],"about":[{"href":"https:\/\/quarterly-crossing.com\/en\/wp-json\/wp\/v2\/types\/page"}],"author":[{"embeddable":true,"href":"https:\/\/quarterly-crossing.com\/en\/wp-json\/wp\/v2\/users\/7"}],"replies":[{"embeddable":true,"href":"https:\/\/quarterly-crossing.com\/en\/wp-json\/wp\/v2\/comments?post=5185"}],"version-history":[{"count":4,"href":"https:\/\/quarterly-crossing.com\/en\/wp-json\/wp\/v2\/pages\/5185\/revisions"}],"predecessor-version":[{"id":5196,"href":"https:\/\/quarterly-crossing.com\/en\/wp-json\/wp\/v2\/pages\/5185\/revisions\/5196"}],"wp:attachment":[{"href":"https:\/\/quarterly-crossing.com\/en\/wp-json\/wp\/v2\/media?parent=5185"}],"curies":[{"name":"wp","href":"https:\/\/api.w.org\/{rel}","templated":true}]}}