{"id":5156,"date":"2025-12-09T17:01:54","date_gmt":"2025-12-09T16:01:54","guid":{"rendered":"https:\/\/quarterly-crossing.com\/?page_id=5156"},"modified":"2025-12-10T13:14:24","modified_gmt":"2025-12-10T12:14:24","slug":"qx-executive-coaching-future-ready-leadership","status":"publish","type":"page","link":"https:\/\/quarterly-crossing.com\/en\/qx-executive-coaching-future-ready-leadership\/","title":{"rendered":"QX-EXECUTIVE COACHING FUTURE-READY LEADERSHIP"},"content":{"rendered":"<p>[et_pb_section fb_built=&#8220;1&#8243; _builder_version=&#8220;4.16&#8243; custom_padding=&#8220;||0px|||&#8220; global_colors_info=&#8220;{}&#8220;][et_pb_row _builder_version=&#8220;4.16&#8243; min_height=&#8220;507px&#8220; custom_padding=&#8220;0px|||||&#8220; global_colors_info=&#8220;{}&#8220;][et_pb_column type=&#8220;4_4&#8243; _builder_version=&#8220;4.16&#8243; global_colors_info=&#8220;{}&#8220;][et_pb_text _builder_version=&#8220;4.27.4&#8243; text_font=&#8220;Trebuchet|700|||||||&#8220; text_font_size=&#8220;31px&#8220; animation_style=&#8220;fade&#8220; hover_enabled=&#8220;0&#8243; border_style_bottom=&#8220;dotted&#8220; global_colors_info=&#8220;{}&#8220; sticky_enabled=&#8220;0&#8243;]<\/p>\n<h1 style=\"text-align: center;\"><strong>QX-EXECUTIVE COACHING<\/strong><\/h1>\n<h1 style=\"text-align: center;\"><strong><\/strong><\/h1>\n<h1 style=\"text-align: center;\"><strong> FUTURE-READY LEADERSHIP AT THE EDGE OF HUMAN POTENTIAL<\/strong><\/h1>\n<p>[\/et_pb_text][et_pb_text _builder_version=&#8220;4.27.4&#8243; text_font=&#8220;Trebuchet||||||||&#8220; min_height=&#8220;146px&#8220; custom_margin=&#8220;22px|||||&#8220; global_colors_info=&#8220;{}&#8220;]<\/p>\n<p>QX Executive Coaching richtet sich an Menschen, die nicht nur f\u00fchren, sondern in Zeiten exponentieller Ver\u00e4nderung Orientierung geben m\u00fcssen. An Entscheider, die an den Punkten stehen, an denen klassische Coaching-Ans\u00e4tze heute nicht mehr ausreichen.<\/p>\n<p>W\u00e4hrend viele Executive Coaches an Verhaltensmustern arbeiten, geht QX weiter: Wir arbeiten an Haltung, Resonanz, Entscheidungsqualit\u00e4t, Integrationsf\u00e4higkeit, Future Readiness, eben jenen F\u00e4higkeiten, die ein Leader der n\u00e4chsten Generation braucht, um Organisationen durch komplexe, technologisch beschleunigte Realit\u00e4ten zu f\u00fchren.<\/p>\n<p>Warum QX?<\/p>\n<p>Weil kein anderer Leadership-Akteur in Deutschland \u00fcber drei Jahrzehnte hinweg mehr reale Entscheidungssituationen, Wendepunkte, Karrierewege, Scheidewege und Ambivalenzen von Top-Leadern aus n\u00e4chster N\u00e4he begleitet hat. Wir haben nicht nur Modelle gesehen, sondern 2.500+ Leadership-Pers\u00f6nlichkeiten durch tats\u00e4chliche Transformationen gef\u00fchrt. Diese Erfahrung flie\u00dft in jedes Sparring, jede Reflexion, jede strategische Entscheidungsvorbereitung.<\/p>\n<p>Wodurch wir uns von klassischen Coaches unterscheiden<\/p>\n<p>\u2022 Wir coachen nicht \u201ePerformanzsteigerung\u201c; wir coachen Future-Ready Leadership. <br \/>\u2022 Wir orientieren nicht an Standardmodellen; wir arbeiten an Resonanz, Klarheit, Urteilskraft. <br \/>\u2022 Wir betrachten nicht nur die Person; wir betrachten das gesamte System, in dem sie wirkt. <br \/>\u2022 Wir liefern nicht Wohlf\u00fchltipps; wir liefern pr\u00e4zise gedankliche Klingen, die Durchbr\u00fcche erm\u00f6glichen.<\/p>\n<p>und arbeiten an der inneren Architektur eines Leaders: von der F\u00e4higkeit, Ambiguit\u00e4t zu halten, komplexe Realit\u00e4ten zu integrieren, Menschen zu verbinden und Organisationen zu navigieren, die gerade erst dabei sind, die Herausforderungen einer KI-getriebenen Welt zu verstehen.<\/p>\n<p>In der Liga der ganz Gro\u00dfen \u2013 aber mit QX-DNA<\/p>\n<p>International w\u00e4re QX Executive Coaching am ehesten im Umfeld von Tony Robbins (Strategic Intervention), Marshall Goldsmith, Bill Joiner (Leadership Agility) einzuordnen, allerdings mit einer deutlich st\u00e4rkeren Ausrichtung auf:<br \/>\u2022 Resonanz statt reinem Verhalten <br \/>\u2022 Lebensfreude statt Burnout-Optimierung \u2022 Leadership-Reife statt nur Performance <br \/>\u2022 Systemisches Denken statt Methodenroutine <br \/>\u2022 Human x AI statt Human vs. AI<\/p>\n<p>und mit einer wesentlich moderneren Ausrichtung, die das Leadership-Paradigma der n\u00e4chsten Dekade definiert<\/p>\n<p>[\/et_pb_text][\/et_pb_column][\/et_pb_row][\/et_pb_section]<\/p>","protected":false},"excerpt":{"rendered":"<p>QX-EXECUTIVE COACHING FUTURE-READY LEADERSHIP AT THE EDGE OF HUMAN POTENTIALQX Executive Coaching richtet sich an Menschen, die nicht nur f\u00fchren, sondern in Zeiten exponentieller Ver\u00e4nderung Orientierung geben m\u00fcssen. An Entscheider, die an den Punkten stehen, an denen klassische Coaching-Ans\u00e4tze heute nicht mehr ausreichen. W\u00e4hrend viele Executive Coaches an Verhaltensmustern arbeiten, geht QX weiter: Wir arbeiten [&hellip;]<\/p>","protected":false},"author":7,"featured_media":0,"parent":0,"menu_order":0,"comment_status":"closed","ping_status":"closed","template":"","meta":{"_et_pb_use_builder":"on","_et_pb_old_content":"<!-- wp:divi\/placeholder \/-->\n\n<!-- wp:paragraph -->\n<p><\/p>\n<!-- \/wp:paragraph -->","_et_gb_content_width":""},"_links":{"self":[{"href":"https:\/\/quarterly-crossing.com\/en\/wp-json\/wp\/v2\/pages\/5156"}],"collection":[{"href":"https:\/\/quarterly-crossing.com\/en\/wp-json\/wp\/v2\/pages"}],"about":[{"href":"https:\/\/quarterly-crossing.com\/en\/wp-json\/wp\/v2\/types\/page"}],"author":[{"embeddable":true,"href":"https:\/\/quarterly-crossing.com\/en\/wp-json\/wp\/v2\/users\/7"}],"replies":[{"embeddable":true,"href":"https:\/\/quarterly-crossing.com\/en\/wp-json\/wp\/v2\/comments?post=5156"}],"version-history":[{"count":8,"href":"https:\/\/quarterly-crossing.com\/en\/wp-json\/wp\/v2\/pages\/5156\/revisions"}],"predecessor-version":[{"id":5168,"href":"https:\/\/quarterly-crossing.com\/en\/wp-json\/wp\/v2\/pages\/5156\/revisions\/5168"}],"wp:attachment":[{"href":"https:\/\/quarterly-crossing.com\/en\/wp-json\/wp\/v2\/media?parent=5156"}],"curies":[{"name":"wp","href":"https:\/\/api.w.org\/{rel}","templated":true}]}}