{"id":4987,"date":"2025-12-03T15:19:48","date_gmt":"2025-12-03T14:19:48","guid":{"rendered":"https:\/\/quarterly-crossing.com\/?page_id=4987"},"modified":"2025-12-05T15:00:46","modified_gmt":"2025-12-05T14:00:46","slug":"membership-patronage","status":"publish","type":"page","link":"https:\/\/quarterly-crossing.com\/en\/membership-patronage\/","title":{"rendered":"Membership Patronage"},"content":{"rendered":"<p>[et_pb_section fb_built=&#8220;1&#8243; _builder_version=&#8220;4.16&#8243; global_colors_info=&#8220;{}&#8220; min_height=&#8220;1492.1px&#8220;][et_pb_row make_equal=&#8220;on&#8220; _builder_version=&#8220;4.16&#8243; background_size=&#8220;initial&#8220; background_position=&#8220;top_left&#8220; background_repeat=&#8220;repeat&#8220; min_height=&#8220;1276.5px&#8220; custom_margin=&#8220;|auto|74px|auto||&#8220; custom_padding=&#8220;|||&#8220; border_width_all=&#8220;10px&#8220; border_color_all=&#8220;rgba(0,0,0,0)&#8220; global_colors_info=&#8220;{}&#8220;][et_pb_column type=&#8220;4_4&#8243; _builder_version=&#8220;4.16&#8243; custom_padding=&#8220;25px||14px|&#8220; global_colors_info=&#8220;{}&#8220; custom_padding__hover=&#8220;|||&#8220;][et_pb_text _builder_version=&#8220;4.27.4&#8243; text_font=&#8220;Trebuchet||||||||&#8220; text_text_color=&#8220;#555555&#8243; text_font_size=&#8220;17px&#8220; text_line_height=&#8220;1.8em&#8220; header_font=&#8220;||||&#8220; background_size=&#8220;initial&#8220; background_position=&#8220;top_left&#8220; background_repeat=&#8220;repeat&#8220; min_height=&#8220;546px&#8220; custom_padding=&#8220;||1px|8px||&#8220; animation_style=&#8220;slide&#8220; animation_direction=&#8220;top&#8220; animation_intensity_slide=&#8220;4%&#8220; inline_fonts=&#8220;Trebuchet&#8220; global_colors_info=&#8220;{}&#8220;]<\/p>\n<h1 style=\"text-align: center;\"><strong>Membership Patronage<\/strong><strong><\/strong><\/h1>\n<p style=\"text-align: center;\"><strong>Wie Unternehmen ihren besten Executives Zugang zu au\u00dfergew\u00f6hnlicher F\u00fchrungskultur erm\u00f6glichen.<\/strong><\/p>\n<p><span size=\"4\" style=\"font-size: large;\"><\/span><\/p>\n<p><span size=\"4\" style=\"font-size: large;\"><\/span><\/p>\n<p><span size=\"4\" style=\"font-size: large;\"><\/span><\/p>\n<div><\/div>\n<div><\/div>\n<div><\/div>\n<div><\/div>\n<div>Immer mehr Unternehmen unterst\u00fctzen ihre F\u00fchrungskr\u00e4fte mit einer QX-Mitgliedschaft als Zugang zu Zukunftskompetenz, Resonanz, Klarheit und echter F\u00fchrungskraft.<\/div>\n<div><\/div>\n<div><\/div>\n<div>Warum Unternehmen Leader zu QX entsenden:<\/div>\n<div>QX ist kein Netzwerk, sondern eine lebendige Leadership Excellence Society aus Unternehmer:innen, C-Levels und au\u00dfergew\u00f6hnlichen Role Models aus mehreren Generationen; ein Ort, an dem Lebensfreude zur Energiequelle h\u00f6chster Performance wird. Unternehmen, die ihre Executives zu QX entsenden, investieren in eine F\u00fchrungsumgebung, die Transformation ausl\u00f6st:<\/div>\n<div><span> \u2022 Future-Ready Leadership\u00a0<\/span><\/div>\n<div><span> \u2022 Resonanz-Kompetenz\u00a0<\/span><\/div>\n<div><span> \u2022 Tiefe Beziehungen\u00a0<\/span><\/div>\n<div><span> \u2022 Selbstf\u00fchrung &amp; Klarheit\u00a0<\/span><\/div>\n<div><span> \u2022 Lebensfreude als Energiequelle\u00a0<\/span><\/div>\n<div><span> \u2022 Externe Perspektiven: Unternehmer:innen-Diversity statt Corporate Echo Chambers<\/span><\/div>\n<div>\n<p><span> \u2022 Verantwortungstr\u00e4ger st\u00e4rken: <\/span>Fokus, Reife, Mut und Energie anstelle von \u201emehr Tools\u201c<\/p>\n<\/div>\n<div><\/div>\n<div>Und last but not least:<\/div>\n<div>\n<p>Talentbindung: Rare Leadership Moments als Kontext f\u00fcr Wachstum<\/p>\n<p>Unternehmen gewinnen F\u00fchrungskr\u00e4fte, die klarer entscheiden, verantwortungsvoller f\u00fchren und resilienter wirken<\/p>\n<p>&nbsp;<\/p>\n<\/div>\n<div><\/div>\n<div>Was F\u00fchrungskr\u00e4fte durch QX gewinnen:<\/div>\n<div><\/div>\n<div><span> \u2022 Zugang zu einem hochselektiven Leadership-\u00d6kosystem<\/span><\/div>\n<div><span> \u2022 Teilnahme an Learning-, Impact- und Bare-Truth-Constellations<\/span><\/div>\n<div><span> \u2022 Resonanz-Assessments (500+ Cases) als Zukunftskompass<\/span><\/div>\n<div><span> \u2022 Generations\u00fcbergreifende Leadership-Perspektiven statt LinkedIn-Zeitgeist<\/span><\/div>\n<div>\n<p><span> \u2022 Tiefe Verbundenheit, die Retention, Haltung und Leistung st\u00e4rkt<\/span><\/p>\n<p>&nbsp;<\/p>\n<\/div>\n<div><\/div>\n<div>Wie Sponsoring funktioniert und wie Unternehmen Teil des Systems werden:<\/div>\n<div><span> 1. Auswahl eines Executives oder High Potentials<\/span><\/div>\n<div><span> 2. Mitgliedschaft f\u00fcr 12 Monate<\/span><\/div>\n<div><span> 3. Zugang zu allen Leadership Constellations:<\/span><\/div>\n<div style=\"text-align: left; padding-left: 40px;\"><span> \u2022 Event Constellations<\/span><\/div>\n<div style=\"text-align: left; padding-left: 40px;\"><span> \u2022 Learning Constellations<\/span><\/div>\n<div style=\"text-align: left; padding-left: 40px;\"><span> \u2022 Impact Constellations<\/span><\/div>\n<div style=\"text-align: left; padding-left: 40px;\"><span> \u2022 Bare-Truth Constellations<\/span><\/div>\n<div style=\"text-align: left; padding-left: 40px;\"><span><\/span><\/div>\n<div style=\"text-align: left; padding-left: 40px;\"><span><\/span><\/div>\n<div><\/div>\n<div>Jede F\u00fchrungskraft, die \u00fcber eine Membership Patronage zu QX kommt, durchl\u00e4uft vor der Aufnahme unser Leadership Resonanz Assessment. Es stellt sicher, dass Pers\u00f6nlichkeit, Reifegrad, Wertehaltung und Future-Readiness zu unserer Kultur passen, und dass die Leadership Journey individuell sinnvoll gestaltet werden kann.<\/div>\n<div><\/div>\n<div>Dieses Assessment ist nicht nur Gatekeeper, sondern Startpunkt:<\/div>\n<div>\u2192 Standortbestimmung (Mindset, Orientierung, Energielevel, Selbstf\u00fchrung, Resonanzf\u00e4higkeit)<\/div>\n<div>\u2192 Pers\u00f6nlicher Entwicklungsplan<\/div>\n<div><\/div>\n<div><\/div>\n<div>Leadership w\u00e4chst dort, wo Menschen sich entwickeln\u00a0\u2014 nicht nur ihre Titel.<\/div>\n<div><\/div>\n<div><\/div>\n<div><\/div>\n<div><\/div>\n<div><\/div>\n<div><\/div>\n<div><\/div>\n<div><\/div>\n<div><\/div>\n<div><\/div>\n<div><\/div>\n<p>[\/et_pb_text][\/et_pb_column][\/et_pb_row][\/et_pb_section]<\/p>","protected":false},"excerpt":{"rendered":"<p>Membership Patronage Wie Unternehmen ihren besten Executives Zugang zu au\u00dfergew\u00f6hnlicher F\u00fchrungskultur erm\u00f6glichen. Immer mehr Unternehmen unterst\u00fctzen ihre F\u00fchrungskr\u00e4fte mit einer QX-Mitgliedschaft als Zugang zu Zukunftskompetenz, Resonanz, Klarheit und echter F\u00fchrungskraft. Warum Unternehmen Leader zu QX entsenden: QX ist kein Netzwerk, sondern eine lebendige Leadership Excellence Society aus Unternehmer:innen, C-Levels und au\u00dfergew\u00f6hnlichen Role Models aus mehreren [&hellip;]<\/p>","protected":false},"author":7,"featured_media":0,"parent":0,"menu_order":0,"comment_status":"closed","ping_status":"closed","template":"","meta":{"_et_pb_use_builder":"on","_et_pb_old_content":"<!-- wp:divi\/placeholder \/-->","_et_gb_content_width":""},"_links":{"self":[{"href":"https:\/\/quarterly-crossing.com\/en\/wp-json\/wp\/v2\/pages\/4987"}],"collection":[{"href":"https:\/\/quarterly-crossing.com\/en\/wp-json\/wp\/v2\/pages"}],"about":[{"href":"https:\/\/quarterly-crossing.com\/en\/wp-json\/wp\/v2\/types\/page"}],"author":[{"embeddable":true,"href":"https:\/\/quarterly-crossing.com\/en\/wp-json\/wp\/v2\/users\/7"}],"replies":[{"embeddable":true,"href":"https:\/\/quarterly-crossing.com\/en\/wp-json\/wp\/v2\/comments?post=4987"}],"version-history":[{"count":9,"href":"https:\/\/quarterly-crossing.com\/en\/wp-json\/wp\/v2\/pages\/4987\/revisions"}],"predecessor-version":[{"id":5129,"href":"https:\/\/quarterly-crossing.com\/en\/wp-json\/wp\/v2\/pages\/4987\/revisions\/5129"}],"wp:attachment":[{"href":"https:\/\/quarterly-crossing.com\/en\/wp-json\/wp\/v2\/media?parent=4987"}],"curies":[{"name":"wp","href":"https:\/\/api.w.org\/{rel}","templated":true}]}}