{"id":4974,"date":"2025-11-24T19:56:47","date_gmt":"2025-11-24T18:56:47","guid":{"rendered":"https:\/\/quarterly-crossing.com\/?page_id=4974"},"modified":"2025-12-05T15:00:17","modified_gmt":"2025-12-05T14:00:17","slug":"qx-succession-leadership-continuity","status":"publish","type":"page","link":"https:\/\/quarterly-crossing.com\/en\/qx-succession-leadership-continuity\/","title":{"rendered":"QX-Succession &#038; Leadership Continuity"},"content":{"rendered":"<p>[et_pb_section fb_built=&#8220;1&#8243; _builder_version=&#8220;4.16&#8243; global_colors_info=&#8220;{}&#8220;][et_pb_row make_equal=&#8220;on&#8220; _builder_version=&#8220;4.16&#8243; background_size=&#8220;initial&#8220; background_position=&#8220;top_left&#8220; background_repeat=&#8220;repeat&#8220; custom_margin=&#8220;|||&#8220; custom_padding=&#8220;|||&#8220; border_width_all=&#8220;10px&#8220; border_color_all=&#8220;rgba(0,0,0,0)&#8220; global_colors_info=&#8220;{}&#8220;][et_pb_column type=&#8220;4_4&#8243; _builder_version=&#8220;4.16&#8243; custom_padding=&#8220;25px||14px|&#8220; global_colors_info=&#8220;{}&#8220; custom_padding__hover=&#8220;|||&#8220;][et_pb_text _builder_version=&#8220;4.27.4&#8243; text_font=&#8220;Trebuchet||||||||&#8220; text_text_color=&#8220;#555555&#8243; text_font_size=&#8220;17px&#8220; text_line_height=&#8220;1.8em&#8220; header_font=&#8220;||||&#8220; background_size=&#8220;initial&#8220; background_position=&#8220;top_left&#8220; background_repeat=&#8220;repeat&#8220; min_height=&#8220;422px&#8220; custom_padding=&#8220;||11px|8px||&#8220; animation_style=&#8220;slide&#8220; animation_direction=&#8220;top&#8220; animation_intensity_slide=&#8220;4%&#8220; hover_enabled=&#8220;0&#8243; inline_fonts=&#8220;Trebuchet&#8220; global_colors_info=&#8220;{}&#8220; sticky_enabled=&#8220;0&#8243;]<\/p>\n<h1 style=\"text-align: center;\"><b>QX-Succession &amp; Leadership Continuity<\/b><span size=\"4\" style=\"font-size: large;\"><\/span><\/h1>\n<p><span style=\"font-weight: 400;\"><\/span><\/p>\n<p><span style=\"font-weight: 400;\">Unternehmensnachfolge, Leadership-Teams und Searcher. Zukunft gestalten, bevor sie entsteht.<\/span><\/p>\n<p><span style=\"font-weight: 400;\">In Nachfolgefragen z\u00e4hlt Weitsicht und Vertrauen. QX begleitet Eigent\u00fcmer, Unternehmerfamilien und Private-Equity-Gesellschaften bei der Suche und Auswahl von Unternehmensnachfolgern, Managementteams und Leadership-Verst\u00e4rkungen f\u00fcr Beteiligungen oder Spin-offs.<\/span><\/p>\n<p><span style=\"font-weight: 400;\">Wir verbinden unternehmerische Erfahrung, Private-Equity-Verst\u00e4ndnis und eine wachsende Community von Searchern und Nachfolgern, die sich aktiv auf den Erwerb oder die \u00dcbernahme von Unternehmen vorbereiten.<\/span><\/p>\n<p><span style=\"font-weight: 400;\">Wir denken Nachfolge als Evolution von Leadership und schaffen \u00dcberg\u00e4nge, die Kultur und Leistungskraft bewahren sowie Zukunft tragen.<\/span><\/p>\n<p>[\/et_pb_text][\/et_pb_column][\/et_pb_row][\/et_pb_section]<\/p>","protected":false},"excerpt":{"rendered":"<p>QX-Succession &amp; Leadership Continuity Unternehmensnachfolge, Leadership-Teams und Searcher. Zukunft gestalten, bevor sie entsteht. In Nachfolgefragen z\u00e4hlt Weitsicht und Vertrauen. QX begleitet Eigent\u00fcmer, Unternehmerfamilien und Private-Equity-Gesellschaften bei der Suche und Auswahl von Unternehmensnachfolgern, Managementteams und Leadership-Verst\u00e4rkungen f\u00fcr Beteiligungen oder Spin-offs. Wir verbinden unternehmerische Erfahrung, Private-Equity-Verst\u00e4ndnis und eine wachsende Community von Searchern und Nachfolgern, die sich aktiv [&hellip;]<\/p>","protected":false},"author":7,"featured_media":0,"parent":0,"menu_order":0,"comment_status":"closed","ping_status":"closed","template":"","meta":{"_et_pb_use_builder":"on","_et_pb_old_content":"","_et_gb_content_width":""},"_links":{"self":[{"href":"https:\/\/quarterly-crossing.com\/en\/wp-json\/wp\/v2\/pages\/4974"}],"collection":[{"href":"https:\/\/quarterly-crossing.com\/en\/wp-json\/wp\/v2\/pages"}],"about":[{"href":"https:\/\/quarterly-crossing.com\/en\/wp-json\/wp\/v2\/types\/page"}],"author":[{"embeddable":true,"href":"https:\/\/quarterly-crossing.com\/en\/wp-json\/wp\/v2\/users\/7"}],"replies":[{"embeddable":true,"href":"https:\/\/quarterly-crossing.com\/en\/wp-json\/wp\/v2\/comments?post=4974"}],"version-history":[{"count":5,"href":"https:\/\/quarterly-crossing.com\/en\/wp-json\/wp\/v2\/pages\/4974\/revisions"}],"predecessor-version":[{"id":5127,"href":"https:\/\/quarterly-crossing.com\/en\/wp-json\/wp\/v2\/pages\/4974\/revisions\/5127"}],"wp:attachment":[{"href":"https:\/\/quarterly-crossing.com\/en\/wp-json\/wp\/v2\/media?parent=4974"}],"curies":[{"name":"wp","href":"https:\/\/api.w.org\/{rel}","templated":true}]}}