{"id":4964,"date":"2025-11-24T19:40:34","date_gmt":"2025-11-24T18:40:34","guid":{"rendered":"https:\/\/quarterly-crossing.com\/?page_id=4964"},"modified":"2025-12-05T14:59:23","modified_gmt":"2025-12-05T13:59:23","slug":"qx-board-placement","status":"publish","type":"page","link":"https:\/\/quarterly-crossing.com\/en\/qx-board-placement\/","title":{"rendered":"QX-Board Placement"},"content":{"rendered":"<p>[et_pb_section fb_built=&#8220;1&#8243; _builder_version=&#8220;4.16&#8243; global_colors_info=&#8220;{}&#8220;][et_pb_row make_equal=&#8220;on&#8220; _builder_version=&#8220;4.16&#8243; background_size=&#8220;initial&#8220; background_position=&#8220;top_left&#8220; background_repeat=&#8220;repeat&#8220; custom_margin=&#8220;|||&#8220; custom_padding=&#8220;|||&#8220; border_width_all=&#8220;10px&#8220; border_color_all=&#8220;rgba(0,0,0,0)&#8220; global_colors_info=&#8220;{}&#8220;][et_pb_column type=&#8220;4_4&#8243; _builder_version=&#8220;4.16&#8243; custom_padding=&#8220;25px||14px|&#8220; global_colors_info=&#8220;{}&#8220; custom_padding__hover=&#8220;|||&#8220;][et_pb_text _builder_version=&#8220;4.27.4&#8243; text_font=&#8220;Trebuchet||||||||&#8220; text_text_color=&#8220;#555555&#8243; text_font_size=&#8220;17px&#8220; text_line_height=&#8220;1.8em&#8220; header_font=&#8220;||||&#8220; background_size=&#8220;initial&#8220; background_position=&#8220;top_left&#8220; background_repeat=&#8220;repeat&#8220; min_height=&#8220;546px&#8220; custom_padding=&#8220;||0px|8px||&#8220; animation_style=&#8220;slide&#8220; animation_direction=&#8220;top&#8220; animation_intensity_slide=&#8220;4%&#8220; inline_fonts=&#8220;Trebuchet&#8220; global_colors_info=&#8220;{}&#8220;]<\/p>\n<h1 style=\"text-align: center;\"><b>QX-Board Placement<\/b><\/h1>\n<p><span style=\"font-weight: 400;\"><\/span><\/p>\n<p><span style=\"font-weight: 400;\"><\/span><\/p>\n<p><span style=\"font-weight: 400;\">Board Placement erfordert Diskretion, Erfahrung und kulturelles Feingef\u00fchl, insbesondere in familiengef\u00fchrten Unternehmen.<br \/><\/span><span style=\"font-weight: 400;\">Wir wissen, welche fachliche Expertise, welche Pers\u00f6nlichkeit und welches Netzwerk ein Board st\u00e4rkt und wie man sie findet. Die Suche nach Beir\u00e4ten oder Aufsichtsr\u00e4ten ist eine Nadel-im-Heuhaufen-Aufgabe: so individuell, tief und anspruchsvoll wie jede C-Level-Suche. Auch wenn das Mandat vielleicht nur ein paar Mal im Jahr wahrgenommen wird, ist die kulturelle, strategische und pers\u00f6nliche Passung entscheidend.<br \/><\/span><span style=\"font-weight: 400;\">Unsere langj\u00e4hrige Expertise wird zus\u00e4tzlich gen\u00e4hrt durch unseren \u201eQX-Ausbildung zum Aufsichtsrat und Beirat\u201c Lehrgang im Rahmen der QX-Leadership Academy und in Kooperation mit der Deutschen B\u00f6rse und der Steinbeis Hochschule, deren Absolventen automatisch zertifiziert und akkreditiert werden. Alle, die bereits Mandate innehaben oder durch diese Ausbildung qualifiziert wurden, vereinen wir im QX-Board Circle, einem exklusiven Kreis erfahrener und bef\u00e4higter Mandatstr\u00e4ger.<\/span><\/p>\n<p><span style=\"font-weight: 400;\">Unser Ansatz:<\/span><\/p>\n<ul>\n<li style=\"font-weight: 400;\" aria-level=\"1\"><span style=\"font-weight: 400;\">Branchenkompetenz: Tiefes Markt- und Wertsch\u00f6pfungsverst\u00e4ndnis.<\/span><\/li>\n<li style=\"font-weight: 400;\" aria-level=\"1\"><span style=\"font-weight: 400;\">Funktionskompetenz: Fokus auf Governance, Transformation, Gremienerfahrung.<\/span><\/li>\n<li style=\"font-weight: 400;\" aria-level=\"1\"><span style=\"font-weight: 400;\">Leadership &amp; Resonanz: Einsch\u00e4tzung individueller Wirkung im Board-Kontext.<\/span><\/li>\n<\/ul>\n<p><span style=\"font-weight: 400;\">Typische Mandate:<br \/><\/span><span style=\"font-weight: 400;\">Beiratsmitglieder | Aufsichtsratsmitglieder | Advisory Board Members | Family Offices |<\/span><span style=\"font-weight: 400;\">Private-Equity-Portfolios | Senior Advisors f\u00fcr PEs<\/span><\/p>\n<p>[\/et_pb_text][\/et_pb_column][\/et_pb_row][\/et_pb_section]<\/p>","protected":false},"excerpt":{"rendered":"<p>QX-Board Placement Board Placement erfordert Diskretion, Erfahrung und kulturelles Feingef\u00fchl, insbesondere in familiengef\u00fchrten Unternehmen.Wir wissen, welche fachliche Expertise, welche Pers\u00f6nlichkeit und welches Netzwerk ein Board st\u00e4rkt und wie man sie findet. Die Suche nach Beir\u00e4ten oder Aufsichtsr\u00e4ten ist eine Nadel-im-Heuhaufen-Aufgabe: so individuell, tief und anspruchsvoll wie jede C-Level-Suche. Auch wenn das Mandat vielleicht nur ein [&hellip;]<\/p>","protected":false},"author":7,"featured_media":0,"parent":0,"menu_order":0,"comment_status":"closed","ping_status":"closed","template":"","meta":{"_et_pb_use_builder":"on","_et_pb_old_content":"<!-- wp:divi\/placeholder \/-->","_et_gb_content_width":""},"_links":{"self":[{"href":"https:\/\/quarterly-crossing.com\/en\/wp-json\/wp\/v2\/pages\/4964"}],"collection":[{"href":"https:\/\/quarterly-crossing.com\/en\/wp-json\/wp\/v2\/pages"}],"about":[{"href":"https:\/\/quarterly-crossing.com\/en\/wp-json\/wp\/v2\/types\/page"}],"author":[{"embeddable":true,"href":"https:\/\/quarterly-crossing.com\/en\/wp-json\/wp\/v2\/users\/7"}],"replies":[{"embeddable":true,"href":"https:\/\/quarterly-crossing.com\/en\/wp-json\/wp\/v2\/comments?post=4964"}],"version-history":[{"count":6,"href":"https:\/\/quarterly-crossing.com\/en\/wp-json\/wp\/v2\/pages\/4964\/revisions"}],"predecessor-version":[{"id":5125,"href":"https:\/\/quarterly-crossing.com\/en\/wp-json\/wp\/v2\/pages\/4964\/revisions\/5125"}],"wp:attachment":[{"href":"https:\/\/quarterly-crossing.com\/en\/wp-json\/wp\/v2\/media?parent=4964"}],"curies":[{"name":"wp","href":"https:\/\/api.w.org\/{rel}","templated":true}]}}