{"id":4927,"date":"2025-11-14T16:38:35","date_gmt":"2025-11-14T15:38:35","guid":{"rendered":"https:\/\/quarterly-crossing.com\/?page_id=4927"},"modified":"2025-12-05T15:02:45","modified_gmt":"2025-12-05T14:02:45","slug":"leadership-resonanz-assessments","status":"publish","type":"page","link":"https:\/\/quarterly-crossing.com\/en\/leadership-resonanz-assessments\/","title":{"rendered":"Leadership &#038; Resonanz Assessments"},"content":{"rendered":"<p>[et_pb_section fb_built=&#8220;1&#8243; _builder_version=&#8220;4.16&#8243; custom_padding=&#8220;||0px|||&#8220; global_colors_info=&#8220;{}&#8220;][et_pb_row _builder_version=&#8220;4.16&#8243; min_height=&#8220;507px&#8220; custom_padding=&#8220;0px|||||&#8220; global_colors_info=&#8220;{}&#8220;][et_pb_column type=&#8220;4_4&#8243; _builder_version=&#8220;4.16&#8243; global_colors_info=&#8220;{}&#8220;][et_pb_text _builder_version=&#8220;4.27.4&#8243; text_font=&#8220;Trebuchet|700|||||||&#8220; text_font_size=&#8220;31px&#8220; animation_style=&#8220;fade&#8220; border_style_bottom=&#8220;dotted&#8220; global_colors_info=&#8220;{}&#8220;]<\/p>\n<h1 style=\"text-align: center;\"><strong><b>Leadership &amp; Resonanz Assessments<\/b><\/strong><\/h1>\n<p>[\/et_pb_text][et_pb_text _builder_version=&#8220;4.27.4&#8243; text_font=&#8220;Trebuchet||||||||&#8220; text_font_size=&#8220;17px&#8220; min_height=&#8220;146px&#8220; custom_margin=&#8220;22px|||||&#8220; global_colors_info=&#8220;{}&#8220;]<\/p>\n<p><strong>Pionierarbeit f\u00fcr eine neue \u00c4ra von Leadership<\/strong><\/p>\n<p><span style=\"font-weight: 400;\">In Zeiten permanenter Transformation stehen Unternehmen vor einer entscheidenden Frage: Sind unsere F\u00fchrungskr\u00e4fte wirklich future ready oder f\u00fchren sie noch nach den Mustern der Vergangenheit? Sind unsere Teams in der Lage, Wandel zu gestalten, Energie zu b\u00fcndeln und Menschen in Bewegung zu bringen oder nur, ihn zu verwalten?<\/span><\/p>\n<p><span style=\"font-weight: 400;\">Resonanz-Assessments sind eine neue Form der Leadership-Diagnostik. Sie verstehen F\u00fchrung nicht \u00fcber Lebensl\u00e4ufe oder Scores, sondern \u00fcber Wirkung, <\/span><span style=\"font-weight: 400;\">\u00fcber die F\u00e4higkeit, Energie, Vertrauen und kollektive Handlungsf\u00e4higkeit zu erzeugen. Als Teilmenge moderner Leadership-Assessments unterscheiden sie sich von klassischen Kompetenzanalysen durch ihren Fokus auf Beziehungs-, Wirkungs- und Systemdynamik statt auf vergangenheitsbezogene Leistungsindikatoren.<\/span><\/p>\n<p><span style=\"font-weight: 400;\">Ob f\u00fcr Nachfolgeentscheidungen, Leadership Audits, Private-Equity-Investments oder die Weiterentwicklung ganzer Management-Teams:<\/span><\/p>\n<p><span style=\"font-weight: 400;\">Organisationen beauftragen QX, wenn sie nicht nur wissen wollen, wer Leistung bringt, sondern wer Zukunft tr\u00e4gt.<\/span><\/p>\n<p><strong>Weil Zukunft keine Scores liest, sondern Wirkung sp\u00fcrt.<\/strong><\/p>\n<p><span style=\"font-weight: 400;\">Management Appraisals sind die Faxger\u00e4te unseres Leadership-Zeitalters. Sie lesen Kompetenzmatrizen, Dienstwege und PowerPoint-Folien und bewerten geronnene Vergangenheit, als w\u00e4re sie die Zukunft. Doch in einer Welt st\u00e4ndiger Transformation, geopolitischer Spannungen, technologischer Disruption und kultureller Beschleunigung braucht F\u00fchrung eine neue W\u00e4hrung: Resonanz.<\/span><\/p>\n<p><span style=\"font-weight: 400;\">Resonanz ist das, was andere in Bewegung bringt. Nicht Wissen. Nicht Macht. Sondern Wirkung. Denn die entscheidende Frage von F\u00fchrung lautet:<\/span><\/p>\n<p><span style=\"font-weight: 400;\">\u201eWhat makes others follow you?\u201c<\/span><\/p>\n<p><span style=\"text-decoration: underline;\"><span style=\"font-weight: 400;\"><\/span><\/span><\/p>\n<h3 style=\"text-align: center;\"><strong>Das QX-Resonanz-Assessment<\/strong><\/h3>\n<p><span style=\"font-weight: 400;\"><\/span><\/p>\n<p><span style=\"font-weight: 400;\">Als Pionier dieser Methode hat QX das Resonanz-Assessment entwickelt. Eine der weltweit ersten Diagnostiken, die F\u00fchrung nicht nur \u00fcber Lebensl\u00e4ufe, sondern \u00fcber Resonanzfelder versteht: \u00fcber die F\u00e4higkeit, Energie, Vertrauen und Richtung im System zu erzeugen. Seit \u00fcber drei Jahrzehnten kuratiert QX eine Community aus den Top 5 % der kraftvollsten, kreativsten und zukunftsf\u00e4higsten Leadership-Talente, basierend auf einem einzigen Kriterium: Wirkung.<\/span><\/p>\n<p><span style=\"font-weight: 400;\">Wir erleben F\u00fchrungskr\u00e4fte mit makellosen CVs, die im Raum keine Pr\u00e4senz erzeugen. Und andere, die mit Klarheit, Haltung und Systembewusstsein ganze Gruppen an sich binden. Wir sehen emergente F\u00fchrungspers\u00f6nlichkeiten sichtbar werden, die in keinem klassischen Assessment aufgetaucht w\u00e4ren und doch genau jene sind, die die Zukunft sichern: Weil sie nicht kontrollieren, sondern orchestrieren. Nicht \u00fcberzeugen, sondern magnetisieren.<\/span><\/p>\n<p><strong>Was wir messen und was kein anderes Assessment misst<\/strong><\/p>\n<p><span style=\"font-weight: 400;\">Resonanz-Assessments messen nicht, was auf dem Papier steht, sondern was im Raum passiert.<\/span><\/p>\n<p><span style=\"font-weight: 400;\">Wir erfassen:<\/span><\/p>\n<ul>\n<li style=\"font-weight: 400;\" aria-level=\"1\"><span style=\"font-weight: 400;\">die emotionale und kognitive Offenheit einer F\u00fchrungspers\u00f6nlichkeit,\u00a0<\/span><\/li>\n<li style=\"font-weight: 400;\" aria-level=\"1\"><span style=\"font-weight: 400;\">die F\u00e4higkeit, Vertrauen und Sicherheit in Unsicherheit zu erzeugen,<\/span><\/li>\n<li style=\"font-weight: 400;\" aria-level=\"1\"><span style=\"font-weight: 400;\">die Wirkung auf Energie, Dynamik und Wahrnehmung anderer,<\/span><\/li>\n<li style=\"font-weight: 400;\" aria-level=\"1\"><span style=\"font-weight: 400;\">das Systembewusstsein und die F\u00e4higkeit, Komplexit\u00e4t zu harmonisieren,<\/span><\/li>\n<li style=\"font-weight: 400;\" aria-level=\"1\"><span style=\"font-weight: 400;\">die Tiefe von Klarheit, Haltung und Entscheidungsf\u00e4higkeit unter Druck.<\/span><\/li>\n<\/ul>\n<p><span style=\"font-weight: 400;\">Dazu kombinieren wir jahrzehntelange Erfahrung aus \u00fcber 30.000 Leadership-Assessments mit modernsten Methoden aus Organisationspsychologie, Simulation, Systemtheorie und Resonanzforschung. Unsere Analytik ist pr\u00e4zise, tiefenpsychologisch fundiert, aber immer auf menschliche Echtheit kalibriert.<\/span><\/p>\n<p><strong>Ergebnisse, die Organisationen transformieren<\/strong><\/p>\n<p><span style=\"font-weight: 400;\">Ein QX-Resonanz-Assessment liefert kein Urteil, sondern ein Spiegelbild und \u00f6ffnet einen Entwicklungsraum, in dem F\u00fchrung nicht bewertet, sondern entfaltet wird.<\/span><\/p>\n<p><span style=\"font-weight: 400;\">Unsere Assessments:<\/span><\/p>\n<ul>\n<li style=\"font-weight: 400;\" aria-level=\"1\"><span style=\"font-weight: 400;\">identifizieren die Personen, die Zukunft wirklich gestalten,\u00a0<\/span><\/li>\n<li style=\"font-weight: 400;\" aria-level=\"1\"><span style=\"font-weight: 400;\">decken Resonanzblockaden, toxische Muster und Energie-Lecks auf,<\/span><\/li>\n<li style=\"font-weight: 400;\" aria-level=\"1\"><span style=\"font-weight: 400;\">machen stille Leistungstr\u00e4ger sichtbar, die bisher unter dem Radar blieben,<\/span><\/li>\n<li style=\"font-weight: 400;\" aria-level=\"1\"><span style=\"font-weight: 400;\">geben Vorst\u00e4nden, Private-Equity-H\u00e4usern und HR-Leadern eine neue Sicherheit in Nachfolge-, Investitions- und Teamentwicklungsentscheidungen.<\/span><\/li>\n<\/ul>\n<p><span style=\"font-weight: 400;\">Das Ergebnis: Ein pr\u00e4zises Verst\u00e4ndnis dar\u00fcber, wer Zukunft magnetisiert und wie F\u00fchrungsteams ihre kollektive Resonanz erh\u00f6hen k\u00f6nnen.<\/span><\/p>\n<p><strong>QX \u2013 Der Pionier einer neuen Diagnostikgeneration<\/strong><\/p>\n<p><span style=\"font-weight: 400;\">Wir bei QX haben das Resonanz-Assessment entwickelt, bevor andere \u00fcberhaupt wussten, dass sie es brauchen. Unsere Arbeit pr\u00e4gt heute die Leadership-Diagnostik der neuen Zeit: Weg von linearen Bewertungsmodellen, hin zu ganzheitlicher Wirkungsmessung, die Pr\u00e4senz, Bewusstheit und Energie ins Zentrum r\u00fcckt.<\/span><\/p>\n<p><span style=\"font-weight: 400;\">Denn Leadership bedeutet heute nicht mehr, alles zu wissen. Sondern andere in Bewegung zu bringen. Und genau dort beginnt Resonanz. Genau dort beginnt QX.<\/span><\/p>\n<p><span style=\"font-weight: 400;\"><\/span><\/p>\n<p>[\/et_pb_text][et_pb_button button_url=&#8220;mailto:events@quarterly-crossing.com?subject=Potenzial%20Analyse&#8220; url_new_window=&#8220;on&#8220; button_text=&#8220;Analyse Anfragen&#8220; button_alignment=&#8220;center&#8220; _builder_version=&#8220;4.27.4&#8243; custom_button=&#8220;on&#8220; button_text_color=&#8220;#000000&#8243; button_bg_color=&#8220;rgba(0,0,0,0)&#8220; button_font=&#8220;Trebuchet|600|||||||&#8220; button_icon=&#8220;&#xe010;||divi||400&#8243; custom_margin=&#8220;80px||7px|||&#8220; global_colors_info=&#8220;{}&#8220;][\/et_pb_button][\/et_pb_column][\/et_pb_row][\/et_pb_section]<\/p>","protected":false},"excerpt":{"rendered":"<p>Leadership &amp; Resonanz AssessmentsPionierarbeit f\u00fcr eine neue \u00c4ra von Leadership In Zeiten permanenter Transformation stehen Unternehmen vor einer entscheidenden Frage: Sind unsere F\u00fchrungskr\u00e4fte wirklich future ready oder f\u00fchren sie noch nach den Mustern der Vergangenheit? Sind unsere Teams in der Lage, Wandel zu gestalten, Energie zu b\u00fcndeln und Menschen in Bewegung zu bringen oder nur, [&hellip;]<\/p>","protected":false},"author":7,"featured_media":0,"parent":0,"menu_order":0,"comment_status":"closed","ping_status":"closed","template":"","meta":{"_et_pb_use_builder":"on","_et_pb_old_content":"","_et_gb_content_width":""},"_links":{"self":[{"href":"https:\/\/quarterly-crossing.com\/en\/wp-json\/wp\/v2\/pages\/4927"}],"collection":[{"href":"https:\/\/quarterly-crossing.com\/en\/wp-json\/wp\/v2\/pages"}],"about":[{"href":"https:\/\/quarterly-crossing.com\/en\/wp-json\/wp\/v2\/types\/page"}],"author":[{"embeddable":true,"href":"https:\/\/quarterly-crossing.com\/en\/wp-json\/wp\/v2\/users\/7"}],"replies":[{"embeddable":true,"href":"https:\/\/quarterly-crossing.com\/en\/wp-json\/wp\/v2\/comments?post=4927"}],"version-history":[{"count":9,"href":"https:\/\/quarterly-crossing.com\/en\/wp-json\/wp\/v2\/pages\/4927\/revisions"}],"predecessor-version":[{"id":5133,"href":"https:\/\/quarterly-crossing.com\/en\/wp-json\/wp\/v2\/pages\/4927\/revisions\/5133"}],"wp:attachment":[{"href":"https:\/\/quarterly-crossing.com\/en\/wp-json\/wp\/v2\/media?parent=4927"}],"curies":[{"name":"wp","href":"https:\/\/api.w.org\/{rel}","templated":true}]}}