{"id":4923,"date":"2025-11-14T16:34:48","date_gmt":"2025-11-14T15:34:48","guid":{"rendered":"https:\/\/quarterly-crossing.com\/?page_id=4923"},"modified":"2025-12-05T13:38:59","modified_gmt":"2025-12-05T12:38:59","slug":"qx-executive-search-leadership-placement","status":"publish","type":"page","link":"https:\/\/quarterly-crossing.com\/en\/qx-executive-search-leadership-placement\/","title":{"rendered":"QX-Executive Search &#038; Leadership Placement"},"content":{"rendered":"<p>[et_pb_section fb_built=&#8220;1&#8243; _builder_version=&#8220;4.16&#8243; global_colors_info=&#8220;{}&#8220;][et_pb_row make_equal=&#8220;on&#8220; _builder_version=&#8220;4.16&#8243; background_size=&#8220;initial&#8220; background_position=&#8220;top_left&#8220; background_repeat=&#8220;repeat&#8220; custom_margin=&#8220;|||&#8220; custom_padding=&#8220;|||&#8220; border_width_all=&#8220;10px&#8220; border_color_all=&#8220;rgba(0,0,0,0)&#8220; global_colors_info=&#8220;{}&#8220;][et_pb_column type=&#8220;4_4&#8243; _builder_version=&#8220;4.16&#8243; custom_padding=&#8220;25px||14px|&#8220; global_colors_info=&#8220;{}&#8220; custom_padding__hover=&#8220;|||&#8220;][et_pb_text _builder_version=&#8220;4.27.4&#8243; text_font=&#8220;Trebuchet||||||||&#8220; text_text_color=&#8220;#555555&#8243; text_font_size=&#8220;17px&#8220; text_line_height=&#8220;1.8em&#8220; header_font=&#8220;||||&#8220; background_size=&#8220;initial&#8220; background_position=&#8220;top_left&#8220; background_repeat=&#8220;repeat&#8220; min_height=&#8220;546px&#8220; custom_padding=&#8220;||0px|8px||&#8220; animation_style=&#8220;slide&#8220; animation_direction=&#8220;top&#8220; animation_intensity_slide=&#8220;4%&#8220; inline_fonts=&#8220;Trebuchet&#8220; global_colors_info=&#8220;{}&#8220;]<\/p>\n<h1 style=\"text-align: center;\"><b>QX-Executive Search &amp; Leadership Placement<\/b><\/h1>\n<p><span size=\"4\" style=\"font-size: large;\"><\/span><\/p>\n<p><span style=\"font-weight: 400;\">Wir verstehen Kultur und bringen F\u00fchrungspers\u00f6nlichkeiten dorthin, wo sie wirken.<\/span><\/p>\n<p><span style=\"font-weight: 400;\">F\u00fchrung entscheidet \u00fcber Kultur, Leistungsf\u00e4higkeit und Zukunft. Darum verstehen wir Leadership Placement vom C-Level bis zu Future-Leaders-Rollen \u2013 als strategische Beratungsaufgabe.<\/span><\/p>\n<p><span style=\"font-weight: 400;\">Wir identifizieren Pers\u00f6nlichkeiten, die Organisationen inhaltlich, kulturell und menschlich pr\u00e4gen und bringen sie dorthin, wo sie Resonanz erzeugen und den gr\u00f6\u00dften Unterschied machen.<\/span><\/p>\n<p><span style=\"font-weight: 400;\">Was uns dabei einzigartig macht:\u00a0<\/span><\/p>\n<p><span style=\"font-weight: 400;\">Wir kennen F\u00fchrungskr\u00e4fte, Professionals und Talente nicht nur aus Lebensl\u00e4ufen,<\/span><\/p>\n<p><span style=\"font-weight: 400;\">sondern durch echte Beziehungen, jahrelange Begleitung und Resonanz innerhalb ihrer Peer-Groups. \u00dcber unser weitreichendes, gewachsenes, belastbares Leadership-Netzwerk erreichen wir nicht nur die rund 2.000 streng handverlesenen Mitglieder unserer Community, sondern \u00fcber ein ausgekl\u00fcgeltes Referral-Programm, \u201eWarm-Intros\u201c und pers\u00f6nliche Kalibrierungen nahezu jede relevante F\u00fchrungspers\u00f6nlichkeit im deutschsprachigen Raum.<\/span><\/p>\n<p><span style=\"font-weight: 400;\">So entsteht eine Verbindung aus N\u00e4he, Vertrauen und Tiefe, die uns erlaubt, die Best Geeignetsten nicht nur zu finden, sondern zu verstehen und sie mit Organisationen zu verbinden, in denen sie wirken k\u00f6nnen.<\/span><\/p>\n<p><span style=\"font-weight: 400;\">Warum QX der Unterschied ist<\/span><\/p>\n<ul>\n<li style=\"font-weight: 400;\" aria-level=\"1\"><span style=\"font-weight: 400;\">Geschwindigkeit durch N\u00e4he: Durch unser kalibriertes Netzwerk erreichen wir Kandidaten in Tagen statt Wochen und schlie\u00dfen Suchmandate oft innerhalb weniger Wochen erfolgreich ab\u00a0<\/span><\/li>\n<li style=\"font-weight: 400;\" aria-level=\"1\"><span style=\"font-weight: 400;\">Kalibrierte Qualit\u00e4t: Unsere Kandidaten werden \u00fcber pers\u00f6nliche Empfehlungen, Direktansprachen und gezielte \u201eWarm-Intros\u201c identifiziert. Wir wissen, wer empfiehlt oder einf\u00fchrt, und k\u00f6nnen so pr\u00e4zise einsch\u00e4tzen, wen er oder sie empfiehlt. So entsteht messbare Qualit\u00e4t durch pers\u00f6nliche Validierung und vernetzte Marktkenntnis.<\/span><\/li>\n<li style=\"font-weight: 400;\" aria-level=\"1\"><span style=\"font-weight: 400;\">Kulturelle Tiefe \u2013 der \u201eSmell of the Place\u201c: Wir erfassen nicht nur Anforderungsprofile, sondern Atmosph\u00e4ren. Dazu fahren wir in die Unternehmen, sprechen mit dem Auftraggeber und \u2013 entscheidend \u2013 mit Menschen im direkten Umfeld der Rolle. Auf diese Weise entsteht ein wissenschaftlich fundiertes, feinf\u00fchliges Bild der Kultur, Dynamik und Stimmung eines Ortes. So k\u00f6nnen wir jedem Kandidaten eine sprechf\u00e4hige, menschlich verst\u00e4ndliche R\u00fcckmeldung geben, die ihm oder ihr hilft zu erkennen, ob er oder sie sich davon angezogen f\u00fchlt, dort wirken, wachsen und Freude entwickeln kann.<\/span><\/li>\n<li style=\"font-weight: 400;\" aria-level=\"1\"><span style=\"font-weight: 400;\">Resonanz als Prinzip: Wir denken in Resonanzen statt nur in Rekrutierungen. Uns interessiert, wie Menschen und Organisationen aufeinander wirken und nicht nur, ob Lebensl\u00e4ufe mit Stellenprofilen \u00fcbereinstimmen.<\/span><\/li>\n<li style=\"font-weight: 400;\" aria-level=\"1\"><span style=\"font-weight: 400;\">Nachhaltigkeit: Wir begleiten Integration, Entwicklung und Wirkung \u00fcber die Besetzung hinaus.<\/span><\/li>\n<\/ul>\n<p><span style=\"font-weight: 400;\">Wir bringen F\u00fchrung, Kultur und Vertrauen in Einklang und schaffen daraus nachhaltige Leadership-Partnerschaften. QX vereint die analytische Pr\u00e4zision internationaler Top-Personalberatungen mit der kulturellen Tiefe eines \u00fcber Jahrzehnte gewachsenen und belastbaren Leadership-Netzwerks. Wir denken Beziehungen nicht in Prozessen, sondern in Resonanzen: Kulturell. Menschlich. Strategisch.<\/span><\/p>\n<p>[\/et_pb_text][\/et_pb_column][\/et_pb_row][\/et_pb_section]<\/p>","protected":false},"excerpt":{"rendered":"<p>QX-Executive Search &amp; Leadership Placement Wir verstehen Kultur und bringen F\u00fchrungspers\u00f6nlichkeiten dorthin, wo sie wirken. F\u00fchrung entscheidet \u00fcber Kultur, Leistungsf\u00e4higkeit und Zukunft. Darum verstehen wir Leadership Placement vom C-Level bis zu Future-Leaders-Rollen \u2013 als strategische Beratungsaufgabe. Wir identifizieren Pers\u00f6nlichkeiten, die Organisationen inhaltlich, kulturell und menschlich pr\u00e4gen und bringen sie dorthin, wo sie Resonanz erzeugen und [&hellip;]<\/p>","protected":false},"author":7,"featured_media":0,"parent":0,"menu_order":0,"comment_status":"closed","ping_status":"closed","template":"","meta":{"_et_pb_use_builder":"on","_et_pb_old_content":"<!-- wp:divi\/placeholder \/-->","_et_gb_content_width":""},"_links":{"self":[{"href":"https:\/\/quarterly-crossing.com\/en\/wp-json\/wp\/v2\/pages\/4923"}],"collection":[{"href":"https:\/\/quarterly-crossing.com\/en\/wp-json\/wp\/v2\/pages"}],"about":[{"href":"https:\/\/quarterly-crossing.com\/en\/wp-json\/wp\/v2\/types\/page"}],"author":[{"embeddable":true,"href":"https:\/\/quarterly-crossing.com\/en\/wp-json\/wp\/v2\/users\/7"}],"replies":[{"embeddable":true,"href":"https:\/\/quarterly-crossing.com\/en\/wp-json\/wp\/v2\/comments?post=4923"}],"version-history":[{"count":5,"href":"https:\/\/quarterly-crossing.com\/en\/wp-json\/wp\/v2\/pages\/4923\/revisions"}],"predecessor-version":[{"id":5093,"href":"https:\/\/quarterly-crossing.com\/en\/wp-json\/wp\/v2\/pages\/4923\/revisions\/5093"}],"wp:attachment":[{"href":"https:\/\/quarterly-crossing.com\/en\/wp-json\/wp\/v2\/media?parent=4923"}],"curies":[{"name":"wp","href":"https:\/\/api.w.org\/{rel}","templated":true}]}}