{"id":4909,"date":"2025-11-14T16:29:07","date_gmt":"2025-11-14T15:29:07","guid":{"rendered":"https:\/\/quarterly-crossing.com\/?page_id=4909"},"modified":"2026-02-19T18:04:14","modified_gmt":"2026-02-19T17:04:14","slug":"akkreditierung-zur-mitgliedschaft","status":"publish","type":"page","link":"https:\/\/quarterly-crossing.com\/en\/akkreditierung-zur-mitgliedschaft\/","title":{"rendered":"Admission &amp; Accreditation"},"content":{"rendered":"[et_pb_section fb_built=&#8220;1&#8243; fullwidth=&#8220;on&#8220; _builder_version=&#8220;4.16&#8243; global_colors_info=&#8220;{}&#8220;][et_pb_fullwidth_header background_overlay_color=&#8220;rgba(0,0,0,0.12)&#8220; _builder_version=&#8220;4.16&#8243; title_font=&#8220;Playfair Display||||||||&#8220; title_text_align=&#8220;center&#8220; title_font_size=&#8220;60px&#8220; background_color=&#8220;#ffffff&#8220; background_image=&#8220;https:\/\/quarterly-crossing.com\/wp-content\/uploads\/2019\/06\/082SW.jpg&#8220; min_height=&#8220;292px&#8220; global_colors_info=&#8220;{}&#8220;][\/et_pb_fullwidth_header][\/et_pb_section][et_pb_section fb_built=&#8220;1&#8243; _builder_version=&#8220;4.16&#8243; global_colors_info=&#8220;{}&#8220;][et_pb_row make_equal=&#8220;on&#8220; _builder_version=&#8220;4.16&#8243; background_size=&#8220;initial&#8220; background_position=&#8220;top_left&#8220; background_repeat=&#8220;repeat&#8220; custom_margin=&#8220;|||&#8220; custom_padding=&#8220;|||&#8220; border_width_all=&#8220;10px&#8220; border_color_all=&#8220;rgba(0,0,0,0)&#8220; border_width_top=&#8220;0px&#8220; border_color_top=&#8220;#000000&#8243; global_colors_info=&#8220;{}&#8220;][et_pb_column type=&#8220;4_4&#8243; _builder_version=&#8220;4.16&#8243; custom_padding=&#8220;25px||14px|&#8220; global_colors_info=&#8220;{}&#8220; custom_padding__hover=&#8220;|||&#8220;][et_pb_text _builder_version=&#8220;4.27.4&#8243; text_font=&#8220;Trebuchet||||||||&#8220; text_text_color=&#8220;#555555&#8243; text_font_size=&#8220;17px&#8220; text_line_height=&#8220;1.8em&#8220; header_font=&#8220;||||&#8220; header_3_font=&#8220;|700|||||||&#8220; header_3_font_size=&#8220;34px&#8220; background_size=&#8220;initial&#8220; background_position=&#8220;top_left&#8220; background_repeat=&#8220;repeat&#8220; max_width=&#8220;80%&#8220; module_alignment=&#8220;center&#8220; animation_style=&#8220;slide&#8220; animation_direction=&#8220;top&#8220; animation_intensity_slide=&#8220;4%&#8220; global_colors_info=&#8220;{}&#8220;]<h1 style=\"text-align: center;\"><b>Wie man QX\u2019ler wird<\/b><\/h1>\n<p>&nbsp;<\/p>\n<p><span style=\"font-weight: 400;\">F\u00fchrung beginnt mit Haltung. Und genau das ist es, worauf wir bei QX achten. Wir suchen Pers\u00f6nlichkeiten mit Gestaltungswillen, Exzellenz und einer offenen, verbindenden Haltung. Menschen, die nicht nur erfolgreich sein wollen, sondern auch Verantwortung \u00fcbernehmen. F\u00fcr sich, f\u00fcr andere und f\u00fcr die Zukunft.<\/span><\/p>\n<p><span style=\"font-weight: 400;\">Akademische, berufliche oder unternehmerische Erfolge sind wichtig. Entscheidend aber ist die Pers\u00f6nlichkeit. Wir achten auf Neugier, Substanz, Reflexionsf\u00e4higkeit und Charakter. Jedes Mitglied zeigt durch seine Leistungen, Erfahrungen oder sein Engagement auf mindestens zwei Gebieten Exzellenz. Das kann wirtschaftlich, sozial, k\u00fcnstlerisch, sportlich oder wissenschaftlich sein.<\/span><\/p>\n<p><span style=\"font-weight: 400;\">Offenheit, Humor und die F\u00e4higkeit, sich selbst nicht zu ernst zu nehmen, sind uns genauso wichtig wie der herausragende Werdegang. Das \u201eDu\u201c und das gemeinsame Lachen sind Teil unserer Kultur und Ausdruck eines Miteinanders auf Augenh\u00f6he.<\/span><\/p>\n<p><span style=\"font-weight: 400;\"><\/span><\/p>\n<h1 style=\"text-align: center;\"><span style=\"font-weight: 400;\"><b>Der Weg zu QX in zwei Schritten<\/b><\/span><span style=\"font-weight: 400;\"><b><\/b><\/span><\/h1>\n<p><span style=\"font-weight: 400;\"><b><\/b><\/span><\/p>\n<p><span style=\"text-decoration: underline;\"><b>1.<\/b> <b>Vorauswahl<\/b><\/span><\/p>\n<p><span style=\"font-weight: 400;\">Positive Vorauswahl anhand von Biografie, akademischen, beruflichen und pers\u00f6nlichen Leistungen sowie besonderem Engagement.<\/span><\/p>\n<p><span style=\"text-decoration: underline;\"><b>2.<\/b> <b>QX Development Center<\/b><\/span><\/p>\n<p><span style=\"font-weight: 400;\">Erfolgreiche Teilnahme am Development Center, unserem Auswahl- und Entwicklungsformat, das Potenzial sichtbar und Pers\u00f6nlichkeit erlebbar macht.<\/span><\/p>\n<p><span style=\"font-weight: 400;\">Bewerbungen (CV und vollst\u00e4ndige Unterlagen) k\u00f6nnen ganzj\u00e4hrig als einzelne PDF an <\/span><span style=\"font-weight: 400;\"><a href=\"mailto:membership@quarterly-crossing.com\">membership@quarterly-crossing.com<\/a><a href=\"mailto:membership@quarterly-crossing.com\"> <\/a><\/span><span style=\"font-weight: 400;\">eingereicht werden.<\/span><\/p>\n<p><span style=\"text-decoration: underline;\"><strong>3. Wenn Dein Unternehmen Dich unterst\u00fctzen m\u00f6chte<\/strong><\/span><span style=\"font-weight: 400;\"><\/span><span style=\"font-weight: 400;\"><b><\/b><\/span><span style=\"text-decoration: underline;\"><strong><\/strong><\/span><\/p>\n<p>Einige unserer Mitglieder werden von ihren Unternehmen gef\u00f6rdert \u2013 als Investment in ihre Leadership Journey. Unternehmen k\u00f6nnen eine QX Membership Patronage \u00fcbernehmen, um ausgew\u00e4hlte Executives oder High Potentials zu unterst\u00fctzen. Auch bei einer Patronage durchl\u00e4uft jede F\u00fchrungskraft das QX Development Center, unser Leadership Resonanz Assessment f\u00fcr neue Mitglieder, um sicherzustellen, dass Pers\u00f6nlichkeit, Reifegrad und Wertehaltung zu QX passen und die individuelle Leadership Journey sinnvoll gestaltet werden kann.<\/p>[\/et_pb_text][et_pb_button button_url=&#8220;https:\/\/quarterly-crossing.com\/membership-patronage\/&#8220; button_text=&#8220;Mehr zur Membership Patronage \u2192&#8220; button_alignment=&#8220;left&#8220; _builder_version=&#8220;4.27.4&#8243; _module_preset=&#8220;default&#8220; custom_button=&#8220;on&#8220; button_text_color=&#8220;#000000&#8243; button_border_width=&#8220;0px&#8220; button_border_radius=&#8220;3px&#8220; custom_margin=&#8220;|||84px|false|false&#8220; global_colors_info=&#8220;{}&#8220;][\/et_pb_button][et_pb_button button_url=&#8220;mailto:membership@quarterly-crossing.com&#8220; button_text=&#8220;Jetzt bewerben&#8220; button_alignment=&#8220;center&#8220; _builder_version=&#8220;4.16&#8243; custom_button=&#8220;on&#8220; button_text_color=&#8220;#000000&#8243; button_icon=&#8220;&#x41;||divi||400&#8243; global_colors_info=&#8220;{}&#8220;][\/et_pb_button][\/et_pb_column][\/et_pb_row][\/et_pb_section][et_pb_section fb_built=&#8220;1&#8243; _builder_version=&#8220;4.16&#8243; background_color=&#8220;#ededed&#8220; global_colors_info=&#8220;{}&#8220;][et_pb_row _builder_version=&#8220;4.16&#8243; global_colors_info=&#8220;{}&#8220;][et_pb_column type=&#8220;4_4&#8243; _builder_version=&#8220;4.16&#8243; global_colors_info=&#8220;{}&#8220;][et_pb_text _builder_version=&#8220;4.27.4&#8243; header_2_font=&#8220;Playfair Display||||||||&#8220; global_colors_info=&#8220;{}&#8220;]<h1 style=\"text-align: center;\"><b>Das QX Development Center \u2013 Wo Pers\u00f6nlichkeit Wirkung entfaltet<\/b><\/h1>[\/et_pb_text][\/et_pb_column][\/et_pb_row][et_pb_row column_structure=&#8220;2_5,3_5&#8243; make_equal=&#8220;on&#8220; _builder_version=&#8220;4.16&#8243; background_size=&#8220;initial&#8220; background_position=&#8220;top_left&#8220; background_repeat=&#8220;repeat&#8220; custom_margin=&#8220;|||&#8220; custom_padding=&#8220;||||false|false&#8220; border_width_all=&#8220;10px&#8220; border_color_all=&#8220;rgba(0,0,0,0)&#8220; border_width_top=&#8220;0px&#8220; border_color_top=&#8220;#000000&#8243; global_colors_info=&#8220;{}&#8220; max_width__hover_enabled=&#8220;on|hover&#8220;][et_pb_column type=&#8220;2_5&#8243; _builder_version=&#8220;4.16&#8243; background_enable_image=&#8220;off&#8220; background_position=&#8220;top_left&#8220; custom_padding=&#8220;40px|||15px&#8220; global_colors_info=&#8220;{}&#8220; custom_padding__hover=&#8220;|||&#8220;][et_pb_image src=&#8220;https:\/\/quarterly-crossing.com\/wp-content\/uploads\/2019\/12\/DSC4420-scaled.jpg&#8220; _builder_version=&#8220;4.16&#8243; global_colors_info=&#8220;{}&#8220;][\/et_pb_image][et_pb_image src=&#8220;https:\/\/quarterly-crossing.com\/wp-content\/uploads\/2019\/12\/thumb_IMG_2652_1024.jpg&#8220; _builder_version=&#8220;4.16&#8243; global_colors_info=&#8220;{}&#8220;][\/et_pb_image][et_pb_image src=&#8220;https:\/\/quarterly-crossing.com\/wp-content\/uploads\/2020\/05\/DSC4971-scaled.jpg&#8220; _builder_version=&#8220;4.16&#8243; global_colors_info=&#8220;{}&#8220;][\/et_pb_image][et_pb_image src=&#8220;https:\/\/quarterly-crossing.com\/wp-content\/uploads\/2020\/05\/DSC3811-scaled.jpg&#8220; _builder_version=&#8220;4.16&#8243; global_colors_info=&#8220;{}&#8220;][\/et_pb_image][et_pb_divider show_divider=&#8220;off&#8220; _builder_version=&#8220;4.16&#8243; max_width=&#8220;60px&#8220; module_alignment=&#8220;left&#8220; height=&#8220;0px&#8220; custom_margin=&#8220;||10px|&#8220; saved_tabs=&#8220;all&#8220; locked=&#8220;off&#8220; global_colors_info=&#8220;{}&#8220;][\/et_pb_divider][\/et_pb_column][et_pb_column type=&#8220;3_5&#8243; _builder_version=&#8220;4.16&#8243; background_enable_image=&#8220;off&#8220; background_position=&#8220;top_left&#8220; custom_padding=&#8220;40px|||15px&#8220; global_colors_info=&#8220;{}&#8220; custom_padding__hover=&#8220;|||&#8220;][et_pb_text _builder_version=&#8220;4.27.4&#8243; text_font=&#8220;Montserrat||||||||&#8220; text_text_color=&#8220;#555555&#8243; text_font_size=&#8220;17px&#8220; text_line_height=&#8220;1.8em&#8220; header_font=&#8220;||||&#8220; header_3_font=&#8220;|700|||||||&#8220; header_3_font_size=&#8220;34px&#8220; header_4_font=&#8220;Playfair Display||||||||&#8220; header_4_font_size=&#8220;28px&#8220; background_size=&#8220;initial&#8220; background_position=&#8220;top_left&#8220; background_repeat=&#8220;repeat&#8220; animation_style=&#8220;slide&#8220; animation_direction=&#8220;top&#8220; animation_intensity_slide=&#8220;4%&#8220; global_colors_info=&#8220;{}&#8220;]<p style=\"text-align: left;\"><span style=\"font-weight: 400;\">Das QX Development Center \u2013 Wo Pers\u00f6nlichkeit Resonanz entfaltet.<br \/>Das QX Development Center (DC) ist unser Auswahl- und<\/span><\/p>\n<p style=\"text-align: left;\"><span style=\"font-weight: 400;\"> Entwicklungsformat, an dem sichtbar wird, wie Pers\u00f6nlichkeit wirkt, Orientierung gibt und Resonanz erzeugt.<\/span><\/p>\n<p style=\"text-align: left;\"><span style=\"font-weight: 400;\">Es ist unser Leadership Resonanz Assessment als Akkreditierungstag f\u00fcr jene Pers\u00f6nlichkeiten, die Teil der QX Leadership Society werden m\u00f6chten; eine pr\u00e4zise Momentaufnahme ihres Reifgrads, ihrer Haltung, Energie und Future Readiness.<\/span><span style=\"font-weight: 400;\"><\/span><\/p>\n<p><span style=\"font-weight: 400;\">Jedes DC beginnt am Vorabend mit einer \u201eSerenata\u201c, einem informellen Get-together aller Teilnehmer:innen und Juroren. Bei gutem Essen, inspirierenden Gespr\u00e4chen und dem ein oder anderen Glas Wein entstehen erste Verbindungen und echte Begegnung auf Augenh\u00f6he.<\/span><\/p>\n<p><span style=\"font-weight: 400;\">Am n\u00e4chsten Tag bearbeiten die handverlesenen Kandidaten reale unternehmerische und gesellschaftliche Herausforderungen, pr\u00e4sentieren ihre Ergebnisse und stellen sich kritischen Fragen. Dabei geht es nicht um Perfektion, sondern um Haltung, Denkweise und die F\u00e4higkeit, Wirkung zu erzeugen. Im Vordergrund stehen dabei die Werte, Erwartungen, Interessen und Bed\u00fcrfnisse des Menschen selbst. Seine Authentizit\u00e4t, sein Antrieb und seine innere Klarheit.<\/span><\/p>\n<p><span style=\"font-weight: 400;\">Charisma, Kommunikationsst\u00e4rke, aber auch Ecken, Kanten und das gewisse \u201eEtwas\u201c machen den Unterschied. Menschen, die andere bewegen oder spitz gefragt: \u201eWhat makes others follow you?\u201c. Das DC sucht keine glattgeb\u00fcgelten Lebensl\u00e4ufe, sondern Pers\u00f6nlichkeiten mit Format und Substanz.<\/span><\/p>\n<p><span style=\"font-weight: 400;\">Im Verlauf des Development Centers beobachtet und reflektiert die Jury, bestehend aus erfahrenen Unternehmern und F\u00fchrungspers\u00f6nlichkeiten der QX-Community, gemeinsam mit den Teilnehmer:innen deren Wirkung, St\u00e4rken und Entwicklungspotenzial.<\/span><\/p>\n<p><span style=\"font-weight: 400;\">Alle Teilnehmenden erhalten im Anschluss ein individuelles Feedbackgespr\u00e4ch mit einer pers\u00f6nlichen Leadership-Skizze. Ein Spiegel f\u00fcr die eigene Standortbestimmung und Zukunftsplanung.<\/span><\/p>\n<p><span style=\"font-weight: 400;\">Das Ziel: nicht nur zu erkennen, wer bereits f\u00fchrt, sondern wer in Zukunft pr\u00e4gen wird.<\/span><\/p>\n<p><span style=\"font-weight: 400;\">Denn Leadership zeigt sich nicht in Worten, sondern im Denken, Handeln und in der Resonanz, die man erzeugt.<\/span><\/p>[\/et_pb_text][\/et_pb_column][\/et_pb_row][\/et_pb_section][et_pb_section fb_built=&#8220;1&#8243; _builder_version=&#8220;4.16&#8243; custom_padding=&#8220;||0px|||&#8220; global_colors_info=&#8220;{}&#8220;][et_pb_row _builder_version=&#8220;4.16&#8243; custom_padding=&#8220;||0px|||&#8220; global_colors_info=&#8220;{}&#8220;][et_pb_column type=&#8220;4_4&#8243; _builder_version=&#8220;4.16&#8243; global_colors_info=&#8220;{}&#8220;][et_pb_text _builder_version=&#8220;4.27.4&#8243; text_font=&#8220;Montserrat||||||||&#8220; text_text_color=&#8220;#555555&#8243; text_font_size=&#8220;23px&#8220; text_line_height=&#8220;1.8em&#8220; header_font=&#8220;||||&#8220; header_3_font=&#8220;|700|||||||&#8220; header_3_font_size=&#8220;34px&#8220; background_size=&#8220;initial&#8220; background_position=&#8220;top_left&#8220; background_repeat=&#8220;repeat&#8220; custom_padding=&#8220;||0px|||&#8220; animation_style=&#8220;slide&#8220; animation_direction=&#8220;top&#8220; animation_intensity_slide=&#8220;4%&#8220; global_colors_info=&#8220;{}&#8220;]<p style=\"text-align: center;\"><em style=\"font-size: 23px;\">Termine:<\/em><\/p>\n<p style=\"text-align: center;\">\u00a010. M\u00e4rz 2026<\/p>\n<p style=\"text-align: center;\">14. April 2026<\/p>\n<p style=\"text-align: center;\">19. Mai 2026<\/p>\n<p style=\"text-align: center;\">02. Juni 2026<\/p>\n<p>&nbsp;<\/p>[\/et_pb_text][\/et_pb_column][\/et_pb_row][\/et_pb_section]","protected":false},"excerpt":{"rendered":"<p>Wie man QX\u2019ler wird &nbsp; F\u00fchrung beginnt mit Haltung. Und genau das ist es, worauf wir bei QX achten. Wir suchen Pers\u00f6nlichkeiten mit Gestaltungswillen, Exzellenz und einer offenen, verbindenden Haltung. Menschen, die nicht nur erfolgreich sein wollen, sondern auch Verantwortung \u00fcbernehmen. F\u00fcr sich, f\u00fcr andere und f\u00fcr die Zukunft. Akademische, berufliche oder unternehmerische Erfolge sind [&hellip;]<\/p>","protected":false},"author":7,"featured_media":0,"parent":0,"menu_order":0,"comment_status":"closed","ping_status":"closed","template":"","meta":{"_et_pb_use_builder":"on","_et_pb_old_content":"<!-- wp:divi\/placeholder \/-->\n\n<!-- wp:paragraph -->\n<p><\/p>\n<!-- \/wp:paragraph -->","_et_gb_content_width":""},"_links":{"self":[{"href":"https:\/\/quarterly-crossing.com\/en\/wp-json\/wp\/v2\/pages\/4909"}],"collection":[{"href":"https:\/\/quarterly-crossing.com\/en\/wp-json\/wp\/v2\/pages"}],"about":[{"href":"https:\/\/quarterly-crossing.com\/en\/wp-json\/wp\/v2\/types\/page"}],"author":[{"embeddable":true,"href":"https:\/\/quarterly-crossing.com\/en\/wp-json\/wp\/v2\/users\/7"}],"replies":[{"embeddable":true,"href":"https:\/\/quarterly-crossing.com\/en\/wp-json\/wp\/v2\/comments?post=4909"}],"version-history":[{"count":12,"href":"https:\/\/quarterly-crossing.com\/en\/wp-json\/wp\/v2\/pages\/4909\/revisions"}],"predecessor-version":[{"id":5184,"href":"https:\/\/quarterly-crossing.com\/en\/wp-json\/wp\/v2\/pages\/4909\/revisions\/5184"}],"wp:attachment":[{"href":"https:\/\/quarterly-crossing.com\/en\/wp-json\/wp\/v2\/media?parent=4909"}],"curies":[{"name":"wp","href":"https:\/\/api.w.org\/{rel}","templated":true}]}}