{"id":4904,"date":"2025-11-14T16:27:35","date_gmt":"2025-11-14T15:27:35","guid":{"rendered":"https:\/\/quarterly-crossing.com\/?page_id=4904"},"modified":"2025-12-05T14:53:31","modified_gmt":"2025-12-05T13:53:31","slug":"icu-scholarship","status":"publish","type":"page","link":"https:\/\/quarterly-crossing.com\/en\/icu-scholarship\/","title":{"rendered":"ICU-Scholarship"},"content":{"rendered":"<p>[et_pb_section fb_built=&#8220;1&#8243; _builder_version=&#8220;4.16&#8243; custom_padding=&#8220;||0px|||&#8220; global_colors_info=&#8220;{}&#8220;][et_pb_row column_structure=&#8220;1_3,2_3&#8243; make_equal=&#8220;on&#8220; _builder_version=&#8220;4.16&#8243; background_size=&#8220;initial&#8220; background_position=&#8220;top_left&#8220; background_repeat=&#8220;repeat&#8220; custom_margin=&#8220;-50px||||false|false&#8220; custom_padding=&#8220;|||&#8220; border_width_all=&#8220;10px&#8220; border_color_all=&#8220;rgba(0,0,0,0)&#8220; global_colors_info=&#8220;{}&#8220;][et_pb_column type=&#8220;1_3&#8243; _builder_version=&#8220;4.16&#8243; background_enable_image=&#8220;off&#8220; background_position=&#8220;top_left&#8220; custom_padding=&#8220;40px|||15px&#8220; global_colors_info=&#8220;{}&#8220; custom_padding__hover=&#8220;|||&#8220;][et_pb_image src=&#8220;https:\/\/quarterly-crossing.com\/wp-content\/uploads\/2025\/11\/icu-1-scaled.jpg&#8220; title_text=&#8220;icu 1&#8243; _builder_version=&#8220;4.27.4&#8243; global_colors_info=&#8220;{}&#8220;][\/et_pb_image][et_pb_image src=&#8220;https:\/\/quarterly-crossing.com\/wp-content\/uploads\/2025\/11\/icu-2.jpg&#8220; title_text=&#8220;icu 2&#8243; _builder_version=&#8220;4.27.4&#8243; global_colors_info=&#8220;{}&#8220;][\/et_pb_image][et_pb_divider show_divider=&#8220;off&#8220; _builder_version=&#8220;4.16&#8243; max_width=&#8220;60px&#8220; module_alignment=&#8220;left&#8220; height=&#8220;0px&#8220; custom_margin=&#8220;||10px|&#8220; saved_tabs=&#8220;all&#8220; locked=&#8220;off&#8220; global_colors_info=&#8220;{}&#8220;][\/et_pb_divider][\/et_pb_column][et_pb_column type=&#8220;2_3&#8243; _builder_version=&#8220;4.16&#8243; custom_padding=&#8220;25px||14px|&#8220; global_colors_info=&#8220;{}&#8220; custom_padding__hover=&#8220;|||&#8220;][et_pb_text disabled_on=&#8220;on|on|off&#8220; _builder_version=&#8220;4.27.4&#8243; text_font=&#8220;Trebuchet||||||||&#8220; header_font=&#8220;Trebuchet||||||||&#8220; header_2_font=&#8220;Trebuchet||||||||&#8220; header_2_font_size=&#8220;55px&#8220; header_2_line_height=&#8220;1.3em&#8220; background_size=&#8220;initial&#8220; background_position=&#8220;top_left&#8220; background_repeat=&#8220;repeat&#8220; custom_margin=&#8220;50px||||false|false&#8220; custom_margin_tablet=&#8220;0px||||false|false&#8220; custom_margin_phone=&#8220;&#8220; custom_margin_last_edited=&#8220;on|phone&#8220; header_2_font_size_tablet=&#8220;50px&#8220; header_2_font_size_phone=&#8220;40px&#8220; header_2_font_size_last_edited=&#8220;on|tablet&#8220; global_colors_info=&#8220;{}&#8220; header_font_size__hover=&#8220;30px&#8220; header_font_size__hover_enabled=&#8220;30px&#8220; header_letter_spacing__hover=&#8220;0px&#8220; header_letter_spacing__hover_enabled=&#8220;0px&#8220; header_text_shadow_style__hover=&#8220;none&#8220; header_text_shadow_style__hover_enabled=&#8220;none&#8220; header_text_shadow_color__hover=&#8220;rgba(0,0,0,0.4)&#8220; header_text_shadow_color__hover_enabled=&#8220;rgba(0,0,0,0.4)&#8220;]<\/p>\n<h1><strong>ICU-Scholarship &#8211; The Future of Leadership<\/strong><\/h1>\n<p>[\/et_pb_text][et_pb_text _builder_version=&#8220;4.27.4&#8243; text_font=&#8220;Trebuchet||||||||&#8220; text_text_color=&#8220;#555555&#8243; text_font_size=&#8220;17px&#8220; text_line_height=&#8220;1.8em&#8220; header_font=&#8220;||||&#8220; background_size=&#8220;initial&#8220; background_position=&#8220;top_left&#8220; background_repeat=&#8220;repeat&#8220; max_width=&#8220;700px&#8220; animation_style=&#8220;slide&#8220; animation_direction=&#8220;top&#8220; animation_intensity_slide=&#8220;4%&#8220; text_font_size_tablet=&#8220;&#8220; text_font_size_phone=&#8220;16px&#8220; text_font_size_last_edited=&#8220;on|phone&#8220; global_colors_info=&#8220;{}&#8220;]<\/p>\n<p><span style=\"font-weight: 400;\">Das ICU-Scholarship (<\/span><i><span style=\"font-weight: 400;\">Identifying and Cultivating Unusual Leadership<\/span><\/i><span style=\"font-weight: 400;\">) ist das Leadership-Stipendium der QX Leadership Society. Eine Auszeichnung f\u00fcr die au\u00dfergew\u00f6hnlichsten jungen Pers\u00f6nlichkeiten mit F\u00fchrungs- und Gestaltungspotenzial.<\/span><\/p>\n<p><span style=\"font-weight: 400;\">Aus tausenden Bewerbungen von \u00fcber 400 Hochschulen im deutschsprachigen Raum werden jedes Jahr die Top 40 zum ICU Leadership Finale eingeladen. Zwei Tage, die inspirieren, fordern und verbinden. Hier z\u00e4hlt nicht Titel, Noten oder Status, sondern Haltung, Substanz und Vertrauen. Leadership beginnt nicht mit einem Titel, sondern mit der Wirkung, die Du in anderen ausl\u00f6st.<\/span><\/p>\n<p><span style=\"font-weight: 400;\">Am Ende werden j\u00e4hrlich 10 \u201eICU Scholars\u201c ausgelobt, die zeigen, dass wahre F\u00fchrung nicht durch Anspruch entsteht, sondern durch Relevanz, Authentizit\u00e4t und den Mut, Verantwortung zu \u00fcbernehmen, sowie durch Pr\u00e4senz, Haltung und Wirkung andere inspirieren.<\/span><\/p>\n<p><span style=\"font-weight: 400;\">Das ICU Scholarship ist kein Leistungs-, sondern ein Resonanzstipendium. Eine B\u00fchne f\u00fcr Charakter, Bewusstsein und Zukunftskraft. ICU Scholars erhalten f\u00fcr ein Jahr Carte-Blanche-Access zu allen QX-Veranstaltungen weltweit und werden Teil eines Reverse-Mentoring-Tandems mit Unternehmer:innen und F\u00fchrungspers\u00f6nlichkeiten unserer Zeit.<\/span><\/p>\n<p><span style=\"font-weight: 400;\">Sie gewinnen Sichtbarkeit, Vertrauen und Zugang zu einem Kreis, in dem Wirkung mehr z\u00e4hlt als Worte und Leadership nicht definiert wird durch Macht, sondern durch Menschlichkeit. Und durch die Kunst, sein eigenes Ikigai zu finden und sprichw\u00f6rtlich \u201ein seinem Element\u201c zu sein.\u00a0<\/span><\/p>\n<p><span style=\"font-weight: 400;\">Das ICU Scholarship ist der Beweis: Zukunft entsteht dort, wo Haltung auf Freude trifft <\/span><span style=\"font-size: 17px;\">und Wirkung zu Verantwortung wird.<\/span><\/p>\n<p>[\/et_pb_text][\/et_pb_column][\/et_pb_row][\/et_pb_section]<\/p>","protected":false},"excerpt":{"rendered":"<p>ICU-Scholarship &#8211; The Future of LeadershipDas ICU-Scholarship (Identifying and Cultivating Unusual Leadership) ist das Leadership-Stipendium der QX Leadership Society. Eine Auszeichnung f\u00fcr die au\u00dfergew\u00f6hnlichsten jungen Pers\u00f6nlichkeiten mit F\u00fchrungs- und Gestaltungspotenzial. Aus tausenden Bewerbungen von \u00fcber 400 Hochschulen im deutschsprachigen Raum werden jedes Jahr die Top 40 zum ICU Leadership Finale eingeladen. Zwei Tage, die inspirieren, [&hellip;]<\/p>","protected":false},"author":7,"featured_media":0,"parent":0,"menu_order":0,"comment_status":"closed","ping_status":"closed","template":"","meta":{"_et_pb_use_builder":"on","_et_pb_old_content":"<!-- wp:divi\/placeholder \/-->","_et_gb_content_width":""},"_links":{"self":[{"href":"https:\/\/quarterly-crossing.com\/en\/wp-json\/wp\/v2\/pages\/4904"}],"collection":[{"href":"https:\/\/quarterly-crossing.com\/en\/wp-json\/wp\/v2\/pages"}],"about":[{"href":"https:\/\/quarterly-crossing.com\/en\/wp-json\/wp\/v2\/types\/page"}],"author":[{"embeddable":true,"href":"https:\/\/quarterly-crossing.com\/en\/wp-json\/wp\/v2\/users\/7"}],"replies":[{"embeddable":true,"href":"https:\/\/quarterly-crossing.com\/en\/wp-json\/wp\/v2\/comments?post=4904"}],"version-history":[{"count":8,"href":"https:\/\/quarterly-crossing.com\/en\/wp-json\/wp\/v2\/pages\/4904\/revisions"}],"predecessor-version":[{"id":5121,"href":"https:\/\/quarterly-crossing.com\/en\/wp-json\/wp\/v2\/pages\/4904\/revisions\/5121"}],"wp:attachment":[{"href":"https:\/\/quarterly-crossing.com\/en\/wp-json\/wp\/v2\/media?parent=4904"}],"curies":[{"name":"wp","href":"https:\/\/api.w.org\/{rel}","templated":true}]}}