{"id":4894,"date":"2025-11-14T16:22:51","date_gmt":"2025-11-14T15:22:51","guid":{"rendered":"https:\/\/quarterly-crossing.com\/?page_id=4894"},"modified":"2025-12-05T13:55:04","modified_gmt":"2025-12-05T12:55:04","slug":"individuelle-begleitung","status":"publish","type":"page","link":"https:\/\/quarterly-crossing.com\/en\/individuelle-begleitung\/","title":{"rendered":"Individuelle Begleitung"},"content":{"rendered":"<p>[et_pb_section fb_built=&#8220;1&#8243; _builder_version=&#8220;4.16&#8243; global_colors_info=&#8220;{}&#8220;][et_pb_row _builder_version=&#8220;4.16&#8243; global_colors_info=&#8220;{}&#8220;][et_pb_column type=&#8220;4_4&#8243; _builder_version=&#8220;4.16&#8243; global_colors_info=&#8220;{}&#8220;][et_pb_text _builder_version=&#8220;4.27.4&#8243; global_colors_info=&#8220;{}&#8220;]<\/p>\n<h1 style=\"text-align: center;\"><b>Individuelle Begleitung<\/b><\/h1>\n<p>[\/et_pb_text][et_pb_text _builder_version=&#8220;4.27.4&#8243; text_font=&#8220;||||||||&#8220; text_text_color=&#8220;#555555&#8243; text_font_size=&#8220;17px&#8220; text_line_height=&#8220;1.8em&#8220; header_font=&#8220;||||&#8220; background_size=&#8220;initial&#8220; background_position=&#8220;top_left&#8220; background_repeat=&#8220;repeat&#8220; animation_style=&#8220;slide&#8220; animation_direction=&#8220;top&#8220; animation_intensity_slide=&#8220;4%&#8220; hover_enabled=&#8220;0&#8243; global_colors_info=&#8220;{}&#8220; sticky_enabled=&#8220;0&#8243;]<\/p>\n<p><span style=\"font-weight: 400;\">QX begleitet Menschen, die gestalten. Pers\u00f6nlich, vertraulich und mit einem Verst\u00e4ndnis, das aus \u00fcber drei Jahrzehnten F\u00fchrungserfahrung gewachsen ist.<\/span><\/p>\n<p><span style=\"font-weight: 400;\">Jedes Mitglied hat bei uns einen Wingman &#8211; eine konstante Bezugsperson, die inspiriert, vernetzt und den eigenen Weg aktiv begleitet. Er ist Sparringspartner, Wegweiser und Resonanzraum f\u00fcr das, was als N\u00e4chstes entstehen soll.<\/span><\/p>\n<p><span style=\"font-weight: 400;\">Erg\u00e4nzt wird dieses Modell durch das Mentoring der erfahrenen Leadership-Crew von QX, die \u00fcber Jahrzehnte hinweg Top-Unternehmer, Entscheider und k\u00fcnftige Leader sprichw\u00f6rtlich vom Studium bis in den Vorstand durch Wendepunkte, Transformationen und Lebensphasen begleitet haben. Kein Coach und keine Institution sonst auf der Welt haben in dieser Anzahl und Dichte so viele au\u00dfergew\u00f6hnliche Pers\u00f6nlichkeiten \u00fcber so lange Zeitr\u00e4ume erlebt, so viele Erfahrungen gesammelt, Perspektiven verdichtet und echte Handlungsalternativen entwickelt.<\/span><\/p>\n<p><span style=\"font-weight: 400;\">Dieses Wissen ist ein Kapital, das keine Technologie ersetzen kann, weil es auf gelebter N\u00e4he, Erfahrung und Verantwortung beruht. So entstehen R\u00e4ume, die Klarheit schaffen, Blockaden l\u00f6sen und neue Perspektiven \u00f6ffnen. Damit F\u00fchrung dort entsteht, wo sie am meisten Wirkung entfaltet.<\/span><\/p>\n<p><span style=\"font-weight: 400;\">Strategisch. Menschlich. Effektiv.<\/span><\/p>\n<p style=\"text-align: left;\">[\/et_pb_text][\/et_pb_column][\/et_pb_row][et_pb_row _builder_version=&#8220;4.16&#8243; global_colors_info=&#8220;{}&#8220;][et_pb_column type=&#8220;4_4&#8243; _builder_version=&#8220;4.16&#8243; global_colors_info=&#8220;{}&#8220;][et_pb_image src=&#8220;https:\/\/quarterly-crossing.com\/wp-content\/uploads\/2020\/01\/Yannick_1on1-010-scaled.jpg&#8220; _builder_version=&#8220;4.16&#8243; global_colors_info=&#8220;{}&#8220;][\/et_pb_image][\/et_pb_column][\/et_pb_row][et_pb_row column_structure=&#8220;3_5,2_5&#8243; _builder_version=&#8220;4.16&#8243; global_colors_info=&#8220;{}&#8220;][et_pb_column type=&#8220;3_5&#8243; _builder_version=&#8220;4.16&#8243; global_colors_info=&#8220;{}&#8220;][et_pb_accordion _builder_version=&#8220;4.16&#8243; global_colors_info=&#8220;{}&#8220;][et_pb_accordion_item title=&#8220;Coaching on Demand&#8220; open=&#8220;on&#8220; _builder_version=&#8220;4.16&#8243; global_colors_info=&#8220;{}&#8220;]<\/p>\n<p>The opening of new perspectives and long-term support through pivotal and critical phases of both personal and professional life.<\/p>\n<p>[\/et_pb_accordion_item][et_pb_accordion_item title=&#8220;Intros on Demand&#8220; _builder_version=&#8220;4.16&#8243; global_colors_info=&#8220;{}&#8220; open=&#8220;off&#8220;]<\/p>\n<p>The facilitation of direct connections to key decision-makers. Here, the long-term credibility of our recommendation always outweighs short-term benefits\u2014it determines whether our support continues to be perceived as a true asset even years down the line.<\/p>\n<p>[\/et_pb_accordion_item][et_pb_accordion_item title=&#8220;Mentoring on Demand&#8220; _builder_version=&#8220;4.16&#8243; global_colors_info=&#8220;{}&#8220; open=&#8220;off&#8220;]<\/p>\n<p>The ability to reach out at any time to a familiar face\u2014driven by a deep passion for recognizing individuals' unique career and life aspirations and actively supporting them in achieving their goals.<\/p>\n<p>[\/et_pb_accordion_item][et_pb_accordion_item title=&#8220;Sparring on Demand&#8220; _builder_version=&#8220;4.16&#8243; global_colors_info=&#8220;{}&#8220; open=&#8220;off&#8220;]<\/p>\n<p>The trusted \"best-practice sharing\" at eye level in an intimate setting, fulfilling both professional and personal exchange needs.<\/p>\n<p>[\/et_pb_accordion_item][\/et_pb_accordion][et_pb_button button_url=&#8220;https:\/\/quarterly-crossing.com\/jetzt-mitglied-werden&#8220; url_new_window=&#8220;on&#8220; button_text=&#8220;Jetzt bewerben&#8220; button_alignment=&#8220;center&#8220; _builder_version=&#8220;4.16&#8243; custom_button=&#8220;on&#8220; button_text_color=&#8220;#000000&#8243; button_icon=&#8220;&#x41;||divi||400&#8243; global_colors_info=&#8220;{}&#8220;][\/et_pb_button][\/et_pb_column][et_pb_column type=&#8220;2_5&#8243; _builder_version=&#8220;4.16&#8243; global_colors_info=&#8220;{}&#8220;][et_pb_image src=&#8220;https:\/\/quarterly-crossing.com\/wp-content\/uploads\/2020\/01\/Thomas_1on1-13-scaled.jpg&#8220; _builder_version=&#8220;4.16&#8243; global_colors_info=&#8220;{}&#8220;][\/et_pb_image][et_pb_image src=&#8220;https:\/\/quarterly-crossing.com\/wp-content\/uploads\/2020\/01\/Rene_1on1-17-scaled.jpg&#8220; _builder_version=&#8220;4.16&#8243; global_colors_info=&#8220;{}&#8220;][\/et_pb_image][\/et_pb_column][\/et_pb_row][\/et_pb_section]<\/p>","protected":false},"excerpt":{"rendered":"<p>Individuelle BegleitungQX begleitet Menschen, die gestalten. Pers\u00f6nlich, vertraulich und mit einem Verst\u00e4ndnis, das aus \u00fcber drei Jahrzehnten F\u00fchrungserfahrung gewachsen ist. Jedes Mitglied hat bei uns einen Wingman &#8211; eine konstante Bezugsperson, die inspiriert, vernetzt und den eigenen Weg aktiv begleitet. Er ist Sparringspartner, Wegweiser und Resonanzraum f\u00fcr das, was als N\u00e4chstes entstehen soll. Erg\u00e4nzt wird [&hellip;]<\/p>","protected":false},"author":7,"featured_media":0,"parent":0,"menu_order":0,"comment_status":"closed","ping_status":"closed","template":"","meta":{"_et_pb_use_builder":"on","_et_pb_old_content":"<!-- wp:divi\/placeholder \/-->","_et_gb_content_width":""},"_links":{"self":[{"href":"https:\/\/quarterly-crossing.com\/en\/wp-json\/wp\/v2\/pages\/4894"}],"collection":[{"href":"https:\/\/quarterly-crossing.com\/en\/wp-json\/wp\/v2\/pages"}],"about":[{"href":"https:\/\/quarterly-crossing.com\/en\/wp-json\/wp\/v2\/types\/page"}],"author":[{"embeddable":true,"href":"https:\/\/quarterly-crossing.com\/en\/wp-json\/wp\/v2\/users\/7"}],"replies":[{"embeddable":true,"href":"https:\/\/quarterly-crossing.com\/en\/wp-json\/wp\/v2\/comments?post=4894"}],"version-history":[{"count":8,"href":"https:\/\/quarterly-crossing.com\/en\/wp-json\/wp\/v2\/pages\/4894\/revisions"}],"predecessor-version":[{"id":5097,"href":"https:\/\/quarterly-crossing.com\/en\/wp-json\/wp\/v2\/pages\/4894\/revisions\/5097"}],"wp:attachment":[{"href":"https:\/\/quarterly-crossing.com\/en\/wp-json\/wp\/v2\/media?parent=4894"}],"curies":[{"name":"wp","href":"https:\/\/api.w.org\/{rel}","templated":true}]}}