{"id":173,"date":"2019-06-14T16:34:22","date_gmt":"2019-06-14T14:34:22","guid":{"rendered":"https:\/\/quarterly-crossing.com\/?page_id=173"},"modified":"2025-12-05T14:57:54","modified_gmt":"2025-12-05T13:57:54","slug":"qx-leadership-academy","status":"publish","type":"page","link":"https:\/\/quarterly-crossing.com\/en\/qx-leadership-academy\/","title":{"rendered":"QX-Leadership Academy"},"content":{"rendered":"<p>[et_pb_section fb_built=&#8220;1&#8243; _builder_version=&#8220;4.16&#8243; global_colors_info=&#8220;{}&#8220;][et_pb_row _builder_version=&#8220;4.16&#8243; global_colors_info=&#8220;{}&#8220;][et_pb_column type=&#8220;4_4&#8243; _builder_version=&#8220;4.16&#8243; global_colors_info=&#8220;{}&#8220;][et_pb_text _builder_version=&#8220;4.27.4&#8243; text_font=&#8220;Trebuchet||||||||&#8220; global_colors_info=&#8220;{}&#8220;]<\/p>\n<h1 style=\"text-align: center;\"><strong>QX-Leadership Academy \u2013 Wo F\u00fchrung w\u00e4chst<\/strong><\/h1>\n<p>[\/et_pb_text][et_pb_text _builder_version=&#8220;4.27.4&#8243; text_font=&#8220;Trebuchet||||||||&#8220; text_font_size=&#8220;17px&#8220; custom_padding=&#8220;||0px|||&#8220; global_colors_info=&#8220;{}&#8220;]<\/p>\n<p><span style=\"font-weight: 400;\">Die QX-Leadership Academy ist das Kompetenzzentrum f\u00fcr Leadership, Kommunikation und pers\u00f6nliche Wirksamkeit innerhalb der QX-Community.<\/span><\/p>\n<p><span style=\"font-weight: 400;\">Sie vereint die besten K\u00f6pfe aus Wirtschaft, Wissenschaft und Praxis, um F\u00fchrungskr\u00e4fte auf dem neuesten Stand von Denken, Handeln und Haltung zu halten und um Leadership zu kultivieren, die Zukunft gestaltet.<\/span><\/p>\n<p><span style=\"text-decoration: underline;\"><span style=\"font-weight: 400;\">Das Curriculum umfasst:<\/span><\/span><\/p>\n<ul>\n<li style=\"font-weight: 400;\" aria-level=\"1\"><span style=\"font-weight: 400;\">F\u00fchrungsfach- und Softskill-Seminare zu Themen wie Kommunikation, Entscheidungsst\u00e4rke, Influence &amp; Empathy: geleitet von f\u00fchrenden Expert:innen und Dozierenden ihres Fachs.<\/span><\/li>\n<li style=\"font-weight: 400;\" aria-level=\"1\"><span style=\"font-weight: 400;\">Signature Dialogues &amp; Soir\u00e9es: Begegnungen mit Unternehmern, Entscheidern, Wissenschaftlern und Vordenkern, die als unzweifelhafte Autorit\u00e4ten ihrer Disziplin gelten.<\/span><\/li>\n<li style=\"font-weight: 400;\" aria-level=\"1\"><span style=\"font-weight: 400;\">Leader-to-Coach-Programme: Ausbildung f\u00fcr F\u00fchrungspers\u00f6nlichkeiten, die Menschen nicht nur f\u00fchren, sondern bef\u00e4higen wollen.\u00a0<\/span><\/li>\n<li style=\"font-weight: 400;\" aria-level=\"1\"><span style=\"font-weight: 400;\">Aufsichts- und Beiratsausbildung in Kooperation mit der Deutschen B\u00f6rse und der Steinbeis-Hochschule, f\u00fcr verantwortungsvolle Mandatstr\u00e4ger:innen und Board Professionals.<\/span><\/li>\n<li style=\"font-weight: 400;\" aria-level=\"1\"><span style=\"font-weight: 400;\">Speaker-Ausbildung: f\u00fcr Pers\u00f6nlichkeiten, die mit Sprache bewegen und mit Klarheit f\u00fchren.<\/span><\/li>\n<\/ul>\n<p><span style=\"text-decoration: underline;\"><span style=\"font-weight: 400;\">Ort und Anspruch:<\/span><\/span><\/p>\n<p><span style=\"font-weight: 400;\">Die QX-Leadership Academy findet in der QX-Manor statt als einem Ort des Lernens, der Begegnung und der tiefen Inspiration.\u00a0<\/span><\/p>\n<p><span style=\"font-weight: 400;\">Hier verbinden sich Wissen und Erfahrung zu echter Bef\u00e4higung. Jede \u201eAcademy-Kohorte\u201c eines jeden Seminars wird f\u00fcr sich selbst zu einem Netzwerk von Peers, das als Sparringspartner weit dar\u00fcber hinaus tr\u00e4gt.<\/span><span style=\"font-weight: 400;\"><\/span><\/p>\n<p><span style=\"text-decoration: underline;\"><span style=\"font-weight: 400;\">Philosophie:<\/span><\/span><\/p>\n<p><span style=\"font-weight: 400;\">F\u00fchrung beginnt im Inneren. Sie bedeutet, Energie zu lenken und Verantwortung zu gestalten.<\/span><\/p>\n<p><span style=\"font-weight: 400;\">In einer Zeit, in der Technologie beschleunigt und Komplexit\u00e4t w\u00e4chst, braucht es F\u00fchrung, die Bewusstsein schafft, Orientierung gibt und Wirkung entfaltet.<\/span><\/p>\n<p><span style=\"font-weight: 400;\">Die QX-Leadership Academy ist daf\u00fcr gebaut, als state-of-the-art Entwicklungsraum f\u00fcr Menschen, die ihr eigenes F\u00fchrungsverst\u00e4ndnis kl\u00e4ren, erweitern und kultivieren wollen.<\/span><\/p>\n<p>[\/et_pb_text][\/et_pb_column][\/et_pb_row][et_pb_row _builder_version=&#8220;4.16&#8243; global_colors_info=&#8220;{}&#8220;][et_pb_column type=&#8220;4_4&#8243; _builder_version=&#8220;4.16&#8243; global_colors_info=&#8220;{}&#8220;][et_pb_testimonial author=&#8220;Michael L\u00f6hner&#8220; job_title=&#8220;DAX40-Vorstandscoach&#8220; portrait_url=&#8220;https:\/\/quarterly-crossing.com\/wp-content\/uploads\/2019\/06\/Michael-L\u00f6hner.jpg&#8220; quote_icon_color=&#8220;#000000&#8243; quote_icon_background_color=&#8220;#ffffff&#8220; use_icon_font_size=&#8220;on&#8220; icon_font_size=&#8220;40px&#8220; _builder_version=&#8220;4.16&#8243; body_font=&#8220;Trebuchet||||||||&#8220; background_color=&#8220;#ededed&#8220; max_width=&#8220;900px&#8220; module_alignment=&#8220;center&#8220; min_height=&#8220;180px&#8220; custom_margin=&#8220;20px||||false|false&#8220; custom_css_main_element=&#8220;border-radius:10px;&#8220; global_colors_info=&#8220;{}&#8220;]<\/p>\n<h5>\u201eNiemand bleibt klein, der Vertrauen in seine Entwicklung erf\u00e4hrt.\u201c <\/h5>\n<p>[\/et_pb_testimonial][\/et_pb_column][\/et_pb_row][\/et_pb_section]<\/p>","protected":false},"excerpt":{"rendered":"<p>QX-Leadership Academy \u2013 Wo F\u00fchrung w\u00e4chstDie QX-Leadership Academy ist das Kompetenzzentrum f\u00fcr Leadership, Kommunikation und pers\u00f6nliche Wirksamkeit innerhalb der QX-Community. Sie vereint die besten K\u00f6pfe aus Wirtschaft, Wissenschaft und Praxis, um F\u00fchrungskr\u00e4fte auf dem neuesten Stand von Denken, Handeln und Haltung zu halten und um Leadership zu kultivieren, die Zukunft gestaltet. Das Curriculum umfasst: F\u00fchrungsfach- [&hellip;]<\/p>","protected":false},"author":1,"featured_media":0,"parent":0,"menu_order":0,"comment_status":"closed","ping_status":"closed","template":"","meta":{"_et_pb_use_builder":"on","_et_pb_old_content":"","_et_gb_content_width":""},"_links":{"self":[{"href":"https:\/\/quarterly-crossing.com\/en\/wp-json\/wp\/v2\/pages\/173"}],"collection":[{"href":"https:\/\/quarterly-crossing.com\/en\/wp-json\/wp\/v2\/pages"}],"about":[{"href":"https:\/\/quarterly-crossing.com\/en\/wp-json\/wp\/v2\/types\/page"}],"author":[{"embeddable":true,"href":"https:\/\/quarterly-crossing.com\/en\/wp-json\/wp\/v2\/users\/1"}],"replies":[{"embeddable":true,"href":"https:\/\/quarterly-crossing.com\/en\/wp-json\/wp\/v2\/comments?post=173"}],"version-history":[{"count":2,"href":"https:\/\/quarterly-crossing.com\/en\/wp-json\/wp\/v2\/pages\/173\/revisions"}],"predecessor-version":[{"id":5123,"href":"https:\/\/quarterly-crossing.com\/en\/wp-json\/wp\/v2\/pages\/173\/revisions\/5123"}],"wp:attachment":[{"href":"https:\/\/quarterly-crossing.com\/en\/wp-json\/wp\/v2\/media?parent=173"}],"curies":[{"name":"wp","href":"https:\/\/api.w.org\/{rel}","templated":true}]}}