{"id":1643,"date":"2019-12-12T15:34:48","date_gmt":"2019-12-12T14:34:48","guid":{"rendered":"https:\/\/quarterly-crossing.com\/?page_id=1643"},"modified":"2021-07-12T15:15:26","modified_gmt":"2021-07-12T13:15:26","slug":"datenschutz","status":"publish","type":"page","link":"https:\/\/quarterly-crossing.com\/en\/datenschutz\/","title":{"rendered":"Privacy Policy"},"content":{"rendered":"<p>[et_pb_section fb_built=&#8220;1&#8243; _builder_version=&#8220;3.24&#8243; custom_padding=&#8220;||0px|||&#8220;][et_pb_row make_equal=&#8220;on&#8220; _builder_version=&#8220;4.0.6&#8243; background_size=&#8220;initial&#8220; background_position=&#8220;top_left&#8220; background_repeat=&#8220;repeat&#8220; custom_margin=&#8220;|||&#8220; custom_padding=&#8220;|||&#8220; border_width_all=&#8220;10px&#8220; border_color_all=&#8220;rgba(0,0,0,0)&#8220; border_width_top=&#8220;0px&#8220; border_color_top=&#8220;#000000&#8243;][et_pb_column type=&#8220;4_4&#8243; _builder_version=&#8220;3.25&#8243; custom_padding=&#8220;25px||14px|&#8220; custom_padding__hover=&#8220;|||&#8220;][et_pb_text _builder_version=&#8220;4.4.0&#8243; text_font=&#8220;Montserrat||||||||&#8220; text_text_color=&#8220;#555555&#8243; text_font_size=&#8220;17px&#8220; text_line_height=&#8220;1.8em&#8220; header_font=&#8220;||||&#8220; header_3_font=&#8220;|700|||||||&#8220; header_3_font_size=&#8220;34px&#8220; background_size=&#8220;initial&#8220; background_position=&#8220;top_left&#8220; background_repeat=&#8220;repeat&#8220; animation_style=&#8220;slide&#8220; animation_direction=&#8220;top&#8220; animation_intensity_slide=&#8220;4%&#8220; hover_enabled=&#8220;0&#8243;]<\/p>\n<h1 style=\"text-align: center;\">Datenschutzerkl\u00e4rung<\/h1>\n<p>&nbsp;<\/p>\n<p>&nbsp;<\/p>\n<div class=\"page_content\">\n<h2><\/h2>\n<h2><\/h2>\n<h2>Verantwortliche Stelle<\/h2>\n<div class=\"content_float\">\n<div class=\"content_img\" style=\"width: 470px;\"><\/div>\n<\/div>\n<div class=\"float\">\n<p>Verantwortliche Stelle f\u00fcr die Erhebung, Verarbeitung und Nutzung Ihrer personenbezogenen Daten im Sinne des Bundesdatenschutzgesetzes (BDSG) ist<\/p>\n<p>QX-Quarterly Crossing GmbH, Lerchesbergring 96, 60598 Frankfurt am Main<\/p>\n<p>Sofern Sie der Erhebung, Verarbeitung oder Nutzung Ihrer Daten durch QX-Quarterly Crossing GmbH gem\u00e4\u00df den datenschutzrechtlichen Bestimmungen insgesamt oder f\u00fcr einzelne Ma\u00dfnahmen widersprechen m\u00f6chten, richten Sie Ihren Widerspruch per Brief an folgende Kontaktdaten:<\/p>\n<p>QX-Quarterly Crossing GmbH, Lerchesbergring 96, 60598 Frankfurt am Main<\/p>\n<p>Wir legen gr\u00f6\u00dften Wert auf den Schutz Ihrer Daten und die Wahrung Ihrer Privatsph\u00e4re. Nachstehend informieren wir Sie deshalb \u00fcber die Erhebung und Verwendung pers\u00f6nlicher Daten bei Nutzung unserer Webseite.<\/p>\n<p>&nbsp;<\/p>\n<p>&nbsp;<\/p>\n<p>&nbsp;<\/p>\n<\/div>\n<div class=\"clear\"><\/div>\n<\/div>\n<div class=\"page_content\">\n<h2>Erheben, Speichern und Verwenden personenbezogener Daten<\/h2>\n<div class=\"content_float\">\n<div class=\"content_img\" style=\"width: 470px;\"><\/div>\n<\/div>\n<div class=\"float\">\n<p>Bei dem Besuch unserer Website erheben, verwenden und speichern wir Ihre personenbezogenen Daten. Personenbezogene Daten sind nach \u00a7 3 Abs. 1 BDSG Einzelangaben \u00fcber pers\u00f6nliche oder sachliche Verh\u00e4ltnisse einer bestimmten oder bestimmbaren nat\u00fcrlichen Person (Betroffener).<\/p>\n<p>&nbsp;<\/p>\n<p>&nbsp;<\/p>\n<p>&nbsp;<\/p>\n<\/div>\n<div class=\"clear\"><\/div>\n<\/div>\n<div class=\"page_content\">\n<h2>Datenerhebung unter strenger Beachtung der Gesetze<\/h2>\n<div class=\"content_float\">\n<div class=\"content_img\" style=\"width: 470px;\"><\/div>\n<\/div>\n<div class=\"float\">\n<p>Bei der Erhebung, dem Verwenden und Speichern von personenbezogenen Daten beachten wir die Vorschriften des Bundesdatenschutzgesetzes, des Telemediengesetzes und ggf. weiterer anwendbarer Datenschutzbestimmungen. Alle Kund*innendaten werden unter Beachtung der einschl\u00e4gigen Vorschriften des Bundesdatenschutzgesetzes (BDSG) und des Telemediengesetzes (TMG) von uns gespeichert und verarbeitet.<\/p>\n<p>&nbsp;<\/p>\n<p>&nbsp;<\/p>\n<\/div>\n<div class=\"clear\"><\/div>\n<\/div>\n<div class=\"page_content\">\n<h2>Newsletter<\/h2>\n<div class=\"content_float\">\n<div class=\"content_img\" style=\"width: 470px;\"><\/div>\n<\/div>\n<div class=\"float\">\n<p>Wir nutzen Ihre E-Mail-Adresse unabh\u00e4ngig von der Vertragsabwicklung ausschlie\u00dflich f\u00fcr eigene Werbezwecke zum Newsletterversand, sofern Sie dem ausdr\u00fccklich zugestimmt haben. Sie k\u00f6nnen den Newsletter jederzeit unter Nutzung des entsprechenden Links im Newsletter oder durch Nachricht an uns abbestellen. Die Kontaktdaten hierzu finden Sie in unserem Impressum. Ihre E-Mail-Adresse wird danach umgehend gel\u00f6scht.<\/p>\n<p>&nbsp;<\/p>\n<p>&nbsp;<\/p>\n<\/div>\n<div class=\"clear\"><\/div>\n<\/div>\n<div class=\"page_content\">\n<h2>Verwendung von Social Plugin<\/h2>\n<div class=\"content_float\">\n<div class=\"content_img\" style=\"width: 470px;\"><\/div>\n<\/div>\n<div class=\"float\">\n<p>\u00a0Diese Website benutzt folgendes Social Media Plugin:<\/p>\n<p>\u201eFacebook-I-Like\u201c bzw. \u201eFacebook-Gef\u00e4llt-mir\u201c, betrieben von: Facebook Inc., 1601 S. California Ave, Palo Alto, CA 94304, United States<\/p>\n<p>Bei diesem Social Medial Plugin handelt es sich um vom vorgenannten Social-Media-Service entwickelte und zur Verf\u00fcgung gestellte Software, die den automatisierten Datenaustausch zwischen der Website und dem Social-Media-Service erm\u00f6glicht. So k\u00f6nnen unter anderem Daten vom vorgenannten Social-Media-Service dynamisch auf die Website \u00fcbertragen werden. Gleichzeitig k\u00f6nnen auch Daten der Nutzer dieser Website zum Social-Media-Service \u00fcbertragen werden, u.a. die IP-Adresse. Die Verwendung solcher Social Plugins erkennen Sie an den besonders gekennzeichneten Schaltfl\u00e4chen. Bereits beim Anzeigen bzw. Laden der Website k\u00f6nnen personenbezogene Daten mit dem jeweiligen Social-Media-Service ausgetauscht werden. Nutzer*innen haben in diesen F\u00e4llen die M\u00f6glichkeit, diesen Datenaustausch ggf. durch \u00c4nderung in den Einstellungen ihres Benutzerkontos auf der Website des vorgenannten Social-Media-Services abzulehnen.<br \/> Die Verwendung des Facebook-Plugins auf der Website erkennen Sie durch das Facebook-Symbol (wei\u00dfes F auf blauer Kachel bzw. \u201eDaumen-hoch-Symbol\u201c) auf einer entsprechenden Schaltfl\u00e4che. Durch den Klick auf diese Schaltfl\u00e4che stimmen Sie der Nutzung dieses Plugins und damit auch der Weitergabe von personenbezogenen Daten an den vorgenannten Social-Media-Service zu. Auf die Art und den Umfang der dabei \u00fcbertragenen Daten sowie \u00fcber deren weitere Verarbeitung haben wir keinen Einfluss. Nach unserem aktuellen Kenntnisstand wird der vorgenannte Social-Media-Service dabei \u00fcber ihre IP-Adresse und \u00fcber die das Plugin nutzende Website informiert. Sofern Sie gleichzeitig auf der vorgenannten Social-Media-Service-Plattform eingeloggt sind, k\u00f6nnen die Informationen unmittelbar Ihrem Nutzerprofil zugeordnet werden. M\u00f6chten Sie eine solche Sammlung von Profilinformationen vermeiden, sollten Sie sich aus der vorgenannten Social-Media-Service-Plattform ausloggen.<br \/> Weitere Informationen von Facebook zum Umgang mit dem entsprechenden Plugin und dem entsprechenden Social-Media-Service erhalten Sie auf:http:\/\/developers.facebook.com\/plugins. Weitere Informationen von Facebook \u00fcber die sog. Datenverwendungsrichtlinien erhalten Sie auf: <a href=\"http:\/\/www.facebook.com\/about\/privacy\">http:\/\/www.facebook.com\/about\/privacy<\/a>.<\/p>\n<p>&nbsp;<\/p>\n<p>&nbsp;<\/p>\n<p>&nbsp;<\/p>\n<\/div>\n<div class=\"clear\"><\/div>\n<\/div>\n<div class=\"page_content\">\n<h2>Auskunft<\/h2>\n<div class=\"content_float\">\n<div class=\"content_img\" style=\"width: 470px;\"><\/div>\n<\/div>\n<div class=\"float\">\n<p>Sie haben jederzeit das Recht auf unentgeltliche Auskunft \u00fcber Ihre gespeicherten Daten sowie das Recht auf Berichtigung, L\u00f6schung bzw. Sperrung. Wenden Sie sich hierzu bitte an die im Impressum angegebene Kontaktadresse. Wir stehen Ihnen jederzeit gern f\u00fcr weitergehende Fragen zu unseren Hinweisen zum Datenschutz und zur Verarbeitung Ihrer pers\u00f6nlichen Daten zur Verf\u00fcgung.<\/p>\n<p>Quelle: <a href=\"https:\/\/rechtsanwalt-metzler.de\">Rechtsanwalt Metzler<\/a><\/p>\n<\/div>\n<\/div>\n<p>[\/et_pb_text][\/et_pb_column][\/et_pb_row][\/et_pb_section]<\/p>","protected":false},"excerpt":{"rendered":"<p>Datenschutzerkl\u00e4rung &nbsp; &nbsp; Verantwortliche Stelle Verantwortliche Stelle f\u00fcr die Erhebung, Verarbeitung und Nutzung Ihrer personenbezogenen Daten im Sinne des Bundesdatenschutzgesetzes (BDSG) ist QX-Quarterly Crossing GmbH, Lerchesbergring 96, 60598 Frankfurt am Main Sofern Sie der Erhebung, Verarbeitung oder Nutzung Ihrer Daten durch QX-Quarterly Crossing GmbH gem\u00e4\u00df den datenschutzrechtlichen Bestimmungen insgesamt oder f\u00fcr einzelne Ma\u00dfnahmen widersprechen m\u00f6chten, [&hellip;]<\/p>","protected":false},"author":1,"featured_media":0,"parent":0,"menu_order":0,"comment_status":"closed","ping_status":"closed","template":"","meta":{"_et_pb_use_builder":"on","_et_pb_old_content":"","_et_gb_content_width":""},"_links":{"self":[{"href":"https:\/\/quarterly-crossing.com\/en\/wp-json\/wp\/v2\/pages\/1643"}],"collection":[{"href":"https:\/\/quarterly-crossing.com\/en\/wp-json\/wp\/v2\/pages"}],"about":[{"href":"https:\/\/quarterly-crossing.com\/en\/wp-json\/wp\/v2\/types\/page"}],"author":[{"embeddable":true,"href":"https:\/\/quarterly-crossing.com\/en\/wp-json\/wp\/v2\/users\/1"}],"replies":[{"embeddable":true,"href":"https:\/\/quarterly-crossing.com\/en\/wp-json\/wp\/v2\/comments?post=1643"}],"version-history":[{"count":0,"href":"https:\/\/quarterly-crossing.com\/en\/wp-json\/wp\/v2\/pages\/1643\/revisions"}],"wp:attachment":[{"href":"https:\/\/quarterly-crossing.com\/en\/wp-json\/wp\/v2\/media?parent=1643"}],"curies":[{"name":"wp","href":"https:\/\/api.w.org\/{rel}","templated":true}]}}