{"id":1638,"date":"2019-12-12T15:31:29","date_gmt":"2019-12-12T14:31:29","guid":{"rendered":"https:\/\/quarterly-crossing.com\/?page_id=1638"},"modified":"2022-09-22T17:00:14","modified_gmt":"2022-09-22T15:00:14","slug":"impressum","status":"publish","type":"page","link":"https:\/\/quarterly-crossing.com\/en\/impressum\/","title":{"rendered":"Imprint"},"content":{"rendered":"<p>[et_pb_section fb_built=&#8220;1&#8243; _builder_version=&#8220;3.24&#8243; custom_padding=&#8220;||0px|||&#8220;][et_pb_row make_equal=&#8220;on&#8220; _builder_version=&#8220;4.0.6&#8243; background_size=&#8220;initial&#8220; background_position=&#8220;top_left&#8220; background_repeat=&#8220;repeat&#8220; custom_margin=&#8220;|||&#8220; custom_padding=&#8220;|||&#8220; border_width_all=&#8220;10px&#8220; border_color_all=&#8220;rgba(0,0,0,0)&#8220; border_width_top=&#8220;0px&#8220; border_color_top=&#8220;#000000&#8243;][et_pb_column type=&#8220;4_4&#8243; _builder_version=&#8220;3.25&#8243; custom_padding=&#8220;25px||14px|&#8220; custom_padding__hover=&#8220;|||&#8220;][et_pb_text _builder_version=&#8220;4.3.2&#8243; text_font=&#8220;Montserrat||||||||&#8220; text_text_color=&#8220;#555555&#8243; text_font_size=&#8220;17px&#8220; text_line_height=&#8220;1.8em&#8220; header_font=&#8220;||||&#8220; header_3_font=&#8220;|700|||||||&#8220; header_3_font_size=&#8220;34px&#8220; background_size=&#8220;initial&#8220; background_position=&#8220;top_left&#8220; background_repeat=&#8220;repeat&#8220; animation_style=&#8220;slide&#8220; animation_direction=&#8220;top&#8220; animation_intensity_slide=&#8220;4%&#8220;]<\/p>\n<h1 style=\"text-align: center;\"><strong>Imprint<\/strong><\/h1>\n<p><strong><\/strong><\/p>\n<p><strong><\/strong><\/p>\n<div class=\"content_float\">\n<div class=\"content_img\" style=\"width: 470px;\">\n<p>QX-Quarterly Crossing GmbH<br \/> Lerchesbergring 96<br \/> 60598 Frankfurt am Main<\/p>\n<p><strong>USt-IdNr.<\/strong><br \/> DE294759379<\/p>\n<p><strong>Redaktion<\/strong><\/p>\n<p>Tobias Edinger<br \/> Telefon: +49 (0)69 2992 5551<br \/> <a href=\"mailto:contact@quarterly-crossing.com\">contact@quarterly-crossing.com<\/a><\/p>\n<p><strong>Registered Office:<\/strong><br \/> Amtsgericht Frankfurt am Main (HRB 99255)<\/p>\n<p><strong>Managing Directors:<\/strong><br \/> Thomas A. Fuchs, Yannick N. Reiss<\/p>\n<\/div>\n<\/div>\n<div class=\"float\">\n<p>&nbsp;<\/p>\n<h2 style=\"text-align: center;\"><span style=\"font-size: x-large;\">Rechtlicher Hinweis<\/span><\/h2>\n<p>Alle in unseren Internetseiten enthaltenen Angaben und Informationen wurden von QX-Quarterly Crossing sorgf\u00e4ltig recherchiert und gepr\u00fcft. Diese Informationen sind ein Service des Unternehmens. F\u00fcr Richtigkeit, Vollst\u00e4ndigkeit und Aktualit\u00e4t kann QX-Quarterly Crossing jedoch keine Haftung \u00fcbernehmen.<\/p>\n<p>Alle Informationen dienen ausschlie\u00dflich zur Information der Besucher*innen des Onlineangebotes. Im \u00dcbrigen ist die Haftung auf Vorsatz und grobe Fahrl\u00e4ssigkeit beschr\u00e4nkt. F\u00fcr Internetseiten Dritter, auf die QX-Quarterly Crossing durch Hyperlink verweist, tragen die jeweiligen Anbieter die Verantwortung. QX-Quarterly Crossing ist f\u00fcr den Inhalt solcher Seiten Dritter nicht verantwortlich.<\/p>\n<p>Des Weiteren kann auf die Website von QX-Quarterly Crossing ohne das Wissen des Unternehmens von einer anderen Seite mittels Hyperlink verlinkt worden sein. QX-Quarterly Crossing \u00fcbernimmt keine Verantwortung f\u00fcr Darstellung, Inhalt oder irgendeine Verbindung zu QX-Quarterly Crossing in Webseiten Dritter.<\/p>\n<p>Au\u00dferdem beh\u00e4lt sich QX-Quarterly Crossing das Recht vor, \u00c4nderungen oder Erg\u00e4nzungen der bereitgestellten Informationen vorzunehmen. Inhalt und Struktur der Webseiten von QX-Quarterly Crossing sind urheberrechtlich gesch\u00fctzt. Die Vervielf\u00e4ltigung von Inhalten oder Daten, insbesondere die Verwendung von Texten, Textteilen oder Bildmaterial, bedarf der vorherigen schriftlichen Zustimmung von QX-Quarterly Crossing.<\/p>\n<p>Diese Website benutzt Google Analytics, einen Webanalysedienst der Google Inc. (&#8222;Google&#8220;). Google Analytics verwendet sogenannte &#8222;Cookies&#8220;, also Textdateien, die auf Ihrem Computer gespeichert werden und die eine Analyse der Benutzung der Website durch Sie erm\u00f6glicht.<\/p>\n<p>Die durch das Google-Analytics-Tool erzeugten und zum Teil im Cookie gespeicherten Informationen \u00fcber Ihre Benutzung dieser Website (einschlie\u00dflich Ihrer IP-Adresse) werden an einen Server der Google Inc. in den USA \u00fcbertragen und dort gespeichert. Google wird diese Informationen benutzen, um Ihre Nutzung der Website auszuwerten, um Reports \u00fcber die Webseitenaktivit\u00e4ten f\u00fcr die Webseitenbetreiber zusammenzustellen und weitere mit der Webseitennutzung und der Internetnutzung verbundene Dienstleistungen zu erbringen. Auch wird Google diese Informationen ggf. an Dritte \u00fcbertragen, sofern dies gesetzlich vorgeschrieben oder soweit Dritte diese Daten im Auftrag von Google verarbeiten. Sie k\u00f6nnen die Verwendung von Cookies durch eine entsprechende Einstellung Ihrer Browser-Software verhindern; wir weisen Sie jedoch darauf hin, dass Sie in diesem Fall ggf. nicht s\u00e4mtliche Funktionen dieser Website in vollem Umfang nutzen k\u00f6nnen.<\/p>\n<p>Durch die Nutzung dieser Webseite erkl\u00e4ren Sie sich mit der Bearbeitung der \u00fcber Sie erhobenen Daten durch Google in der zuvor beschriebenen Art und Weise und zu dem zuvor benannten Zweck einverstanden.<\/p>\n<\/div>\n<p>[\/et_pb_text][\/et_pb_column][\/et_pb_row][\/et_pb_section]<\/p>","protected":false},"excerpt":{"rendered":"<p>Impressum QX-Quarterly Crossing GmbH Lerchesbergring 96 60598 Frankfurt am Main USt-IdNr. DE294759379 Redaktion Tobias Edinger Telefon: +49 (0)69 2992 5551 contact@quarterly-crossing.com Registered Office: Amtsgericht Frankfurt am Main (HRB 99255) Managing Directors: Thomas A. Fuchs, Yannick N. Reiss &nbsp; Rechtlicher Hinweis Alle in unseren Internetseiten enthaltenen Angaben und Informationen wurden von QX-Quarterly Crossing sorgf\u00e4ltig recherchiert und [&hellip;]<\/p>","protected":false},"author":1,"featured_media":0,"parent":0,"menu_order":0,"comment_status":"closed","ping_status":"closed","template":"","meta":{"_et_pb_use_builder":"on","_et_pb_old_content":"","_et_gb_content_width":""},"_links":{"self":[{"href":"https:\/\/quarterly-crossing.com\/en\/wp-json\/wp\/v2\/pages\/1638"}],"collection":[{"href":"https:\/\/quarterly-crossing.com\/en\/wp-json\/wp\/v2\/pages"}],"about":[{"href":"https:\/\/quarterly-crossing.com\/en\/wp-json\/wp\/v2\/types\/page"}],"author":[{"embeddable":true,"href":"https:\/\/quarterly-crossing.com\/en\/wp-json\/wp\/v2\/users\/1"}],"replies":[{"embeddable":true,"href":"https:\/\/quarterly-crossing.com\/en\/wp-json\/wp\/v2\/comments?post=1638"}],"version-history":[{"count":0,"href":"https:\/\/quarterly-crossing.com\/en\/wp-json\/wp\/v2\/pages\/1638\/revisions"}],"wp:attachment":[{"href":"https:\/\/quarterly-crossing.com\/en\/wp-json\/wp\/v2\/media?parent=1638"}],"curies":[{"name":"wp","href":"https:\/\/api.w.org\/{rel}","templated":true}]}}