{"id":147,"date":"2019-06-14T16:32:17","date_gmt":"2019-06-14T14:32:17","guid":{"rendered":"https:\/\/quarterly-crossing.com\/?page_id=147"},"modified":"2021-07-13T14:30:48","modified_gmt":"2021-07-13T12:30:48","slug":"leadership-coaching","status":"publish","type":"page","link":"https:\/\/quarterly-crossing.com\/en\/leadership-coaching\/","title":{"rendered":"Leadership Coaching"},"content":{"rendered":"<p>[et_pb_section fb_built=&#8220;1&#8243; _builder_version=&#8220;3.24&#8243;][et_pb_row make_equal=&#8220;on&#8220; _builder_version=&#8220;4.0.6&#8243; background_size=&#8220;initial&#8220; background_position=&#8220;top_left&#8220; background_repeat=&#8220;repeat&#8220; custom_margin=&#8220;|||&#8220; custom_padding=&#8220;|||&#8220; border_width_all=&#8220;10px&#8220; border_color_all=&#8220;rgba(0,0,0,0)&#8220; border_width_top=&#8220;0px&#8220; border_color_top=&#8220;#000000&#8243;][et_pb_column type=&#8220;4_4&#8243; _builder_version=&#8220;3.25&#8243; custom_padding=&#8220;25px||14px|&#8220; custom_padding__hover=&#8220;|||&#8220;][et_pb_text _builder_version=&#8220;4.0.7&#8243; text_font=&#8220;Montserrat||||||||&#8220; text_text_color=&#8220;#555555&#8243; text_font_size=&#8220;17px&#8220; text_line_height=&#8220;1.8em&#8220; header_font=&#8220;||||&#8220; header_3_font=&#8220;|700|||||||&#8220; header_3_font_size=&#8220;34px&#8220; background_size=&#8220;initial&#8220; background_position=&#8220;top_left&#8220; background_repeat=&#8220;repeat&#8220; animation_style=&#8220;slide&#8220; animation_direction=&#8220;top&#8220; animation_intensity_slide=&#8220;4%&#8220;]<\/p>\n<h1 style=\"text-align: center;\"><strong>F\u00f6rderung von Potential-Leaders <\/strong><\/h1>\n<h2 style=\"text-align: center;\">Mit langzeit-relevanten und zeitgeist-nahen Seminaren und Coachings<\/h2>\n<p>&nbsp;<\/p>\n<p style=\"text-align: center;\">Wir glauben daran, dass gemeinsamer Austausch individuelle Exzellenz hervorbringt. Unser Ziel ist es, mit der QX Mindspace-Academy eine Plattform zu schaffen, die auf der einen Seite unsere QX\u2018ler*innen auf ihrem individuellen Karriere und Lebensweg begleitet und es ihnen erm\u00f6glicht, mit der unvergleichlichen Expertise und Erfahrung des QX-Netzwerks zu wachsen.\u00a0Auf der anderen Seite stehen unsere Formate f\u00fcr die F\u00fchrungs- und F\u00fchrungsnachwuchskr\u00e4fte Ihres Unternehmens offen.<\/p>\n<p>[\/et_pb_text][\/et_pb_column][\/et_pb_row][et_pb_row column_structure=&#8220;1_3,1_3,1_3&#8243; _builder_version=&#8220;4.0.6&#8243;][et_pb_column type=&#8220;1_3&#8243; _builder_version=&#8220;4.0.6&#8243;][et_pb_image src=&#8220;https:\/\/quarterly-crossing.com\/wp-content\/uploads\/2019\/12\/67497323_2613352185382970_4438827002241220608_o.jpg&#8220; _builder_version=&#8220;4.0.7&#8243;][\/et_pb_image][\/et_pb_column][et_pb_column type=&#8220;1_3&#8243; _builder_version=&#8220;4.0.6&#8243;][et_pb_image src=&#8220;https:\/\/quarterly-crossing.com\/wp-content\/uploads\/2019\/12\/L\u00f6hner-Seminar-3.jpg&#8220; _builder_version=&#8220;4.0.7&#8243;][\/et_pb_image][\/et_pb_column][et_pb_column type=&#8220;1_3&#8243; _builder_version=&#8220;4.0.6&#8243;][et_pb_image src=&#8220;https:\/\/quarterly-crossing.com\/wp-content\/uploads\/2019\/12\/39979702_2080392765345584_6612037736272494592_o.jpg&#8220; _builder_version=&#8220;4.0.7&#8243;][\/et_pb_image][\/et_pb_column][\/et_pb_row][et_pb_row make_equal=&#8220;on&#8220; _builder_version=&#8220;4.0.6&#8243; background_size=&#8220;initial&#8220; background_position=&#8220;top_left&#8220; background_repeat=&#8220;repeat&#8220; custom_margin=&#8220;|||&#8220; custom_padding=&#8220;||||false|false&#8220; border_width_all=&#8220;10px&#8220; border_color_all=&#8220;rgba(0,0,0,0)&#8220; border_width_top=&#8220;0px&#8220; border_color_top=&#8220;#000000&#8243; max_width__hover_enabled=&#8220;on|hover&#8220;][et_pb_column type=&#8220;4_4&#8243; _builder_version=&#8220;4.0.6&#8243; background_enable_image=&#8220;off&#8220; background_position=&#8220;top_left&#8220; custom_padding=&#8220;40px|||15px&#8220; custom_padding__hover=&#8220;|||&#8220;][et_pb_text _builder_version=&#8220;4.0.6&#8243; text_font=&#8220;Montserrat||||||||&#8220; text_text_color=&#8220;#555555&#8243; text_font_size=&#8220;17px&#8220; text_line_height=&#8220;1.8em&#8220; header_font=&#8220;||||&#8220; header_3_font=&#8220;|700|||||||&#8220; header_3_font_size=&#8220;34px&#8220; header_4_font=&#8220;Playfair Display||||||||&#8220; header_4_font_size=&#8220;28px&#8220; background_size=&#8220;initial&#8220; background_position=&#8220;top_left&#8220; background_repeat=&#8220;repeat&#8220; animation_style=&#8220;slide&#8220; animation_direction=&#8220;top&#8220; animation_intensity_slide=&#8220;4%&#8220;]<\/p>\n<p>Die Academy ist eine Ausprobierfl\u00e4che zur Entfaltung der Entwicklungskreativit\u00e4t unserer Mitglieder, beispielsweise \u00fcber Leadership- und Softskill-Seminare, Impulsvortr\u00e4ge von Wirtschaftsf\u00fchrer*innenn als Ausgangspunkt f\u00fcr explorative Diskussionen oder Dialoge als eine Form des Gemeinsamen Denkens.<\/p>\n<p>Die im exklusiven Teilnehmer*innenfeld erlernten F\u00e4higkeiten k\u00f6nnen in zahlreichen Peer-Sparrings und QX-Gatherings angewendet und vertieft werden um einen nachhaltigen Erkenntnisvorsprung zu sichern und ungenutzte Potenziale zu entdecken- denn manche Talente und Begabungen werden nicht von Dir selbst, aber von anderen erkannt.<\/p>\n<p><strong>Das Herzst\u00fcck der Mindspace Academy bieten die renommiertesten Trainer*innen Deutschlands, welche ein breites Leadership-Spektrum an Themen abdecken, wie z.B:<\/strong><\/p>\n<p>[\/et_pb_text][et_pb_divider show_divider=&#8220;off&#8220; _builder_version=&#8220;3.23.4&#8243; max_width=&#8220;60px&#8220; module_alignment=&#8220;left&#8220; height=&#8220;0px&#8220; custom_margin=&#8220;||10px|&#8220; saved_tabs=&#8220;all&#8220; locked=&#8220;off&#8220;][\/et_pb_divider][\/et_pb_column][\/et_pb_row][et_pb_row column_structure=&#8220;1_4,1_4,1_4,1_4&#8243; _builder_version=&#8220;4.0.6&#8243;][et_pb_column type=&#8220;1_4&#8243; _builder_version=&#8220;4.0.6&#8243;][et_pb_testimonial author=&#8220;Michael L\u00f6hner&#8220; job_title=&#8220;DAX30 Vorstandscoach&#8220; portrait_url=&#8220;https:\/\/quarterly-crossing.com\/wp-content\/uploads\/2019\/06\/Michael-L\u00f6hner.jpg&#8220; _builder_version=&#8220;4.0.7&#8243;]<\/p>\n<p style=\"text-align: center;\"><em>Philosophie f\u00fcr Manager: Kant und Nietzsche in der modernen F\u00fchrungsperformance<\/em><\/p>\n<p>[\/et_pb_testimonial][\/et_pb_column][et_pb_column type=&#8220;1_4&#8243; _builder_version=&#8220;4.0.6&#8243;][et_pb_testimonial author=&#8220;Heidi Stopper&#8220; job_title=&#8220;ehem. Pro7Sat1 Personalvorstand&#8220; portrait_url=&#8220;https:\/\/quarterly-crossing.com\/wp-content\/uploads\/2019\/06\/Heidi-Stopper.jpg&#8220; _builder_version=&#8220;4.0.6&#8243;]<\/p>\n<p style=\"text-align: center;\"><em>Wie pitche ich richtig vor Vorstand und Aufsichtsrat?<\/em><\/p>\n<p>[\/et_pb_testimonial][\/et_pb_column][et_pb_column type=&#8220;1_4&#8243; _builder_version=&#8220;4.0.6&#8243;][et_pb_testimonial author=&#8220;Jo B. Nolte&#8220; job_title=&#8220;Coach und Trainer bei internationalen Unternehmen seit 19 Jahren&#8220; portrait_url=&#8220;https:\/\/quarterly-crossing.com\/wp-content\/uploads\/2019\/06\/Jo-B.-Nolte.jpg&#8220; _builder_version=&#8220;4.0.6&#8243; background_color=&#8220;#ededed&#8220;]<\/p>\n<p style=\"text-align: center;\"><em>Vertrauensbildende <\/em><em>Gespr\u00e4chsf\u00fchrung<\/em><\/p>\n<p>[\/et_pb_testimonial][\/et_pb_column][et_pb_column type=&#8220;1_4&#8243; _builder_version=&#8220;4.0.6&#8243;][et_pb_testimonial author=&#8220;Michael L\u00f6hner&#8220; job_title=&#8220;DAX30 Vorstandscoach&#8220; portrait_url=&#8220;https:\/\/quarterly-crossing.com\/wp-content\/uploads\/2019\/06\/Michael-L\u00f6hner.jpg&#8220; _builder_version=&#8220;4.0.7&#8243;]<\/p>\n<p style=\"text-align: center;\"><em>\u201eKomplettausbildung zum Coach in 5 Tagen\u201c auf Mallorca<\/em><\/p>\n<p>[\/et_pb_testimonial][\/et_pb_column][\/et_pb_row][et_pb_row _builder_version=&#8220;4.0.6&#8243;][et_pb_column type=&#8220;4_4&#8243; _builder_version=&#8220;4.0.6&#8243;][et_pb_button button_url=&#8220;mailto:thomas.fuchs@quarterly-crossing.com&#8220; button_text=&#8220;Weitere Informationen&#8220; button_alignment=&#8220;center&#8220; _builder_version=&#8220;4.0.6&#8243; custom_button=&#8220;on&#8220; button_text_size=&#8220;15px&#8220; button_text_color=&#8220;#ffffff&#8220; button_bg_color=&#8220;#000000&#8243; button_border_width=&#8220;2px&#8220; button_border_color=&#8220;rgba(0,0,0,0)&#8220; button_border_radius=&#8220;0px&#8220; button_letter_spacing=&#8220;2px&#8220; button_font=&#8220;Montserrat|||on|&#8220; button_use_icon=&#8220;off&#8220; animation_style=&#8220;zoom&#8220; animation_intensity_zoom=&#8220;20%&#8220; box_shadow_style=&#8220;preset1&#8243; button_letter_spacing_hover=&#8220;2px&#8220; button_text_size__hover_enabled=&#8220;off&#8220; button_one_text_size__hover_enabled=&#8220;off&#8220; button_two_text_size__hover_enabled=&#8220;off&#8220; button_text_color__hover_enabled=&#8220;off&#8220; button_one_text_color__hover_enabled=&#8220;off&#8220; button_two_text_color__hover_enabled=&#8220;off&#8220; button_border_width__hover_enabled=&#8220;off&#8220; button_one_border_width__hover_enabled=&#8220;off&#8220; button_two_border_width__hover_enabled=&#8220;off&#8220; button_border_color__hover_enabled=&#8220;off&#8220; button_one_border_color__hover_enabled=&#8220;off&#8220; button_two_border_color__hover_enabled=&#8220;off&#8220; button_border_radius__hover_enabled=&#8220;off&#8220; button_one_border_radius__hover_enabled=&#8220;off&#8220; button_two_border_radius__hover_enabled=&#8220;off&#8220; button_letter_spacing__hover_enabled=&#8220;on&#8220; button_letter_spacing__hover=&#8220;4px&#8220; button_one_letter_spacing__hover_enabled=&#8220;off&#8220; button_two_letter_spacing__hover_enabled=&#8220;off&#8220; button_bg_color__hover_enabled=&#8220;off&#8220; button_one_bg_color__hover_enabled=&#8220;off&#8220; button_two_bg_color__hover_enabled=&#8220;off&#8220;][\/et_pb_button][\/et_pb_column][\/et_pb_row][\/et_pb_section][et_pb_section fb_built=&#8220;1&#8243; _builder_version=&#8220;4.0.7&#8243; background_color=&#8220;#000000&#8243; locked=&#8220;off&#8220;][et_pb_row column_structure=&#8220;1_2,1_2&#8243; _builder_version=&#8220;4.0.7&#8243;][et_pb_column type=&#8220;1_2&#8243; _builder_version=&#8220;4.0.7&#8243;][et_pb_button button_url=&#8220;https:\/\/quarterly-crossing.com\/hr-consulting\/&#8220; button_text=&#8220;People- &#038; HR-Consulting&#8220; button_alignment=&#8220;left&#8220; _builder_version=&#8220;4.0.7&#8243; custom_button=&#8220;on&#8220; button_text_size=&#8220;30px&#8220; button_text_color=&#8220;#ffffff&#8220; button_border_width=&#8220;0px&#8220; button_icon=&#8220;%%31%%&#8220; button_icon_placement=&#8220;left&#8220; animation_style=&#8220;fade&#8220; animation_duration=&#8220;1500ms&#8220; animation_delay=&#8220;150ms&#8220;][\/et_pb_button][\/et_pb_column][et_pb_column type=&#8220;1_2&#8243; _builder_version=&#8220;4.0.7&#8243;][et_pb_button button_url=&#8220;https:\/\/quarterly-crossing.com\/zufriedene-kunden\/&#8220; button_text=&#8220;Referenzen&#8220; button_alignment=&#8220;right&#8220; _builder_version=&#8220;4.0.7&#8243; custom_button=&#8220;on&#8220; button_text_size=&#8220;30px&#8220; button_text_color=&#8220;#ffffff&#8220; button_border_width=&#8220;0px&#8220; button_icon=&#8220;%%32%%&#8220; animation_style=&#8220;fade&#8220; animation_duration=&#8220;1500ms&#8220; animation_delay=&#8220;150ms&#8220;][\/et_pb_button][\/et_pb_column][\/et_pb_row][\/et_pb_section]<\/p>","protected":false},"excerpt":{"rendered":"<p>F\u00f6rderung von Potential-Leaders Mit langzeit-relevanten und zeitgeist-nahen Seminaren und Coachings &nbsp; Wir glauben daran, dass gemeinsamer Austausch individuelle Exzellenz hervorbringt. Unser Ziel ist es, mit der QX Mindspace-Academy eine Plattform zu schaffen, die auf der einen Seite unsere QX\u2018ler*innen auf ihrem individuellen Karriere und Lebensweg begleitet und es ihnen erm\u00f6glicht, mit der unvergleichlichen Expertise und [&hellip;]<\/p>","protected":false},"author":1,"featured_media":0,"parent":0,"menu_order":0,"comment_status":"closed","ping_status":"closed","template":"","meta":{"_et_pb_use_builder":"on","_et_pb_old_content":"<!-- wp:divi\/placeholder \/-->","_et_gb_content_width":""},"_links":{"self":[{"href":"https:\/\/quarterly-crossing.com\/en\/wp-json\/wp\/v2\/pages\/147"}],"collection":[{"href":"https:\/\/quarterly-crossing.com\/en\/wp-json\/wp\/v2\/pages"}],"about":[{"href":"https:\/\/quarterly-crossing.com\/en\/wp-json\/wp\/v2\/types\/page"}],"author":[{"embeddable":true,"href":"https:\/\/quarterly-crossing.com\/en\/wp-json\/wp\/v2\/users\/1"}],"replies":[{"embeddable":true,"href":"https:\/\/quarterly-crossing.com\/en\/wp-json\/wp\/v2\/comments?post=147"}],"version-history":[{"count":0,"href":"https:\/\/quarterly-crossing.com\/en\/wp-json\/wp\/v2\/pages\/147\/revisions"}],"wp:attachment":[{"href":"https:\/\/quarterly-crossing.com\/en\/wp-json\/wp\/v2\/media?parent=147"}],"curies":[{"name":"wp","href":"https:\/\/api.w.org\/{rel}","templated":true}]}}