{"id":141,"date":"2019-06-14T16:31:20","date_gmt":"2019-06-14T14:31:20","guid":{"rendered":"https:\/\/quarterly-crossing.com\/?page_id=141"},"modified":"2024-05-24T12:27:51","modified_gmt":"2024-05-24T10:27:51","slug":"hr-consulting","status":"publish","type":"page","link":"https:\/\/quarterly-crossing.com\/en\/hr-consulting\/","title":{"rendered":"HR-Consulting"},"content":{"rendered":"<p>[et_pb_section fb_built=&#8220;1&#8243; _builder_version=&#8220;3.24&#8243; custom_padding=&#8220;||0px|||&#8220;][et_pb_row make_equal=&#8220;on&#8220; _builder_version=&#8220;4.0.6&#8243; background_size=&#8220;initial&#8220; background_position=&#8220;top_left&#8220; background_repeat=&#8220;repeat&#8220; custom_margin=&#8220;|||&#8220; custom_padding=&#8220;|||&#8220; border_width_all=&#8220;10px&#8220; border_color_all=&#8220;rgba(0,0,0,0)&#8220; border_width_top=&#8220;0px&#8220; border_color_top=&#8220;#000000&#8243;][et_pb_column type=&#8220;4_4&#8243; _builder_version=&#8220;3.25&#8243; custom_padding=&#8220;25px||14px|&#8220; custom_padding__hover=&#8220;|||&#8220;][et_pb_text _builder_version=&#8220;4.0.7&#8243; text_font=&#8220;Montserrat||||||||&#8220; text_text_color=&#8220;#555555&#8243; text_font_size=&#8220;17px&#8220; text_line_height=&#8220;1.8em&#8220; header_font=&#8220;||||&#8220; header_3_font=&#8220;|700|||||||&#8220; header_3_font_size=&#8220;34px&#8220; background_size=&#8220;initial&#8220; background_position=&#8220;top_left&#8220; background_repeat=&#8220;repeat&#8220; animation_style=&#8220;slide&#8220; animation_direction=&#8220;top&#8220; animation_intensity_slide=&#8220;4%&#8220;]<\/p>\n<h1 style=\"text-align: center;\"><strong>Talent-Management.<\/strong><\/h1>\n<h2 style=\"text-align: center;\">L\u00f6sungen aus Sicht der Zielgruppe.<\/h2>\n<p>&nbsp;<\/p>\n<p>Im Laufe der Jahre hat sich durch den st\u00e4ndigen Austausch eine Expertise im Bereich des Talent-Managements aufgebaut, die sich durchaus als Unikat bezeichnen l\u00e4sst. Besonders der pers\u00f6nliche Gedanken- und Erfahrungsaustausch mit den absoluten Top-Talenten erm\u00f6glicht es QX-Consulting, eine einmalige Perspektive einzunehmen und Probleme aus der Sicht der F\u00fchrungspers\u00f6nlichkeiten zu analysieren und zu l\u00f6sen.<\/p>\n<p>Wir verstehen Talente &#8211; wir leben, denken und atmen in ihrer Welt &#8211; und das schon seit Jahren:<\/p>\n<ul>\n<li>In unserem weltweit einzigartigen QX-Exzellenz-Netzwerk begleiten wir seit fast 30 Jahren handverlesene Leadership-Talente aller Seniorit\u00e4tsstufen (von Studierenden bis zum Vorstand)<\/li>\n<li>In freundschaftlicher Atmosph\u00e4re bieten wir den Netzwerk-Mitgliedern Formate zur gegenseitigen F\u00f6rderung beruflicher und pers\u00f6nlicher Verwirklichung: \u201eInspirierend \u2013 Generations\u00fcbergreifend \u2013 Privat\u201c<\/li>\n<\/ul>\n<p><span style=\"font-weight: 400;\">Auf Basis der hier gewonnenen, einzigartigen Talent-Expertise unterst\u00fctzen wir Unternehmen bei der Akquise und Bindung von Top-Talenten mit der Entwicklung innovativer, kundenspezifischer Konzepte und deren strukturierter Umsetzung sowie dem professionellen operativen Management von internen und externen Talent-Communities.<br \/> Als externer Dienstleister ist QX-Consulting in der Lage, die kritischen Erfolgsfaktoren in Bezug auf die Top-F\u00fchrungspers\u00f6nlichkeiten offen und ehrlich zu adressieren.<\/span><\/p>\n<p>[\/et_pb_text][\/et_pb_column][\/et_pb_row][et_pb_row column_structure=&#8220;1_2,1_2&#8243; _builder_version=&#8220;4.0.7&#8243;][et_pb_column type=&#8220;1_2&#8243; _builder_version=&#8220;4.0.7&#8243;][et_pb_image src=&#8220;https:\/\/quarterly-crossing.com\/wp-content\/uploads\/2019\/12\/DSC3777-scaled.jpg&#8220; _builder_version=&#8220;4.0.7&#8243;][\/et_pb_image][\/et_pb_column][et_pb_column type=&#8220;1_2&#8243; _builder_version=&#8220;4.0.7&#8243;][et_pb_image src=&#8220;https:\/\/quarterly-crossing.com\/wp-content\/uploads\/2019\/12\/tc_signature_ffm0049-1.jpg&#8220; _builder_version=&#8220;4.0.7&#8243;][\/et_pb_image][\/et_pb_column][\/et_pb_row][et_pb_row column_structure=&#8220;1_2,1_2&#8243; make_equal=&#8220;on&#8220; _builder_version=&#8220;4.0.6&#8243; background_size=&#8220;initial&#8220; background_position=&#8220;top_left&#8220; background_repeat=&#8220;repeat&#8220; min_height=&#8220;265px&#8220; custom_margin=&#8220;|auto|58px|auto||&#8220; custom_padding=&#8220;||0px|||&#8220; border_width_all=&#8220;10px&#8220; border_color_all=&#8220;rgba(0,0,0,0)&#8220;][et_pb_column type=&#8220;1_2&#8243; _builder_version=&#8220;4.0.6&#8243; background_position=&#8220;top_left&#8220; custom_padding=&#8220;|||15px|false|false&#8220; custom_padding__hover=&#8220;|||&#8220;][et_pb_text _builder_version=&#8220;4.0.7&#8243; text_font=&#8220;||||||||&#8220; text_text_color=&#8220;#555555&#8243; text_font_size=&#8220;17px&#8220; text_line_height=&#8220;1.8em&#8220; header_font=&#8220;||||&#8220; background_size=&#8220;initial&#8220; background_position=&#8220;top_left&#8220; background_repeat=&#8220;repeat&#8220; max_width=&#8220;700px&#8220; animation_style=&#8220;slide&#8220; animation_direction=&#8220;top&#8220; animation_intensity_slide=&#8220;4%&#8220;]<\/p>\n<p><strong>Wir unterst\u00fctzen ihr Unternehmen in allen Aspekten der Talent-Management Wertsch\u00f6pfung:<\/strong><\/p>\n<p>[\/et_pb_text][et_pb_text _builder_version=&#8220;4.0.6&#8243;]<\/p>\n<ul>\n<li>Talentbedarfsplanung<\/li>\n<li>Employer-Branding<\/li>\n<li>Recruiting Strategie<\/li>\n<li>Recruiting-Prozess<\/li>\n<li>Onboarding<\/li>\n<li>Entwicklung \/ F\u00f6rderung<\/li>\n<li>Exit \/ Nachfolge \/ Alumni<\/li>\n<li>Verg\u00fctungs- und Bonussysteme f\u00fcr Vorst\u00e4nde, Gesch\u00e4ftsf\u00fchrer, F\u00fchrungsnachwuchskr\u00e4fte und Top-Talente<\/li>\n<\/ul>\n<p>[\/et_pb_text][et_pb_divider show_divider=&#8220;off&#8220; _builder_version=&#8220;3.23.4&#8243; max_width=&#8220;60px&#8220; module_alignment=&#8220;left&#8220; height=&#8220;0px&#8220; custom_margin=&#8220;||10px|&#8220; saved_tabs=&#8220;all&#8220; locked=&#8220;off&#8220;][\/et_pb_divider][\/et_pb_column][et_pb_column type=&#8220;1_2&#8243; _builder_version=&#8220;4.0.6&#8243; background_enable_image=&#8220;off&#8220; custom_padding=&#8220;||14px||false|false&#8220; custom_padding__hover=&#8220;|||&#8220;][et_pb_text _builder_version=&#8220;4.0.7&#8243; text_font=&#8220;||||||||&#8220; text_text_color=&#8220;#555555&#8243; text_font_size=&#8220;17px&#8220; text_line_height=&#8220;1.8em&#8220; header_font=&#8220;||||&#8220; background_size=&#8220;initial&#8220; background_position=&#8220;top_left&#8220; background_repeat=&#8220;repeat&#8220; max_width=&#8220;700px&#8220; animation_style=&#8220;slide&#8220; animation_direction=&#8220;top&#8220; animation_intensity_slide=&#8220;4%&#8220;]<\/p>\n<p><strong>Unsere Kompetenzen umfassen mitunter:\u00a0<\/strong><\/p>\n<p>[\/et_pb_text][et_pb_text _builder_version=&#8220;4.0.6&#8243;]<\/p>\n<ul>\n<li>Analyse &amp; Identifikation von Opportunit\u00e4ten<\/li>\n<li>Innovative Konzeptentwicklung<\/li>\n<li>Umsetzungsplanung<\/li>\n<li>Umsetzungsunterst\u00fctzung<\/li>\n<li>Institutionalisierung, Erfolgsmessung (KPI), Monitoring<\/li>\n<\/ul>\n<p>[\/et_pb_text][\/et_pb_column][\/et_pb_row][\/et_pb_section][et_pb_section fb_built=&#8220;1&#8243; _builder_version=&#8220;4.0.6&#8243;][et_pb_row column_structure=&#8220;2_3,1_3&#8243; make_equal=&#8220;on&#8220; _builder_version=&#8220;4.0.6&#8243; background_size=&#8220;initial&#8220; background_position=&#8220;top_left&#8220; background_repeat=&#8220;repeat&#8220; custom_margin=&#8220;|||&#8220; custom_padding=&#8220;|0px||||&#8220; border_width_all=&#8220;10px&#8220; border_color_all=&#8220;#ffffff&#8220; border_width_top=&#8220;0px&#8220; locked=&#8220;off&#8220; max_width__hover_enabled=&#8220;on|hover&#8220;][et_pb_column type=&#8220;2_3&#8243; _builder_version=&#8220;4.0.6&#8243; background_enable_image=&#8220;off&#8220; background_position=&#8220;top_left&#8220; custom_padding=&#8220;40px|||15px&#8220; custom_padding__hover=&#8220;|||&#8220;][et_pb_text _builder_version=&#8220;4.1&#8243; text_font=&#8220;Montserrat||||||||&#8220; text_text_color=&#8220;#555555&#8243; text_font_size=&#8220;17px&#8220; text_line_height=&#8220;1.8em&#8220; header_font=&#8220;||||&#8220; header_3_font=&#8220;|700|||||||&#8220; header_3_font_size=&#8220;34px&#8220; header_4_font=&#8220;Playfair Display||||||||&#8220; header_4_font_size=&#8220;28px&#8220; background_size=&#8220;initial&#8220; background_position=&#8220;top_left&#8220; background_repeat=&#8220;repeat&#8220; max_width=&#8220;700px&#8220; animation_style=&#8220;slide&#8220; animation_direction=&#8220;top&#8220; animation_intensity_slide=&#8220;4%&#8220;]<\/p>\n<h3>Potentialanalysen<\/h3>\n<p>QX setzt h\u00f6chste Anspr\u00fcche an die fundierte und praktisch erprobte Potenzial-Analyse von Top-Manager*innen. Sie profitieren aus der Erfahrung von \u00fcber 70.000 branchen\u00fcbergreifenden Leadership Assessments.<br \/> Unser Ansatz liefert Ihnen handfeste Handlungsempfehlungen und basiert auf Fallstudien, Selbstwahrnehmungs-, verbalen und nonverbalen Tests sowie psychologisch fundierten eignungsdiagnostischen Verfahren mit h\u00f6chster Prognoseg\u00fcte und Praktikabilit\u00e4t.<br \/> Alle Potenzial-Analysen werden von Expert*innen aus F\u00fchrungspositionen unterschiedlichster Branchen durchgef\u00fchrt. Diese kennen die operativen Herausforderungen im heutigen Top-Management aus erster Hand und weisen mehrj\u00e4hrige Erfahrungen auf.<\/p>\n<p>Kontaktieren Sie uns f\u00fcr weitere Referenzen und Fallbeispiele.<\/p>\n<p>[\/et_pb_text][et_pb_button button_url=&#8220;mailto:thomas.fuchs@quarterly-crossing.com&#8220; button_text=&#8220;Jetzt anfragen&#8220; button_alignment=&#8220;center&#8220; _builder_version=&#8220;4.0.6&#8243; custom_button=&#8220;on&#8220; button_text_size=&#8220;15px&#8220; button_text_color=&#8220;#ffffff&#8220; button_bg_color=&#8220;#000000&#8243; button_border_width=&#8220;2px&#8220; button_border_color=&#8220;rgba(0,0,0,0)&#8220; button_border_radius=&#8220;0px&#8220; button_letter_spacing=&#8220;2px&#8220; button_font=&#8220;Montserrat|||on|&#8220; button_use_icon=&#8220;off&#8220; animation_style=&#8220;zoom&#8220; animation_intensity_zoom=&#8220;20%&#8220; box_shadow_style=&#8220;preset1&#8243; button_letter_spacing_hover=&#8220;2px&#8220; button_text_size__hover_enabled=&#8220;off&#8220; button_one_text_size__hover_enabled=&#8220;off&#8220; button_two_text_size__hover_enabled=&#8220;off&#8220; button_text_color__hover_enabled=&#8220;off&#8220; button_one_text_color__hover_enabled=&#8220;off&#8220; button_two_text_color__hover_enabled=&#8220;off&#8220; button_border_width__hover_enabled=&#8220;off&#8220; button_one_border_width__hover_enabled=&#8220;off&#8220; button_two_border_width__hover_enabled=&#8220;off&#8220; button_border_color__hover_enabled=&#8220;off&#8220; button_one_border_color__hover_enabled=&#8220;off&#8220; button_two_border_color__hover_enabled=&#8220;off&#8220; button_border_radius__hover_enabled=&#8220;off&#8220; button_one_border_radius__hover_enabled=&#8220;off&#8220; button_two_border_radius__hover_enabled=&#8220;off&#8220; button_letter_spacing__hover_enabled=&#8220;on&#8220; button_letter_spacing__hover=&#8220;4px&#8220; button_one_letter_spacing__hover_enabled=&#8220;off&#8220; button_two_letter_spacing__hover_enabled=&#8220;off&#8220; button_bg_color__hover_enabled=&#8220;off&#8220; button_one_bg_color__hover_enabled=&#8220;off&#8220; button_two_bg_color__hover_enabled=&#8220;off&#8220;][\/et_pb_button][et_pb_divider show_divider=&#8220;off&#8220; _builder_version=&#8220;3.23.4&#8243; max_width=&#8220;60px&#8220; module_alignment=&#8220;left&#8220; height=&#8220;0px&#8220; custom_margin=&#8220;||10px|&#8220; saved_tabs=&#8220;all&#8220; locked=&#8220;off&#8220;][\/et_pb_divider][\/et_pb_column][et_pb_column type=&#8220;1_3&#8243; _builder_version=&#8220;4.0.6&#8243; background_enable_image=&#8220;off&#8220; background_position=&#8220;top_left&#8220; custom_padding=&#8220;40px|||15px&#8220; custom_padding__hover=&#8220;|||&#8220;][et_pb_image src=&#8220;https:\/\/quarterly-crossing.com\/wp-content\/uploads\/2019\/06\/D4S_1663.jpg&#8220; _builder_version=&#8220;4.0.7&#8243;][\/et_pb_image][et_pb_image src=&#8220;https:\/\/quarterly-crossing.com\/wp-content\/uploads\/2019\/12\/DSC3642-scaled.jpg&#8220; _builder_version=&#8220;4.0.7&#8243;][\/et_pb_image][et_pb_image src=&#8220;https:\/\/quarterly-crossing.com\/wp-content\/uploads\/2019\/12\/DSC3811-scaled.jpg&#8220; _builder_version=&#8220;4.0.7&#8243;][\/et_pb_image][\/et_pb_column][\/et_pb_row][\/et_pb_section]<\/p>","protected":false},"excerpt":{"rendered":"<p>Talent-Management. L\u00f6sungen aus Sicht der Zielgruppe. &nbsp; Im Laufe der Jahre hat sich durch den st\u00e4ndigen Austausch eine Expertise im Bereich des Talent-Managements aufgebaut, die sich durchaus als Unikat bezeichnen l\u00e4sst. Besonders der pers\u00f6nliche Gedanken- und Erfahrungsaustausch mit den absoluten Top-Talenten erm\u00f6glicht es QX-Consulting, eine einmalige Perspektive einzunehmen und Probleme aus der Sicht der F\u00fchrungspers\u00f6nlichkeiten [&hellip;]<\/p>","protected":false},"author":1,"featured_media":0,"parent":0,"menu_order":0,"comment_status":"closed","ping_status":"closed","template":"","meta":{"_et_pb_use_builder":"on","_et_pb_old_content":"<!-- wp:divi\/placeholder \/-->","_et_gb_content_width":""},"_links":{"self":[{"href":"https:\/\/quarterly-crossing.com\/en\/wp-json\/wp\/v2\/pages\/141"}],"collection":[{"href":"https:\/\/quarterly-crossing.com\/en\/wp-json\/wp\/v2\/pages"}],"about":[{"href":"https:\/\/quarterly-crossing.com\/en\/wp-json\/wp\/v2\/types\/page"}],"author":[{"embeddable":true,"href":"https:\/\/quarterly-crossing.com\/en\/wp-json\/wp\/v2\/users\/1"}],"replies":[{"embeddable":true,"href":"https:\/\/quarterly-crossing.com\/en\/wp-json\/wp\/v2\/comments?post=141"}],"version-history":[{"count":0,"href":"https:\/\/quarterly-crossing.com\/en\/wp-json\/wp\/v2\/pages\/141\/revisions"}],"wp:attachment":[{"href":"https:\/\/quarterly-crossing.com\/en\/wp-json\/wp\/v2\/media?parent=141"}],"curies":[{"name":"wp","href":"https:\/\/api.w.org\/{rel}","templated":true}]}}