{"id":130,"date":"2019-06-14T16:28:59","date_gmt":"2019-06-14T14:28:59","guid":{"rendered":"https:\/\/quarterly-crossing.com\/?page_id=130"},"modified":"2021-07-21T13:12:40","modified_gmt":"2021-07-21T11:12:40","slug":"wer-kann-sich-bewerben","status":"publish","type":"page","link":"https:\/\/quarterly-crossing.com\/en\/wer-kann-sich-bewerben\/","title":{"rendered":"Wer kann sich bewerben?"},"content":{"rendered":"<p>[et_pb_section fb_built=&#8220;1&#8243; fullwidth=&#8220;on&#8220; _builder_version=&#8220;3.24&#8243;][et_pb_fullwidth_header title=&#8220;Wer kann sich bewerben?&#8220; background_overlay_color=&#8220;rgba(0,0,0,0.12)&#8220; _builder_version=&#8220;3.24&#8243; title_font=&#8220;Playfair Display||||||||&#8220; title_text_align=&#8220;center&#8220; title_font_size=&#8220;60px&#8220; background_color=&#8220;#ffffff&#8220; background_image=&#8220;https:\/\/quarterly-crossing.com\/wp-content\/uploads\/2019\/06\/082SW.jpg&#8220; min_height=&#8220;292px&#8220;][\/et_pb_fullwidth_header][\/et_pb_section][et_pb_section fb_built=&#8220;1&#8243; _builder_version=&#8220;3.24&#8243;][et_pb_row make_equal=&#8220;on&#8220; _builder_version=&#8220;3.25&#8243; background_size=&#8220;initial&#8220; background_position=&#8220;top_left&#8220; background_repeat=&#8220;repeat&#8220; custom_margin=&#8220;|||&#8220; custom_padding=&#8220;|||&#8220; border_width_all=&#8220;10px&#8220; border_color_all=&#8220;rgba(0,0,0,0)&#8220; column_structure=&#8220;2_5,3_5&#8243;][et_pb_column type=&#8220;2_5&#8243; _builder_version=&#8220;3.25&#8243; background_image=&#8220;https:\/\/quarterly-crossing.com\/wp-content\/uploads\/2019\/06\/053SW.jpg&#8220; background_position=&#8220;top_left&#8220; custom_padding=&#8220;40px|||15px&#8220; custom_css_main_element=&#8220;box-shadow: 0px 2px 18px 0px rgba(0,0,0,0.5);&#8220; custom_padding__hover=&#8220;|||&#8220;][et_pb_divider show_divider=&#8220;off&#8220; _builder_version=&#8220;3.23.4&#8243; max_width=&#8220;60px&#8220; module_alignment=&#8220;left&#8220; height=&#8220;0px&#8220; custom_margin=&#8220;||10px|&#8220; saved_tabs=&#8220;all&#8220; locked=&#8220;off&#8220;][\/et_pb_divider][et_pb_text _builder_version=&#8220;3.27.4&#8243; min_height=&#8220;434px&#8220;][\/et_pb_text][\/et_pb_column][et_pb_column type=&#8220;3_5&#8243; _builder_version=&#8220;3.25&#8243; custom_padding=&#8220;25px||14px|&#8220; custom_padding__hover=&#8220;|||&#8220;][et_pb_text _builder_version=&#8220;3.27.4&#8243; text_font=&#8220;Montserrat||||||||&#8220; text_text_color=&#8220;#555555&#8243; text_font_size=&#8220;17px&#8220; text_line_height=&#8220;1.8em&#8220; header_font=&#8220;||||||||&#8220; header_2_font=&#8220;||||||||&#8220; header_2_font_size=&#8220;35px&#8220; background_size=&#8220;initial&#8220; background_position=&#8220;top_left&#8220; background_repeat=&#8220;repeat&#8220; max_width=&#8220;700px&#8220; animation_style=&#8220;slide&#8220; animation_direction=&#8220;top&#8220; animation_intensity_slide=&#8220;4%&#8220;]<\/p>\n<h2>Wir wollen, dass kein Leadership-Talent unentdeckt bleibt!<\/h2>\n<p>Es gilt, die richtigen Pers\u00f6nlichkeiten mit gro\u00dfem Potenzial f\u00fcr verantwortungsvolle Zukunftsgestaltung zu finden und zusammenzuf\u00fchren!<\/p>\n<p>F\u00fchrungskr\u00e4fte, F\u00fchrungsnachwuchskr\u00e4fte, High-Potentials und engagierte Studierende mit Pers\u00f6nlichkeit k\u00f6nnen sich bewerben.<\/p>\n<p>Die Mitgliedschaft im QX-Netzwerk limitiert und die Aufnahmekriterien entsprechend streng. Neben akademischer und beruflicher, ggf. auch k\u00fcnstlerisch-musischer oder sportlicher Exzellenz, spielt vor allem die Pers\u00f6nlichkeit die zentrale Rolle. So ist uns zum Beispiel die Offenheit und Unkompliziertheit des Austausches, das gemeinsame Lachen \u2013 auch \u00fcber sich selbst \u2013 nicht weniger wichtig als der herausragende Werdegang. Authentizit\u00e4t, Charisma, Kommunikationsst\u00e4rke, aber auch Ecken und Kanten \u2013 einfach das ber\u00fchmte \u201egewisse etwas\u201c \u2013 zeichnet unsere Leadership-Talente aus und genau das ist es, wonach wir im Laufe eines Auswahltages (<a href=\"https:\/\/quarterly-crossing.com\/en\/qx-development-center\/\">QX-Development Center<\/a>) bei den jeweils 10 bis 15 eingeladenen Teilnehmer*innen suchen.<\/p>\n<p>[\/et_pb_text][et_pb_button button_url=&#8220;https:\/\/quarterly-crossing.com\/wie-kann-ich-mich-bewerben&#8220; button_text=&#8220;Jetzt bewerben&#8220; button_alignment=&#8220;center&#8220; _builder_version=&#8220;3.24&#8243; custom_button=&#8220;on&#8220; button_text_size=&#8220;15px&#8220; button_text_color=&#8220;#ffffff&#8220; button_bg_color=&#8220;#000000&#8243; button_border_width=&#8220;2px&#8220; button_border_color=&#8220;rgba(0,0,0,0)&#8220; button_border_radius=&#8220;0px&#8220; button_letter_spacing=&#8220;2px&#8220; button_font=&#8220;Montserrat|||on|&#8220; button_use_icon=&#8220;off&#8220; animation_style=&#8220;zoom&#8220; animation_intensity_zoom=&#8220;20%&#8220; box_shadow_style=&#8220;preset1&#8243; button_letter_spacing_hover=&#8220;2px&#8220; button_text_size__hover_enabled=&#8220;off&#8220; button_one_text_size__hover_enabled=&#8220;off&#8220; button_two_text_size__hover_enabled=&#8220;off&#8220; button_text_color__hover_enabled=&#8220;off&#8220; button_one_text_color__hover_enabled=&#8220;off&#8220; button_two_text_color__hover_enabled=&#8220;off&#8220; button_border_width__hover_enabled=&#8220;off&#8220; button_one_border_width__hover_enabled=&#8220;off&#8220; button_two_border_width__hover_enabled=&#8220;off&#8220; button_border_color__hover_enabled=&#8220;off&#8220; button_one_border_color__hover_enabled=&#8220;off&#8220; button_two_border_color__hover_enabled=&#8220;off&#8220; button_border_radius__hover_enabled=&#8220;off&#8220; button_one_border_radius__hover_enabled=&#8220;off&#8220; button_two_border_radius__hover_enabled=&#8220;off&#8220; button_letter_spacing__hover_enabled=&#8220;on&#8220; button_letter_spacing__hover=&#8220;4px&#8220; button_one_letter_spacing__hover_enabled=&#8220;off&#8220; button_two_letter_spacing__hover_enabled=&#8220;off&#8220; button_bg_color__hover_enabled=&#8220;off&#8220; button_one_bg_color__hover_enabled=&#8220;off&#8220; button_two_bg_color__hover_enabled=&#8220;off&#8220;][\/et_pb_button][\/et_pb_column][\/et_pb_row][\/et_pb_section]<\/p>","protected":false},"excerpt":{"rendered":"<p>Wir wollen, dass kein Leadership-Talent unentdeckt bleibt! Es gilt, die richtigen Pers\u00f6nlichkeiten mit gro\u00dfem Potenzial f\u00fcr verantwortungsvolle Zukunftsgestaltung zu finden und zusammenzuf\u00fchren! F\u00fchrungskr\u00e4fte, F\u00fchrungsnachwuchskr\u00e4fte, High-Potentials und engagierte Studierende mit Pers\u00f6nlichkeit k\u00f6nnen sich bewerben. Die Mitgliedschaft im QX-Netzwerk limitiert und die Aufnahmekriterien entsprechend streng. Neben akademischer und beruflicher, ggf. auch k\u00fcnstlerisch-musischer oder sportlicher Exzellenz, spielt vor [&hellip;]<\/p>","protected":false},"author":1,"featured_media":0,"parent":0,"menu_order":0,"comment_status":"closed","ping_status":"closed","template":"","meta":{"_et_pb_use_builder":"on","_et_pb_old_content":"<!-- wp:divi\/placeholder \/-->","_et_gb_content_width":""},"_links":{"self":[{"href":"https:\/\/quarterly-crossing.com\/en\/wp-json\/wp\/v2\/pages\/130"}],"collection":[{"href":"https:\/\/quarterly-crossing.com\/en\/wp-json\/wp\/v2\/pages"}],"about":[{"href":"https:\/\/quarterly-crossing.com\/en\/wp-json\/wp\/v2\/types\/page"}],"author":[{"embeddable":true,"href":"https:\/\/quarterly-crossing.com\/en\/wp-json\/wp\/v2\/users\/1"}],"replies":[{"embeddable":true,"href":"https:\/\/quarterly-crossing.com\/en\/wp-json\/wp\/v2\/comments?post=130"}],"version-history":[{"count":0,"href":"https:\/\/quarterly-crossing.com\/en\/wp-json\/wp\/v2\/pages\/130\/revisions"}],"wp:attachment":[{"href":"https:\/\/quarterly-crossing.com\/en\/wp-json\/wp\/v2\/media?parent=130"}],"curies":[{"name":"wp","href":"https:\/\/api.w.org\/{rel}","templated":true}]}}