{"id":110,"date":"2019-06-14T16:24:31","date_gmt":"2019-06-14T14:24:31","guid":{"rendered":"https:\/\/quarterly-crossing.com\/?page_id=110"},"modified":"2021-07-21T13:30:17","modified_gmt":"2021-07-21T11:30:17","slug":"wie-qx-funktioniert","status":"publish","type":"page","link":"https:\/\/quarterly-crossing.com\/en\/wie-qx-funktioniert\/","title":{"rendered":"Wie QX funktioniert"},"content":{"rendered":"<p>[et_pb_section fb_built=&#8220;1&#8243; fullwidth=&#8220;on&#8220; _builder_version=&#8220;3.24&#8243;][et_pb_fullwidth_header title=&#8220;Wie QX funktioniert&#8220; background_overlay_color=&#8220;rgba(0,0,0,0.12)&#8220; _builder_version=&#8220;3.24&#8243; title_font=&#8220;Playfair Display||||||||&#8220; title_text_align=&#8220;center&#8220; title_font_size=&#8220;60px&#8220; background_color=&#8220;#ffffff&#8220; background_image=&#8220;https:\/\/quarterly-crossing.com\/wp-content\/uploads\/2019\/06\/082SW.jpg&#8220; min_height=&#8220;292px&#8220;][\/et_pb_fullwidth_header][\/et_pb_section][et_pb_section fb_built=&#8220;1&#8243; _builder_version=&#8220;3.24&#8243;][et_pb_row make_equal=&#8220;on&#8220; _builder_version=&#8220;3.25&#8243; background_size=&#8220;initial&#8220; background_position=&#8220;top_left&#8220; background_repeat=&#8220;repeat&#8220; custom_margin=&#8220;|||&#8220; custom_padding=&#8220;|||&#8220; border_width_all=&#8220;10px&#8220; border_color_all=&#8220;rgba(0,0,0,0)&#8220; column_structure=&#8220;2_5,3_5&#8243;][et_pb_column type=&#8220;2_5&#8243; _builder_version=&#8220;3.25&#8243; background_image=&#8220;https:\/\/quarterly-crossing.com\/wp-content\/uploads\/2019\/06\/053SW.jpg&#8220; background_position=&#8220;top_left&#8220; custom_padding=&#8220;40px|||15px&#8220; custom_css_main_element=&#8220;box-shadow: 0px 2px 18px 0px rgba(0,0,0,0.5);&#8220; custom_padding__hover=&#8220;|||&#8220;][et_pb_divider show_divider=&#8220;off&#8220; _builder_version=&#8220;3.23.4&#8243; max_width=&#8220;60px&#8220; module_alignment=&#8220;left&#8220; height=&#8220;0px&#8220; custom_margin=&#8220;||10px|&#8220; saved_tabs=&#8220;all&#8220; locked=&#8220;off&#8220;][\/et_pb_divider][et_pb_text _builder_version=&#8220;3.27.4&#8243; min_height=&#8220;434px&#8220;][\/et_pb_text][\/et_pb_column][et_pb_column type=&#8220;3_5&#8243; _builder_version=&#8220;3.25&#8243; custom_padding=&#8220;25px||14px|&#8220; custom_padding__hover=&#8220;|||&#8220;][et_pb_text _builder_version=&#8220;3.27.4&#8243; text_font=&#8220;Montserrat||||||||&#8220; text_text_color=&#8220;#555555&#8243; text_font_size=&#8220;17px&#8220; text_line_height=&#8220;1.8em&#8220; header_font=&#8220;||||&#8220; background_size=&#8220;initial&#8220; background_position=&#8220;top_left&#8220; background_repeat=&#8220;repeat&#8220; max_width=&#8220;700px&#8220; animation_style=&#8220;slide&#8220; animation_direction=&#8220;top&#8220; animation_intensity_slide=&#8220;4%&#8220;]<\/p>\n<p>QX\u2013Quarterly Crossing ist ein weltweit einzigartiges Exzellenz-Netzwerk erfahrener und zuk\u00fcnftiger Leader zur gegenseitigen F\u00f6rderung pers\u00f6nlicher und beruflicher Verwirklichung. \u00a0<\/p>\n<p>Wir schreiben den Begriff \u201eNetzwerk\u201c nicht nur drauf sondern leben diesen Gedanken mit allergr\u00f6\u00dfter Leidenschaft und Herzblut. Wir wollen, dass unsere Mitglieder einander gr\u00f6\u00dfer machen. Daher f\u00f6rdern wir unter den mehr als 2000\u00a0handverlesenen Mitgliedern &#8211; von der Studierenden bis zum Vorstand, Unternehmer*in oder Spitzenpers\u00f6nlichkeit in Wirtschaft, Gesellschaft, Kunst, Kultur und Sport \u2013 einen inspirierenden, vertrauensvollen und freundschaftlich-famili\u00e4ren Austausch untereinander.<\/p>\n<p>So machen wir Karrieren erfolgreicher, Unternehmen st\u00e4rker und die Welt vielleicht ein bisschen besser! \u00a0<\/p>\n<p>[\/et_pb_text][\/et_pb_column][\/et_pb_row][et_pb_row make_equal=&#8220;on&#8220; _builder_version=&#8220;3.25&#8243; background_size=&#8220;initial&#8220; background_position=&#8220;top_left&#8220; background_repeat=&#8220;repeat&#8220; custom_margin=&#8220;|||&#8220; custom_padding=&#8220;|||&#8220; border_width_all=&#8220;10px&#8220; border_color_all=&#8220;rgba(0,0,0,0)&#8220; column_structure=&#8220;3_5,2_5&#8243;][et_pb_column type=&#8220;3_5&#8243; _builder_version=&#8220;3.25&#8243; background_position=&#8220;top_left&#8220; custom_padding=&#8220;40px|||15px&#8220; custom_padding__hover=&#8220;|||&#8220;][et_pb_divider show_divider=&#8220;off&#8220; _builder_version=&#8220;3.23.4&#8243; max_width=&#8220;60px&#8220; module_alignment=&#8220;left&#8220; height=&#8220;0px&#8220; custom_margin=&#8220;||10px|&#8220; saved_tabs=&#8220;all&#8220; locked=&#8220;off&#8220;][\/et_pb_divider][et_pb_text _builder_version=&#8220;3.27.4&#8243; text_font=&#8220;Montserrat||||||||&#8220; text_text_color=&#8220;#555555&#8243; text_font_size=&#8220;17px&#8220; text_line_height=&#8220;1.8em&#8220; header_font=&#8220;||||&#8220; background_size=&#8220;initial&#8220; background_position=&#8220;top_left&#8220; background_repeat=&#8220;repeat&#8220; max_width=&#8220;700px&#8220; animation_style=&#8220;slide&#8220; animation_direction=&#8220;top&#8220; animation_intensity_slide=&#8220;4%&#8220;]<\/p>\n<p>Die L\u00f6sungen, die wir dabei anbieten, sind so vielf\u00e4ltig wie die Ziele unserer Mitglieder. Ob Zugang zu au\u00dfergew\u00f6hnlichen Jobs und Karriere-M\u00f6glichkeiten vom Praktikum bis zum Aufsichtsratsmandat. Oder als Unternehmer*in bzw. Manager*in auf der Suche nach Top-Talenten, Kooperationspartner*innen bzw. Investor*innen f\u00fcr einen nachhaltig positiven Einfluss auf die Performance &#8211; und auch umgekehrt. Und wem es nicht nur um wertvolle Business-Kontakte geht, der will sich vielleicht allgemein oder ganz neu orientieren und sucht Sparring. Wiederum andere wollen einfach am Puls der Zeit bleiben bzw. Neues aus erster Hand lernen und in der eigenen Arbeit dadurch kontinuierlich besser werden. Au\u00dferdem immer wieder gefragt sind Coaching, um die eigene Karriere erfolgreicher zu machen, oder Handlungsalternativen bei besonderen Herausforderungen zu erkennen. Oder die Erwartung auf die irgendwann alles entscheidende \u201eeine\u201c Begegnung, die Alles ver\u00e4ndert. Und nicht wenige haben bei QX neue und von besonderer Tiefe gepr\u00e4gte Freundschaften geschlossen, die mitunter ein Leben lang halten.\u00a0\u00a0<\/p>\n<p>[\/et_pb_text][\/et_pb_column][et_pb_column type=&#8220;2_5&#8243; _builder_version=&#8220;3.25&#8243; background_image=&#8220;https:\/\/quarterly-crossing.com\/wp-content\/uploads\/2019\/06\/Technogym-QX-09891.jpg&#8220; custom_padding=&#8220;25px||14px|&#8220; custom_css_main_element=&#8220;box-shadow: 0px 2px 18px 0px rgba(0,0,0,0.5);&#8220; custom_padding__hover=&#8220;|||&#8220;][et_pb_text _builder_version=&#8220;3.27.4&#8243; min_height=&#8220;434px&#8220;][\/et_pb_text][\/et_pb_column][\/et_pb_row][et_pb_row make_equal=&#8220;on&#8220; _builder_version=&#8220;3.25&#8243; background_size=&#8220;initial&#8220; background_position=&#8220;top_left&#8220; background_repeat=&#8220;repeat&#8220; custom_margin=&#8220;|||&#8220; custom_padding=&#8220;|||&#8220; border_width_all=&#8220;10px&#8220; border_color_all=&#8220;rgba(0,0,0,0)&#8220; column_structure=&#8220;2_5,3_5&#8243;][et_pb_column type=&#8220;2_5&#8243; _builder_version=&#8220;3.25&#8243; background_image=&#8220;https:\/\/quarterly-crossing.com\/wp-content\/uploads\/2019\/06\/Technogym-QX-07805.jpg&#8220; custom_padding=&#8220;40px|||15px&#8220; custom_css_main_element=&#8220;box-shadow: 0px 2px 18px 0px rgba(0,0,0,0.5);&#8220; custom_padding__hover=&#8220;|||&#8220;][et_pb_divider show_divider=&#8220;off&#8220; _builder_version=&#8220;3.23.4&#8243; max_width=&#8220;60px&#8220; module_alignment=&#8220;left&#8220; height=&#8220;0px&#8220; custom_margin=&#8220;||10px|&#8220; saved_tabs=&#8220;all&#8220; locked=&#8220;off&#8220;][\/et_pb_divider][et_pb_text _builder_version=&#8220;3.27.4&#8243; min_height=&#8220;434px&#8220;][\/et_pb_text][\/et_pb_column][et_pb_column type=&#8220;3_5&#8243; _builder_version=&#8220;3.25&#8243; custom_padding=&#8220;25px||14px|&#8220; custom_padding__hover=&#8220;|||&#8220;][et_pb_text _builder_version=&#8220;3.27.4&#8243; text_font=&#8220;Montserrat||||||||&#8220; text_text_color=&#8220;#555555&#8243; text_font_size=&#8220;17px&#8220; text_line_height=&#8220;1.8em&#8220; header_font=&#8220;||||&#8220; background_size=&#8220;initial&#8220; background_position=&#8220;top_left&#8220; background_repeat=&#8220;repeat&#8220; max_width=&#8220;700px&#8220; animation_style=&#8220;slide&#8220; animation_direction=&#8220;top&#8220; animation_intensity_slide=&#8220;4%&#8220;]<\/p>\n<p>Diese Ziele erreichen wir \u00fcber zwei verschiedene Wege, die entweder einander erg\u00e4nzen oder ganz unabh\u00e4ngig voneinander beschritten werden k\u00f6nnen. \u00a0<\/p>\n<p>Zum Einen geschieht dies im Rahmen vieler regionaler und \u00fcberregionaler QX-Events und Netzwerk-Formate \u2013 entweder exklusiv f\u00fcr bestimmte Branchen, Funktionen und Seniorit\u00e4ten oder komplett \u00fcbergreifend. Bewusst sowohl im kleinen \u00fcberschaubaren Rahmen als auch als Konferenz mit bis zu 200 Teilnehmer*innen. Mal als Workshop, Think-Tank, Seminar oder auch exklusive au\u00dfergew\u00f6hnliche Erlebnis-Events, die sonst nicht buchbar sind bzw. zu denen man keinen Zugang hat. All diese Formate eint, dass sie sich seit jeher an den gerade relevanten Bed\u00fcrfnissen der QX-ler*innen ausrichten. Und immer bestehend aus einer gelungenen Mischung aus Inhalt und Spa\u00df! Und in gewohnter QX-Manier eher den Charakter eines Klassentreffens als den einer Business-Veranstaltung haben: unverbl\u00fcmt, humorvoll und auf Augenh\u00f6he. Und wie das in einer gro\u00dfen Familie nun mal so ist: \u201eper Du\u201c und namensschildlos! Inspirierend \u2013 Authentisch &#8211; Privat!<\/p>\n<p>Denn der Leitgedanke unseres Handelns gr\u00fcndet auf der \u00dcberzeugung, dass immer dann Innovation und Fortschritt entsteht, wenn die Spannendsten aller Disziplinen in kreativer Atmosph\u00e4re zusammenkommen und dabei ihre individuellen Werte, Erwartungen, Leidenschaften, Erfahrungen, Erfolge wie auch Niederlagen miteinander teilen \u2013 im Bewusstsein f\u00fcr die dr\u00e4ngenden Herausforderungen als auch die gro\u00dfartigen Chancen unserer Zeit.<\/p>\n<p>[\/et_pb_text][\/et_pb_column][\/et_pb_row][et_pb_row make_equal=&#8220;on&#8220; _builder_version=&#8220;3.25&#8243; background_size=&#8220;initial&#8220; background_position=&#8220;top_left&#8220; background_repeat=&#8220;repeat&#8220; custom_margin=&#8220;|||&#8220; custom_padding=&#8220;|||&#8220; border_width_all=&#8220;10px&#8220; border_color_all=&#8220;rgba(0,0,0,0)&#8220; column_structure=&#8220;3_5,2_5&#8243;][et_pb_column type=&#8220;3_5&#8243; _builder_version=&#8220;3.25&#8243; background_position=&#8220;top_left&#8220; custom_padding=&#8220;40px|||15px&#8220; custom_padding__hover=&#8220;|||&#8220;][et_pb_divider show_divider=&#8220;off&#8220; _builder_version=&#8220;3.23.4&#8243; max_width=&#8220;60px&#8220; module_alignment=&#8220;left&#8220; height=&#8220;0px&#8220; custom_margin=&#8220;||10px|&#8220; saved_tabs=&#8220;all&#8220; locked=&#8220;off&#8220;][\/et_pb_divider][et_pb_text _builder_version=&#8220;3.27.4&#8243; text_font=&#8220;Montserrat||||||||&#8220; text_text_color=&#8220;#555555&#8243; text_font_size=&#8220;17px&#8220; text_line_height=&#8220;1.8em&#8220; header_font=&#8220;||||&#8220; background_size=&#8220;initial&#8220; background_position=&#8220;top_left&#8220; background_repeat=&#8220;repeat&#8220; max_width=&#8220;700px&#8220; animation_style=&#8220;slide&#8220; animation_direction=&#8220;top&#8220; animation_intensity_slide=&#8220;4%&#8220;]<\/p>\n<p>Der zweite Weg verl\u00e4uft \u00fcber den eigenen pers\u00f6nlichen Ansprechpartner*innen im F\u00fchrungs-Team von QX, der auch au\u00dferhalb der \u00fcblichen B\u00fcrozeiten stets ein offenes Ohr hat f\u00fcr die individuellen Bed\u00fcrfnisse &#8211; das eigentliche Herzst\u00fcck der QX-Mitgliedschaft. Dieser jederzeit aktivierbare pers\u00f6nliche Kontakt zu einem bekannten Gesicht &#8211; mit der inneren Leidenschaft, Menschen mit ihren individuellen Karriere- und Lebenszielen wahrzunehmen und sie bei der Umsetzung nach Kr\u00e4ften zu unterst\u00fctzen. Durch gezielte Beratung, oder die Vermittlung von direkten Kontakten (Intros on Demand); die Er\u00f6ffnung von Perspektiven und die langfristige Begleitung durch entscheidende Lebensphasen.<\/p>\n<p>[\/et_pb_text][\/et_pb_column][et_pb_column type=&#8220;2_5&#8243; _builder_version=&#8220;3.25&#8243; background_image=&#8220;https:\/\/quarterly-crossing.com\/wp-content\/uploads\/2019\/06\/Technogym-QX-09149.jpg&#8220; custom_padding=&#8220;25px||14px|&#8220; custom_css_main_element=&#8220;box-shadow: 0px 2px 18px 0px rgba(0,0,0,0.5);&#8220; custom_padding__hover=&#8220;|||&#8220;][et_pb_text _builder_version=&#8220;3.27.4&#8243; min_height=&#8220;434px&#8220;][\/et_pb_text][\/et_pb_column][\/et_pb_row][et_pb_row _builder_version=&#8220;3.25&#8243; column_structure=&#8220;1_3,1_3,1_3&#8243;][et_pb_column type=&#8220;1_3&#8243; _builder_version=&#8220;3.25&#8243; custom_padding=&#8220;|||&#8220; custom_padding__hover=&#8220;|||&#8220;][et_pb_blurb title=&#8220;Career Opportunity &#8220; use_icon=&#8220;on&#8220; font_icon=&#8220;%%171%%&#8220; icon_color=&#8220;#000000&#8243; _builder_version=&#8220;3.24&#8243; header_font=&#8220;||||||||&#8220; header_text_align=&#8220;center&#8220;]<\/p>\n<p>Aufgrund der weitreichenden Netztwerks vermitteln wir direkte Kontakte f\u00fcr weiterf\u00fchrende Leadership Karrieren.<\/p>\n<p>[\/et_pb_blurb][\/et_pb_column][et_pb_column type=&#8220;1_3&#8243; _builder_version=&#8220;3.25&#8243; custom_padding=&#8220;|||&#8220; custom_padding__hover=&#8220;|||&#8220;][et_pb_blurb title=&#8220;Investment Opportunity &#8220; use_icon=&#8220;on&#8220; font_icon=&#8220;%%134%%&#8220; icon_color=&#8220;#000000&#8243; _builder_version=&#8220;3.24&#8243; header_font=&#8220;||||||||&#8220; header_text_align=&#8220;center&#8220;]<\/p>\n<p>Neben erfahrenen Investor*innen befinden sich auch junge Unternehmer*innen im QX-Netzwerk. Beide Gruppen verbinden wir zu einer fruchtbaren Gemeinschaft.<\/p>\n<p>[\/et_pb_blurb][\/et_pb_column][et_pb_column type=&#8220;1_3&#8243; _builder_version=&#8220;3.25&#8243; custom_padding=&#8220;|||&#8220; custom_padding__hover=&#8220;|||&#8220;][et_pb_blurb title=&#8220;Cooperation Opportunity &#8220; use_icon=&#8220;on&#8220; font_icon=&#8220;%%171%%&#8220; icon_color=&#8220;#000000&#8243; _builder_version=&#8220;3.24&#8243; header_font=&#8220;||||||||&#8220; header_text_align=&#8220;center&#8220;]<\/p>\n<p>Die Diversit\u00e4t der Mitglieder erm\u00f6glicht es voneinander zu lernen und Projekte zu starten.<\/p>\n<p>[\/et_pb_blurb][\/et_pb_column][\/et_pb_row][et_pb_row _builder_version=&#8220;3.25&#8243; column_structure=&#8220;1_5,3_5,1_5&#8243;][et_pb_column type=&#8220;1_5&#8243; _builder_version=&#8220;3.25&#8243; custom_padding=&#8220;|||&#8220; custom_padding__hover=&#8220;|||&#8220;][\/et_pb_column][et_pb_column type=&#8220;3_5&#8243; _builder_version=&#8220;3.25&#8243; custom_padding=&#8220;|||&#8220; custom_padding__hover=&#8220;|||&#8220;][et_pb_text _builder_version=&#8220;3.27.4&#8243; text_font=&#8220;Montserrat||||||||&#8220; text_text_color=&#8220;#555555&#8243; text_font_size=&#8220;17px&#8220; text_line_height=&#8220;1.8em&#8220; header_font=&#8220;||||&#8220; background_size=&#8220;initial&#8220; background_position=&#8220;top_left&#8220; background_repeat=&#8220;repeat&#8220; max_width=&#8220;700px&#8220; animation_style=&#8220;slide&#8220; animation_direction=&#8220;top&#8220; animation_intensity_slide=&#8220;4%&#8220;]<\/p>\n<p>Wir setzen unser gesamtes Spektrum an Wissen und Erfahrung ein, um unseren Mitgliedern in ihrer Individualit\u00e4t gerecht zu werden. Dabei ist die langfristige Berechtigung der Empfehlung stets wichtiger als der kurzfristige Nutzen \u2013 sie entscheidet dar\u00fcber, ob unsere Begleitung auch nach Jahren noch als echter Mehrwert empfunden wird.<\/p>\n<p>[\/et_pb_text][\/et_pb_column][et_pb_column type=&#8220;1_5&#8243; _builder_version=&#8220;3.25&#8243; custom_padding=&#8220;|||&#8220; custom_padding__hover=&#8220;|||&#8220;][\/et_pb_column][\/et_pb_row][\/et_pb_section]<\/p>","protected":false},"excerpt":{"rendered":"<p>QX\u2013Quarterly Crossing ist ein weltweit einzigartiges Exzellenz-Netzwerk erfahrener und zuk\u00fcnftiger Leader zur gegenseitigen F\u00f6rderung pers\u00f6nlicher und beruflicher Verwirklichung. \u00a0 Wir schreiben den Begriff \u201eNetzwerk\u201c nicht nur drauf sondern leben diesen Gedanken mit allergr\u00f6\u00dfter Leidenschaft und Herzblut. Wir wollen, dass unsere Mitglieder einander gr\u00f6\u00dfer machen. Daher f\u00f6rdern wir unter den mehr als 2000\u00a0handverlesenen Mitgliedern &#8211; von [&hellip;]<\/p>","protected":false},"author":1,"featured_media":0,"parent":0,"menu_order":0,"comment_status":"closed","ping_status":"closed","template":"","meta":{"_et_pb_use_builder":"on","_et_pb_old_content":"<!-- wp:divi\/placeholder \/-->","_et_gb_content_width":""},"_links":{"self":[{"href":"https:\/\/quarterly-crossing.com\/en\/wp-json\/wp\/v2\/pages\/110"}],"collection":[{"href":"https:\/\/quarterly-crossing.com\/en\/wp-json\/wp\/v2\/pages"}],"about":[{"href":"https:\/\/quarterly-crossing.com\/en\/wp-json\/wp\/v2\/types\/page"}],"author":[{"embeddable":true,"href":"https:\/\/quarterly-crossing.com\/en\/wp-json\/wp\/v2\/users\/1"}],"replies":[{"embeddable":true,"href":"https:\/\/quarterly-crossing.com\/en\/wp-json\/wp\/v2\/comments?post=110"}],"version-history":[{"count":0,"href":"https:\/\/quarterly-crossing.com\/en\/wp-json\/wp\/v2\/pages\/110\/revisions"}],"wp:attachment":[{"href":"https:\/\/quarterly-crossing.com\/en\/wp-json\/wp\/v2\/media?parent=110"}],"curies":[{"name":"wp","href":"https:\/\/api.w.org\/{rel}","templated":true}]}}